{"id":7273,"date":"2018-10-29T09:50:56","date_gmt":"2018-10-29T09:50:56","guid":{"rendered":"https:\/\/www.bertschi-cafe.ch\/webseite\/produkt\/kaffee-becher-0-2l\/"},"modified":"2024-03-19T14:47:41","modified_gmt":"2024-03-19T14:47:41","slug":"kaffee-becher-0-2l","status":"publish","type":"product","link":"https:\/\/www.bertschi-cafe.ch\/it\/prodotto\/kaffee-becher-0-2l\/","title":{"rendered":"Kaffee-Becher 0.2l"},"content":{"rendered":"<p><strong>Bertschi Kaffeegenuss auch f\u00fcr unterwegs \u2013 1<\/strong><strong>00% biologisch abbaubar <\/strong><br \/>\nUnsere Bio-Kaffeebecher im sch\u00f6nen Bertschi \u2013 Caf\u00e9 Design verf\u00fcgen \u00fcber eine Innenbeschichtung auf Basis des Bio-Kunststoffes PLA, der umweltfreundlich aus j\u00e4hrlich nachwachsenden Rohstoffen hergestellt wird. Die zylinder\u00e4hnliche Form passt in jede Hand und erh\u00f6ht den Tragekomfort.<\/p>\n<p><strong>Menge<\/strong><br \/>\n50 St\u00fcck<\/p>\n<p><strong>Inhalt<\/strong><br \/>\n0.2 l<\/p>\n<p><strong>Farbe<\/strong><br \/>\ngr\u00fcn mit Bertschi-Caf\u00e9 Design<\/p>\n<p><strong>Bemerkung<\/strong><br \/>\n100% biologisch abbaubar<\/p>\n","protected":false},"excerpt":{"rendered":"<p>Bertschi Kaffeegenuss auch f\u00fcr unterwegs \u2013 100% biologisch abbaubar Unsere Bio-Kaffeebecher im sch\u00f6nen Bertschi \u2013 Caf\u00e9 Design verf\u00fcgen \u00fcber eine Innenbeschichtung auf Basis des Bio-Kunststoffes PLA, der umweltfreundlich aus j\u00e4hrlich nachwachsenden Rohstoffen hergestellt wird. Die zylinder\u00e4hnliche Form passt in jede Hand und erh\u00f6ht den Tragekomfort. Menge 50 St\u00fcck Inhalt 0.2 l Farbe gr\u00fcn mit Bertschi-Caf\u00e9 [&hellip;]<\/p>\n","protected":false},"featured_media":4629,"template":"","meta":{"_acf_changed":false,"_coblocks_attr":"","_coblocks_dimensions":"","_coblocks_responsive_height":"","_coblocks_accordion_ie_support":"","inline_featured_image":false,"_monsterinsights_skip_tracking":false,"_monsterinsights_sitenote_active":false,"_monsterinsights_sitenote_note":"","_monsterinsights_sitenote_category":0},"product_brand":[],"product_cat":[115],"product_tag":[],"class_list":{"0":"post-7273","1":"product","2":"type-product","3":"status-publish","4":"has-post-thumbnail","6":"product_cat-zubehoer","8":"first","9":"instock","10":"taxable","11":"shipping-taxable","12":"purchasable","13":"product-type-simple"},"acf":[],"aioseo_notices":[],"_links":{"self":[{"href":"https:\/\/www.bertschi-cafe.ch\/it\/wp-json\/wp\/v2\/product\/7273","targetHints":{"allow":["GET"]}}],"collection":[{"href":"https:\/\/www.bertschi-cafe.ch\/it\/wp-json\/wp\/v2\/product"}],"about":[{"href":"https:\/\/www.bertschi-cafe.ch\/it\/wp-json\/wp\/v2\/types\/product"}],"wp:featuredmedia":[{"embeddable":true,"href":"https:\/\/www.bertschi-cafe.ch\/it\/wp-json\/wp\/v2\/media\/4629"}],"wp:attachment":[{"href":"https:\/\/www.bertschi-cafe.ch\/it\/wp-json\/wp\/v2\/media?parent=7273"}],"wp:term":[{"taxonomy":"product_brand","embeddable":true,"href":"https:\/\/www.bertschi-cafe.ch\/it\/wp-json\/wp\/v2\/product_brand?post=7273"},{"taxonomy":"product_cat","embeddable":true,"href":"https:\/\/www.bertschi-cafe.ch\/it\/wp-json\/wp\/v2\/product_cat?post=7273"},{"taxonomy":"product_tag","embeddable":true,"href":"https:\/\/www.bertschi-cafe.ch\/it\/wp-json\/wp\/v2\/product_tag?post=7273"}],"curies":[{"name":"wp","href":"https:\/\/api.w.org\/{rel}","templated":true}]}}