{"id":31066,"date":"2024-09-21T16:44:14","date_gmt":"2024-09-21T16:44:14","guid":{"rendered":"https:\/\/www.bertschi-cafe.ch\/?post_type=product&#038;p=31066"},"modified":"2026-01-29T11:47:31","modified_gmt":"2026-01-29T09:47:31","slug":"ueberraschungs-kaffeeset-limitierte-edition","status":"publish","type":"product","link":"https:\/\/www.bertschi-cafe.ch\/it\/prodotto\/ueberraschungs-kaffeeset-limitierte-edition\/","title":{"rendered":"Exklusives \u00dcberraschungs-Kaffee-Set \u2013 Limitierte Edition"},"content":{"rendered":"<p><strong>Produktbeschreibung:<\/strong><\/p>\n<p>Entdecken Sie das Geheimnis unseres exklusiven \u00dcberraschungs-Kaffeesets und lassen Sie sich von einer vielf\u00e4ltigen Auswahl an einzigartigen Kaffeespezialit\u00e4ten verzaubern! Jedes Set enth\u00e4lt 7 handverlesene Pakete \u00e0 500g Bohnenkaffee, die Sie auf eine aromatische Weltreise von hellen bis zu dunklen R\u00f6stungen f\u00fchren. Mit dabei sind sowohl Bio-zertifizierte Bohnen mit dem Euro Bio und Demeter Label als auch eine Spezialmischung aus den exklusivsten Kaffeebohnen der Welt, die sonst nirgendwo in unserem Sortiment zu finden sind. Diese Rarit\u00e4ten sind nicht einzeln im Shop erh\u00e4ltlich und bieten ein unvergleichliches Geschmackserlebnis.<\/p>\n<p><strong>Was erwartet Sie?<\/strong><\/p>\n<ul>\n<li><strong>Bio-Vielfalt<\/strong>: Geniessen Sie Kaffeebohnen, die nach strengsten Bio- und Demeter-Standards angebaut wurden.<\/li>\n<li><strong>R\u00f6stungen<\/strong>: Eine Bandbreite von R\u00f6stungen, von hell bis dunkel, sorgt f\u00fcr abwechslungsreichen Genuss.<\/li>\n<li><strong>Spezialmischung<\/strong>: Ein exklusives Highlight ist unsere Spezialmischung, die nur in diesem Set verf\u00fcgbar ist und zu den edelsten der Welt z\u00e4hlt.<\/li>\n<\/ul>\n<p>Mit einem Gesamtwert von \u00fcber 80 Franken bietet dieses Set nicht nur herausragende Qualit\u00e4t, sondern auch ein \u00fcberraschend gutes Preis-Leistungs-Verh\u00e4ltnis. Ideal f\u00fcr Abenteuerlustige und Kaffeeliebhaber, die das Besondere suchen. Lassen Sie sich \u00fcberraschen und entdecken Sie die Vielfalt und Exklusivit\u00e4t unseres einzigartigen Kaffeeangebots. Perfekt als Geschenk oder um sich selbst zu verw\u00f6hnen!<\/p>\n","protected":false},"excerpt":{"rendered":"<p>Produktbeschreibung: Entdecken Sie das Geheimnis unseres exklusiven \u00dcberraschungs-Kaffeesets und lassen Sie sich von einer vielf\u00e4ltigen Auswahl an einzigartigen Kaffeespezialit\u00e4ten verzaubern! Jedes Set enth\u00e4lt 7 handverlesene Pakete \u00e0 500g Bohnenkaffee, die Sie auf eine aromatische Weltreise von hellen bis zu dunklen R\u00f6stungen f\u00fchren. Mit dabei sind sowohl Bio-zertifizierte Bohnen mit dem Euro Bio und Demeter Label [&hellip;]<\/p>\n","protected":false},"featured_media":23670,"template":"","meta":{"_acf_changed":false,"_coblocks_attr":"","_coblocks_dimensions":"","_coblocks_responsive_height":"","_coblocks_accordion_ie_support":"","inline_featured_image":false,"_monsterinsights_skip_tracking":false,"_monsterinsights_sitenote_active":false,"_monsterinsights_sitenote_note":"","_monsterinsights_sitenote_category":0},"product_brand":[],"product_cat":[46,116],"product_tag":[],"class_list":{"0":"post-31066","1":"product","2":"type-product","3":"status-publish","4":"has-post-thumbnail","6":"product_cat-bohnen","7":"product_cat-geschenk-und-probiersets","9":"first","10":"instock","11":"sale","12":"taxable","13":"shipping-taxable","14":"purchasable","15":"product-type-simple"},"acf":[],"aioseo_notices":[],"_links":{"self":[{"href":"https:\/\/www.bertschi-cafe.ch\/it\/wp-json\/wp\/v2\/product\/31066","targetHints":{"allow":["GET"]}}],"collection":[{"href":"https:\/\/www.bertschi-cafe.ch\/it\/wp-json\/wp\/v2\/product"}],"about":[{"href":"https:\/\/www.bertschi-cafe.ch\/it\/wp-json\/wp\/v2\/types\/product"}],"wp:featuredmedia":[{"embeddable":true,"href":"https:\/\/www.bertschi-cafe.ch\/it\/wp-json\/wp\/v2\/media\/23670"}],"wp:attachment":[{"href":"https:\/\/www.bertschi-cafe.ch\/it\/wp-json\/wp\/v2\/media?parent=31066"}],"wp:term":[{"taxonomy":"product_brand","embeddable":true,"href":"https:\/\/www.bertschi-cafe.ch\/it\/wp-json\/wp\/v2\/product_brand?post=31066"},{"taxonomy":"product_cat","embeddable":true,"href":"https:\/\/www.bertschi-cafe.ch\/it\/wp-json\/wp\/v2\/product_cat?post=31066"},{"taxonomy":"product_tag","embeddable":true,"href":"https:\/\/www.bertschi-cafe.ch\/it\/wp-json\/wp\/v2\/product_tag?post=31066"}],"curies":[{"name":"wp","href":"https:\/\/api.w.org\/{rel}","templated":true}]}}