{"id":20745,"date":"2014-09-19T13:45:00","date_gmt":"2014-09-19T13:45:00","guid":{"rendered":"https:\/\/www.bertschi-cafe.ch\/webseite\/produkt\/cappuccino\/"},"modified":"2014-09-19T13:45:00","modified_gmt":"2014-09-19T13:45:00","slug":"cappuccino","status":"publish","type":"product","link":"https:\/\/www.bertschi-cafe.ch\/it\/prodotto\/cappuccino\/","title":{"rendered":"Cappuccino"},"content":{"rendered":"<p><strong>Miscela<br \/>\n<\/strong>90% Arabica da Centro e Sud America<br \/>\n10% Robusta dall&#8217;Asia<\/p>\n<p><strong>Gusto<br \/>\n<\/strong>Una specialit\u00e0 di caff\u00e8: le tostature chiare e scure vengono miscelate insieme.<\/p>\n<p><strong>Tostatura<br \/>\n<\/strong>Media<\/p>\n<p><strong>Idoneit\u00e0<\/strong><br \/>\nUn caf\u00e9 cr\u00e8me meravigliosamente corposo o un espresso di media intensit\u00e0, mai amaro.<\/p>\n<p><strong>Disponibile<br \/>\n<\/strong>500g di fagioli \/ 1kg di fagioli<\/p>\n","protected":false},"excerpt":{"rendered":"<p>Miscela 90% Arabica da Centro e Sud America 10% Robusta dall&#8217;Asia Gusto Una specialit\u00e0 di caff\u00e8: le tostature chiare e scure vengono miscelate insieme. Tostatura Media Idoneit\u00e0 Un caf\u00e9 cr\u00e8me meravigliosamente corposo o un espresso di media intensit\u00e0, mai amaro. Disponibile 500g di fagioli \/ 1kg di fagioli<\/p>\n","protected":false},"featured_media":18592,"template":"","meta":{"_acf_changed":false,"_coblocks_attr":"","_coblocks_dimensions":"","_coblocks_responsive_height":"","_coblocks_accordion_ie_support":"","inline_featured_image":false,"_monsterinsights_skip_tracking":false,"_monsterinsights_sitenote_active":false,"_monsterinsights_sitenote_note":"","_monsterinsights_sitenote_category":0},"product_brand":[],"product_cat":[161],"product_tag":[],"class_list":{"0":"post-20745","1":"product","2":"type-product","3":"status-publish","4":"has-post-thumbnail","6":"product_cat-bohnen","7":"pa_zubereitung-filter-ganze-bohnen","9":"first","10":"instock","11":"taxable","12":"shipping-taxable","13":"purchasable","14":"product-type-variable","15":"has-default-attributes"},"acf":[],"aioseo_notices":[],"_links":{"self":[{"href":"https:\/\/www.bertschi-cafe.ch\/it\/wp-json\/wp\/v2\/product\/20745","targetHints":{"allow":["GET"]}}],"collection":[{"href":"https:\/\/www.bertschi-cafe.ch\/it\/wp-json\/wp\/v2\/product"}],"about":[{"href":"https:\/\/www.bertschi-cafe.ch\/it\/wp-json\/wp\/v2\/types\/product"}],"wp:featuredmedia":[{"embeddable":true,"href":"https:\/\/www.bertschi-cafe.ch\/it\/wp-json\/wp\/v2\/media\/18592"}],"wp:attachment":[{"href":"https:\/\/www.bertschi-cafe.ch\/it\/wp-json\/wp\/v2\/media?parent=20745"}],"wp:term":[{"taxonomy":"product_brand","embeddable":true,"href":"https:\/\/www.bertschi-cafe.ch\/it\/wp-json\/wp\/v2\/product_brand?post=20745"},{"taxonomy":"product_cat","embeddable":true,"href":"https:\/\/www.bertschi-cafe.ch\/it\/wp-json\/wp\/v2\/product_cat?post=20745"},{"taxonomy":"product_tag","embeddable":true,"href":"https:\/\/www.bertschi-cafe.ch\/it\/wp-json\/wp\/v2\/product_tag?post=20745"}],"curies":[{"name":"wp","href":"https:\/\/api.w.org\/{rel}","templated":true}]}}