{"id":20740,"date":"2016-04-13T10:58:00","date_gmt":"2016-04-13T10:58:00","guid":{"rendered":"https:\/\/www.bertschi-cafe.ch\/webseite\/produkt\/fedar-espresso\/"},"modified":"2016-04-13T10:58:00","modified_gmt":"2016-04-13T10:58:00","slug":"fedar-espresso","status":"publish","type":"product","link":"https:\/\/www.bertschi-cafe.ch\/it\/prodotto\/fedar-espresso\/","title":{"rendered":"Fedar Espresso"},"content":{"rendered":"<p><strong>Miscela<br \/>\n<\/strong>100% Arabica della Colombia<\/p>\n<p><strong>Aroma<br \/>\n<\/strong>Un caff\u00e8 con impegno. Sapore vivace. Retrogusto pieno e piacevole acidit\u00e0.<\/p>\n<p><strong>Tostatura<\/strong><br \/>\nscuro<\/p>\n<p><strong>Idoneit\u00e0<\/strong><br \/>\nCrema di caff\u00e8 ed espresso<\/p>\n<p><strong>Disponibile<\/strong><br \/>\n250 g di fagioli<\/p>\n","protected":false},"excerpt":{"rendered":"<p>Miscela 100% Arabica della Colombia Aroma Un caff\u00e8 con impegno. Sapore vivace. Retrogusto pieno e piacevole acidit\u00e0. Tostatura scuro Idoneit\u00e0 Crema di caff\u00e8 ed espresso Disponibile 250 g di fagioli<\/p>\n","protected":false},"featured_media":18586,"template":"","meta":{"_acf_changed":false,"_coblocks_attr":"","_coblocks_dimensions":"","_coblocks_responsive_height":"","_coblocks_accordion_ie_support":"","inline_featured_image":false,"_monsterinsights_skip_tracking":false,"_monsterinsights_sitenote_active":false,"_monsterinsights_sitenote_note":"","_monsterinsights_sitenote_category":0},"product_brand":[],"product_cat":[161],"product_tag":[],"class_list":{"0":"post-20740","1":"product","2":"type-product","3":"status-publish","4":"has-post-thumbnail","6":"product_cat-bohnen","7":"pa_zubereitung-filter-ganze-bohnen","9":"first","10":"instock","11":"taxable","12":"shipping-taxable","13":"purchasable","14":"product-type-variable","15":"has-default-attributes"},"acf":[],"aioseo_notices":[],"_links":{"self":[{"href":"https:\/\/www.bertschi-cafe.ch\/it\/wp-json\/wp\/v2\/product\/20740","targetHints":{"allow":["GET"]}}],"collection":[{"href":"https:\/\/www.bertschi-cafe.ch\/it\/wp-json\/wp\/v2\/product"}],"about":[{"href":"https:\/\/www.bertschi-cafe.ch\/it\/wp-json\/wp\/v2\/types\/product"}],"wp:featuredmedia":[{"embeddable":true,"href":"https:\/\/www.bertschi-cafe.ch\/it\/wp-json\/wp\/v2\/media\/18586"}],"wp:attachment":[{"href":"https:\/\/www.bertschi-cafe.ch\/it\/wp-json\/wp\/v2\/media?parent=20740"}],"wp:term":[{"taxonomy":"product_brand","embeddable":true,"href":"https:\/\/www.bertschi-cafe.ch\/it\/wp-json\/wp\/v2\/product_brand?post=20740"},{"taxonomy":"product_cat","embeddable":true,"href":"https:\/\/www.bertschi-cafe.ch\/it\/wp-json\/wp\/v2\/product_cat?post=20740"},{"taxonomy":"product_tag","embeddable":true,"href":"https:\/\/www.bertschi-cafe.ch\/it\/wp-json\/wp\/v2\/product_tag?post=20740"}],"curies":[{"name":"wp","href":"https:\/\/api.w.org\/{rel}","templated":true}]}}