{"id":20737,"date":"2018-09-21T08:50:00","date_gmt":"2018-09-21T08:50:00","guid":{"rendered":"https:\/\/www.bertschi-cafe.ch\/webseite\/produkt\/caffe-demeter\/"},"modified":"2018-09-21T08:50:00","modified_gmt":"2018-09-21T08:50:00","slug":"caffe-demeter","status":"publish","type":"product","link":"https:\/\/www.bertschi-cafe.ch\/it\/prodotto\/caffe-demeter\/","title":{"rendered":"Caff\u00e8 Demeter"},"content":{"rendered":"<p><strong>Miscela<\/strong><br \/>\n100% Arabica dal Brasile<\/p>\n<p><strong>Gusto<br \/>\n<\/strong>Un caff\u00e8 biologico Demeter meravigliosamente delicato e dolce con un aroma leggermente floreale, che ricorda il caramello nel retrogusto. Questo aromatico caff\u00e8 biologico Demeter \u00e8 stato tostato lentamente e delicatamente ed \u00e8 particolarmente digeribile.<\/p>\n<p><strong>Tostatura<\/strong><b><br \/>\n<\/b>luminoso<\/p>\n<p><strong>Idoneit\u00e0<\/strong><br \/>\nCrema di caff\u00e8, espresso e latte macchiatto<\/p>\n<p><strong>Disponibile<\/strong><br \/>\n250 g di fagioli \/ 500 g di fagioli<\/p>\n<p><strong>Certificazione<\/strong><br \/>\nDemetra<\/p>\n","protected":false},"excerpt":{"rendered":"<p>Miscela 100% Arabica dal Brasile Gusto Un caff\u00e8 biologico Demeter meravigliosamente delicato e dolce con un aroma leggermente floreale, che ricorda il caramello nel retrogusto. Questo aromatico caff\u00e8 biologico Demeter \u00e8 stato tostato lentamente e delicatamente ed \u00e8 particolarmente digeribile. Tostatura luminoso Idoneit\u00e0 Crema di caff\u00e8, espresso e latte macchiatto Disponibile 250 g di fagioli [&hellip;]<\/p>\n","protected":false},"featured_media":18552,"template":"","meta":{"_acf_changed":false,"_coblocks_attr":"","_coblocks_dimensions":"","_coblocks_responsive_height":"","_coblocks_accordion_ie_support":"","inline_featured_image":false,"_monsterinsights_skip_tracking":false,"_monsterinsights_sitenote_active":false,"_monsterinsights_sitenote_note":"","_monsterinsights_sitenote_category":0},"product_brand":[],"product_cat":[161],"product_tag":[],"class_list":{"0":"post-20737","1":"product","2":"type-product","3":"status-publish","4":"has-post-thumbnail","6":"product_cat-bohnen","7":"pa_zubereitung-filter-ganze-bohnen","9":"first","10":"instock","11":"taxable","12":"shipping-taxable","13":"purchasable","14":"product-type-variable","15":"has-default-attributes"},"acf":[],"aioseo_notices":[],"_links":{"self":[{"href":"https:\/\/www.bertschi-cafe.ch\/it\/wp-json\/wp\/v2\/product\/20737","targetHints":{"allow":["GET"]}}],"collection":[{"href":"https:\/\/www.bertschi-cafe.ch\/it\/wp-json\/wp\/v2\/product"}],"about":[{"href":"https:\/\/www.bertschi-cafe.ch\/it\/wp-json\/wp\/v2\/types\/product"}],"wp:featuredmedia":[{"embeddable":true,"href":"https:\/\/www.bertschi-cafe.ch\/it\/wp-json\/wp\/v2\/media\/18552"}],"wp:attachment":[{"href":"https:\/\/www.bertschi-cafe.ch\/it\/wp-json\/wp\/v2\/media?parent=20737"}],"wp:term":[{"taxonomy":"product_brand","embeddable":true,"href":"https:\/\/www.bertschi-cafe.ch\/it\/wp-json\/wp\/v2\/product_brand?post=20737"},{"taxonomy":"product_cat","embeddable":true,"href":"https:\/\/www.bertschi-cafe.ch\/it\/wp-json\/wp\/v2\/product_cat?post=20737"},{"taxonomy":"product_tag","embeddable":true,"href":"https:\/\/www.bertschi-cafe.ch\/it\/wp-json\/wp\/v2\/product_tag?post=20737"}],"curies":[{"name":"wp","href":"https:\/\/api.w.org\/{rel}","templated":true}]}}