{"id":20727,"date":"2019-08-08T08:39:58","date_gmt":"2019-08-08T08:39:58","guid":{"rendered":"https:\/\/www.bertschi-cafe.ch\/webseite\/produkt\/tazze-da-caffe-espresso-set-da-6\/"},"modified":"2019-08-08T08:39:58","modified_gmt":"2019-08-08T08:39:58","slug":"tazze-da-caffe-espresso-set-da-6","status":"publish","type":"product","link":"https:\/\/www.bertschi-cafe.ch\/it\/prodotto\/tazze-da-caffe-espresso-set-da-6\/","title":{"rendered":"Tazze da caff\u00e8 espresso (set da 6)"},"content":{"rendered":"<p>Sei tazze da espresso classiche con piattini coordinati, nel tipico look da caff\u00e8 Bertschi. 6 tazze, con piattini, in look Bertschi Caf\u00e9.<\/p>\n<p><strong>Quantit\u00e0<\/strong><br \/>\nSet di 6<\/p>\n<p><strong>Contenuti<\/strong><br \/>\n30 ml a max. 50 ml<\/p>\n<p><strong>Colore<\/strong><br \/>\nBianco<\/p>\n<p><strong>Osservazione<\/strong><br \/>\nAdatto per lavastoviglie<\/p>\n","protected":false},"excerpt":{"rendered":"<p>Sei tazze da espresso classiche con piattini coordinati, nel tipico look da caff\u00e8 Bertschi. 6 tazze, con piattini, in look Bertschi Caf\u00e9. Quantit\u00e0 Set di 6 Contenuti 30 ml a max. 50 ml Colore Bianco Osservazione Adatto per lavastoviglie<\/p>\n","protected":false},"featured_media":19768,"template":"","meta":{"_acf_changed":false,"_coblocks_attr":"","_coblocks_dimensions":"","_coblocks_responsive_height":"","_coblocks_accordion_ie_support":"","inline_featured_image":false,"_monsterinsights_skip_tracking":false,"_monsterinsights_sitenote_active":false,"_monsterinsights_sitenote_note":"","_monsterinsights_sitenote_category":0},"product_brand":[],"product_cat":[165],"product_tag":[],"class_list":{"0":"post-20727","1":"product","2":"type-product","3":"status-publish","4":"has-post-thumbnail","6":"product_cat-zubehoer","8":"first","9":"instock","10":"taxable","11":"shipping-taxable","12":"purchasable","13":"product-type-simple"},"acf":[],"aioseo_notices":[],"_links":{"self":[{"href":"https:\/\/www.bertschi-cafe.ch\/it\/wp-json\/wp\/v2\/product\/20727","targetHints":{"allow":["GET"]}}],"collection":[{"href":"https:\/\/www.bertschi-cafe.ch\/it\/wp-json\/wp\/v2\/product"}],"about":[{"href":"https:\/\/www.bertschi-cafe.ch\/it\/wp-json\/wp\/v2\/types\/product"}],"wp:featuredmedia":[{"embeddable":true,"href":"https:\/\/www.bertschi-cafe.ch\/it\/wp-json\/wp\/v2\/media\/19768"}],"wp:attachment":[{"href":"https:\/\/www.bertschi-cafe.ch\/it\/wp-json\/wp\/v2\/media?parent=20727"}],"wp:term":[{"taxonomy":"product_brand","embeddable":true,"href":"https:\/\/www.bertschi-cafe.ch\/it\/wp-json\/wp\/v2\/product_brand?post=20727"},{"taxonomy":"product_cat","embeddable":true,"href":"https:\/\/www.bertschi-cafe.ch\/it\/wp-json\/wp\/v2\/product_cat?post=20727"},{"taxonomy":"product_tag","embeddable":true,"href":"https:\/\/www.bertschi-cafe.ch\/it\/wp-json\/wp\/v2\/product_tag?post=20727"}],"curies":[{"name":"wp","href":"https:\/\/api.w.org\/{rel}","templated":true}]}}