{"id":20724,"date":"2020-04-15T10:05:00","date_gmt":"2020-04-15T10:05:00","guid":{"rendered":"https:\/\/www.bertschi-cafe.ch\/webseite\/produkt\/helvetas-classico\/"},"modified":"2024-02-27T18:54:54","modified_gmt":"2024-02-27T18:54:54","slug":"helvetas-classico","status":"publish","type":"product","link":"https:\/\/www.bertschi-cafe.ch\/it\/prodotto\/helvetas-classico\/","title":{"rendered":"Helvetas Classico"},"content":{"rendered":"<p><strong>Miscela<br \/>\n<\/strong>Squisito caff\u00e8 100% arabica dal Messico e dall&#8217;Africa<\/p>\n<p><strong>Aroma<br \/>\n<\/strong>Miscela equilibrata. Sapore pieno con fini sfumature fruttate e di nocciola. Bassa acidit\u00e0.<\/p>\n<p><strong>Tostatura<\/strong><br \/>\nMedio<\/p>\n<p><strong>Idoneit\u00e0<\/strong><br \/>\nper un classico caf\u00e9 cr\u00e8me o caffellatte<\/p>\n<p><strong>Disponibile<\/strong><br \/>\n500 g di fagioli e macinati<\/p>\n<p><strong>In particolare<\/strong><br \/>\nPreziosi caff\u00e8 provenienti da cooperative di piccoli coltivatori e frutto di un progetto Helvetas.<\/p>\n","protected":false},"excerpt":{"rendered":"<p>Miscela Squisito caff\u00e8 100% arabica dal Messico e dall&#8217;Africa Aroma Miscela equilibrata. Sapore pieno con fini sfumature fruttate e di nocciola. Bassa acidit\u00e0. Tostatura Medio Idoneit\u00e0 per un classico caf\u00e9 cr\u00e8me o caffellatte Disponibile 500 g di fagioli e macinati In particolare Preziosi caff\u00e8 provenienti da cooperative di piccoli coltivatori e frutto di un progetto [&hellip;]<\/p>\n","protected":false},"featured_media":18610,"template":"","meta":{"_acf_changed":false,"_coblocks_attr":"","_coblocks_dimensions":"","_coblocks_responsive_height":"","_coblocks_accordion_ie_support":"","inline_featured_image":false,"_monsterinsights_skip_tracking":false,"_monsterinsights_sitenote_active":false,"_monsterinsights_sitenote_note":"","_monsterinsights_sitenote_category":0},"product_brand":[],"product_cat":[161,162],"product_tag":[],"class_list":{"0":"post-20724","1":"product","2":"type-product","3":"status-publish","4":"has-post-thumbnail","6":"product_cat-bohnen","7":"product_cat-gemahlen","8":"pa_zubereitung-filter-ganze-bohnen","9":"pa_zubereitung-filter-gemahlen","11":"first","12":"instock","13":"taxable","14":"shipping-taxable","15":"purchasable","16":"product-type-variable","17":"has-default-attributes"},"acf":[],"aioseo_notices":[],"_links":{"self":[{"href":"https:\/\/www.bertschi-cafe.ch\/it\/wp-json\/wp\/v2\/product\/20724","targetHints":{"allow":["GET"]}}],"collection":[{"href":"https:\/\/www.bertschi-cafe.ch\/it\/wp-json\/wp\/v2\/product"}],"about":[{"href":"https:\/\/www.bertschi-cafe.ch\/it\/wp-json\/wp\/v2\/types\/product"}],"wp:featuredmedia":[{"embeddable":true,"href":"https:\/\/www.bertschi-cafe.ch\/it\/wp-json\/wp\/v2\/media\/18610"}],"wp:attachment":[{"href":"https:\/\/www.bertschi-cafe.ch\/it\/wp-json\/wp\/v2\/media?parent=20724"}],"wp:term":[{"taxonomy":"product_brand","embeddable":true,"href":"https:\/\/www.bertschi-cafe.ch\/it\/wp-json\/wp\/v2\/product_brand?post=20724"},{"taxonomy":"product_cat","embeddable":true,"href":"https:\/\/www.bertschi-cafe.ch\/it\/wp-json\/wp\/v2\/product_cat?post=20724"},{"taxonomy":"product_tag","embeddable":true,"href":"https:\/\/www.bertschi-cafe.ch\/it\/wp-json\/wp\/v2\/product_tag?post=20724"}],"curies":[{"name":"wp","href":"https:\/\/api.w.org\/{rel}","templated":true}]}}