{"id":20714,"date":"2020-06-21T21:13:55","date_gmt":"2020-06-21T21:13:55","guid":{"rendered":"https:\/\/www.bertschi-cafe.ch\/webseite\/produkt\/set-di-caffe-biologico\/"},"modified":"2020-06-21T21:13:55","modified_gmt":"2020-06-21T21:13:55","slug":"set-di-caffe-biologico","status":"publish","type":"product","link":"https:\/\/www.bertschi-cafe.ch\/it\/prodotto\/set-di-caffe-biologico\/","title":{"rendered":"Set di caff\u00e8 biologico"},"content":{"rendered":"<p><strong>Il set di caff\u00e8 biologico contiene i seguenti caff\u00e8:<\/strong><\/p>\n<ul>\n<li>Caff\u00e8 Bravo Bud biologico tostato chiaro<\/li>\n<li>Caff\u00e8 Bravo Bud biologico a tostatura media<\/li>\n<li>Espresso biologico Bravo Bud<\/li>\n<li>Euro Organic Bravo Coffee tostatura chiara<\/li>\n<li>Euro Organic Bravo Coffee tostatura media<\/li>\n<li>Euro Bio Bravo Espresso<\/li>\n<li>2 tazze da caff\u00e8 con piatto<\/li>\n<\/ul>\n<p>&nbsp;<\/p>\n<p><strong>Miscela<\/strong><br \/>\nvari<\/p>\n<p><strong>Il sapore<\/strong><br \/>\nvari<\/p>\n<p><strong>Tostatura<\/strong><br \/>\nchiaro, medio e scuro<\/p>\n<p><strong>Disponibile<\/strong><br \/>\nConfezione da 500 g di fagioli<\/p>\n<p><strong>Certificazione<\/strong><br \/>\nBio Bud, Euro Bio e Fairtrade Max Havelaar<\/p>\n","protected":false},"excerpt":{"rendered":"<p>Il set di caff\u00e8 biologico contiene i seguenti caff\u00e8: Caff\u00e8 Bravo Bud biologico tostato chiaro Caff\u00e8 Bravo Bud biologico a tostatura media Espresso biologico Bravo Bud Euro Organic Bravo Coffee tostatura chiara Euro Organic Bravo Coffee tostatura media Euro Bio Bravo Espresso 2 tazze da caff\u00e8 con piatto &nbsp; Miscela vari Il sapore vari Tostatura [&hellip;]<\/p>\n","protected":false},"featured_media":19380,"template":"","meta":{"_acf_changed":false,"_coblocks_attr":"","_coblocks_dimensions":"","_coblocks_responsive_height":"","_coblocks_accordion_ie_support":"","inline_featured_image":false,"_monsterinsights_skip_tracking":false,"_monsterinsights_sitenote_active":false,"_monsterinsights_sitenote_note":"","_monsterinsights_sitenote_category":0},"product_brand":[],"product_cat":[153],"product_tag":[],"class_list":{"0":"post-20714","1":"product","2":"type-product","3":"status-publish","4":"has-post-thumbnail","6":"product_cat-geschenk-und-probiersets","8":"first","9":"instock","10":"sale","11":"taxable","12":"shipping-taxable","13":"purchasable","14":"product-type-variable"},"acf":[],"aioseo_notices":[],"_links":{"self":[{"href":"https:\/\/www.bertschi-cafe.ch\/it\/wp-json\/wp\/v2\/product\/20714","targetHints":{"allow":["GET"]}}],"collection":[{"href":"https:\/\/www.bertschi-cafe.ch\/it\/wp-json\/wp\/v2\/product"}],"about":[{"href":"https:\/\/www.bertschi-cafe.ch\/it\/wp-json\/wp\/v2\/types\/product"}],"wp:featuredmedia":[{"embeddable":true,"href":"https:\/\/www.bertschi-cafe.ch\/it\/wp-json\/wp\/v2\/media\/19380"}],"wp:attachment":[{"href":"https:\/\/www.bertschi-cafe.ch\/it\/wp-json\/wp\/v2\/media?parent=20714"}],"wp:term":[{"taxonomy":"product_brand","embeddable":true,"href":"https:\/\/www.bertschi-cafe.ch\/it\/wp-json\/wp\/v2\/product_brand?post=20714"},{"taxonomy":"product_cat","embeddable":true,"href":"https:\/\/www.bertschi-cafe.ch\/it\/wp-json\/wp\/v2\/product_cat?post=20714"},{"taxonomy":"product_tag","embeddable":true,"href":"https:\/\/www.bertschi-cafe.ch\/it\/wp-json\/wp\/v2\/product_tag?post=20714"}],"curies":[{"name":"wp","href":"https:\/\/api.w.org\/{rel}","templated":true}]}}