{"id":20713,"date":"2020-06-21T21:29:26","date_gmt":"2020-06-21T21:29:26","guid":{"rendered":"https:\/\/www.bertschi-cafe.ch\/webseite\/produkt\/set-da-caffe-equo-e-solidale\/"},"modified":"2020-06-21T21:29:26","modified_gmt":"2020-06-21T21:29:26","slug":"set-da-caffe-equo-e-solidale","status":"publish","type":"product","link":"https:\/\/www.bertschi-cafe.ch\/it\/prodotto\/set-da-caffe-equo-e-solidale\/","title":{"rendered":"Set da caff\u00e8 equo e solidale"},"content":{"rendered":"<p><strong>Il set di caff\u00e8 Fairtrade contiene i seguenti caff\u00e8:<\/strong><\/p>\n<ul>\n<li>Sombrero Fairtrade Classico tostatura chiara<\/li>\n<li>Sombrero Fairtrade Classico tostatura media<\/li>\n<li>Espresso equo e solidale Sombrero<\/li>\n<li>Amante del sombrero latino<\/li>\n<li>Espresso Max Havelaar<\/li>\n<li>Helvetas Classico<\/li>\n<li>2 tazze da caff\u00e8 con piatto<\/li>\n<\/ul>\n<p>&nbsp;<\/p>\n<p><strong>Miscela<\/strong><br \/>\nvari<\/p>\n<p><strong>Il sapore<\/strong><br \/>\nvari<\/p>\n<p><strong>Tostatura<\/strong><br \/>\nchiaro, medio e scuro<\/p>\n<p><strong>Disponibile<\/strong><br \/>\nConfezione da 500 g di fagioli<\/p>\n<p><strong>Certificazione<\/strong><br \/>\nCommercio equo e solidale Max Havelaar<\/p>\n","protected":false},"excerpt":{"rendered":"<p>Il set di caff\u00e8 Fairtrade contiene i seguenti caff\u00e8: Sombrero Fairtrade Classico tostatura chiara Sombrero Fairtrade Classico tostatura media Espresso equo e solidale Sombrero Amante del sombrero latino Espresso Max Havelaar Helvetas Classico 2 tazze da caff\u00e8 con piatto &nbsp; Miscela vari Il sapore vari Tostatura chiaro, medio e scuro Disponibile Confezione da 500 g [&hellip;]<\/p>\n","protected":false},"featured_media":19792,"template":"","meta":{"_acf_changed":false,"_coblocks_attr":"","_coblocks_dimensions":"","_coblocks_responsive_height":"","_coblocks_accordion_ie_support":"","inline_featured_image":false,"_monsterinsights_skip_tracking":false,"_monsterinsights_sitenote_active":false,"_monsterinsights_sitenote_note":"","_monsterinsights_sitenote_category":0},"product_brand":[],"product_cat":[153],"product_tag":[],"class_list":{"0":"post-20713","1":"product","2":"type-product","3":"status-publish","4":"has-post-thumbnail","6":"product_cat-geschenk-und-probiersets","8":"first","9":"instock","10":"sale","11":"taxable","12":"shipping-taxable","13":"purchasable","14":"product-type-simple"},"acf":[],"aioseo_notices":[],"_links":{"self":[{"href":"https:\/\/www.bertschi-cafe.ch\/it\/wp-json\/wp\/v2\/product\/20713","targetHints":{"allow":["GET"]}}],"collection":[{"href":"https:\/\/www.bertschi-cafe.ch\/it\/wp-json\/wp\/v2\/product"}],"about":[{"href":"https:\/\/www.bertschi-cafe.ch\/it\/wp-json\/wp\/v2\/types\/product"}],"wp:featuredmedia":[{"embeddable":true,"href":"https:\/\/www.bertschi-cafe.ch\/it\/wp-json\/wp\/v2\/media\/19792"}],"wp:attachment":[{"href":"https:\/\/www.bertschi-cafe.ch\/it\/wp-json\/wp\/v2\/media?parent=20713"}],"wp:term":[{"taxonomy":"product_brand","embeddable":true,"href":"https:\/\/www.bertschi-cafe.ch\/it\/wp-json\/wp\/v2\/product_brand?post=20713"},{"taxonomy":"product_cat","embeddable":true,"href":"https:\/\/www.bertschi-cafe.ch\/it\/wp-json\/wp\/v2\/product_cat?post=20713"},{"taxonomy":"product_tag","embeddable":true,"href":"https:\/\/www.bertschi-cafe.ch\/it\/wp-json\/wp\/v2\/product_tag?post=20713"}],"curies":[{"name":"wp","href":"https:\/\/api.w.org\/{rel}","templated":true}]}}