{"id":20709,"date":"2020-06-21T21:43:00","date_gmt":"2020-06-21T21:43:00","guid":{"rendered":"https:\/\/www.bertschi-cafe.ch\/webseite\/produkt\/caffe-stagionale-invernale\/"},"modified":"2020-06-21T21:43:00","modified_gmt":"2020-06-21T21:43:00","slug":"caffe-stagionale-invernale","status":"publish","type":"product","link":"https:\/\/www.bertschi-cafe.ch\/it\/prodotto\/caffe-stagionale-invernale\/","title":{"rendered":"Caff\u00e8 stagionale invernale"},"content":{"rendered":"<p><strong>Miscela<br \/>\n<\/strong><\/p>\n<p>80% di chicchi di Arabica provenienti dall&#8217;America centrale e meridionale<\/p>\n<p>20% di chicchi di Robusta provenienti dall&#8217;Asia<\/p>\n<p><strong>Il sapore<br \/>\n<\/strong><\/p>\n<p>Il nostro caff\u00e8 invernale \u00e8 una miscela forte e corposa dei migliori chicchi di arabica del Sud America e di robusta dell&#8217;Asia. Concedetevi un caff\u00e8 al gusto di noci e cioccolato durante i freddi mesi invernali. La miscela \u00e8 delicata per lo stomaco e ha un&#8217;acidit\u00e0 minima.<\/p>\n<p><strong>Tostatura<\/strong><\/p>\n<p>arrosto forte<\/p>\n<p><strong>Idoneit\u00e0<\/strong><\/p>\n<p>Per un caff\u00e8 o un caffellatte forte. Come espresso forte &#8220;Tipo Milano&#8221;.<\/p>\n<p><strong>Disponibile<\/strong><br \/>\n500 g di fagioli e macinati<\/p>\n","protected":false},"excerpt":{"rendered":"<p>Miscela 80% di chicchi di Arabica provenienti dall&#8217;America centrale e meridionale 20% di chicchi di Robusta provenienti dall&#8217;Asia Il sapore Il nostro caff\u00e8 invernale \u00e8 una miscela forte e corposa dei migliori chicchi di arabica del Sud America e di robusta dell&#8217;Asia. Concedetevi un caff\u00e8 al gusto di noci e cioccolato durante i freddi mesi [&hellip;]<\/p>\n","protected":false},"featured_media":31194,"template":"","meta":{"_acf_changed":false,"_coblocks_attr":"","_coblocks_dimensions":"","_coblocks_responsive_height":"","_coblocks_accordion_ie_support":"","inline_featured_image":false,"_monsterinsights_skip_tracking":false,"_monsterinsights_sitenote_active":false,"_monsterinsights_sitenote_note":"","_monsterinsights_sitenote_category":0},"product_brand":[],"product_cat":[161,162],"product_tag":[],"class_list":{"0":"post-20709","1":"product","2":"type-product","3":"status-publish","4":"has-post-thumbnail","6":"product_cat-bohnen","7":"product_cat-gemahlen","8":"pa_zubereitung-filter-ganze-bohnen","9":"pa_zubereitung-filter-gemahlen","11":"first","12":"instock","13":"taxable","14":"shipping-taxable","15":"purchasable","16":"product-type-variable","17":"has-default-attributes"},"acf":[],"aioseo_notices":[],"_links":{"self":[{"href":"https:\/\/www.bertschi-cafe.ch\/it\/wp-json\/wp\/v2\/product\/20709","targetHints":{"allow":["GET"]}}],"collection":[{"href":"https:\/\/www.bertschi-cafe.ch\/it\/wp-json\/wp\/v2\/product"}],"about":[{"href":"https:\/\/www.bertschi-cafe.ch\/it\/wp-json\/wp\/v2\/types\/product"}],"wp:featuredmedia":[{"embeddable":true,"href":"https:\/\/www.bertschi-cafe.ch\/it\/wp-json\/wp\/v2\/media\/31194"}],"wp:attachment":[{"href":"https:\/\/www.bertschi-cafe.ch\/it\/wp-json\/wp\/v2\/media?parent=20709"}],"wp:term":[{"taxonomy":"product_brand","embeddable":true,"href":"https:\/\/www.bertschi-cafe.ch\/it\/wp-json\/wp\/v2\/product_brand?post=20709"},{"taxonomy":"product_cat","embeddable":true,"href":"https:\/\/www.bertschi-cafe.ch\/it\/wp-json\/wp\/v2\/product_cat?post=20709"},{"taxonomy":"product_tag","embeddable":true,"href":"https:\/\/www.bertschi-cafe.ch\/it\/wp-json\/wp\/v2\/product_tag?post=20709"}],"curies":[{"name":"wp","href":"https:\/\/api.w.org\/{rel}","templated":true}]}}