{"id":20707,"date":"2021-02-26T14:16:00","date_gmt":"2021-02-26T14:16:00","guid":{"rendered":"https:\/\/www.bertschi-cafe.ch\/webseite\/produkt\/indonesia-sugata-caffe-con-codice-qr\/"},"modified":"2021-02-26T14:16:00","modified_gmt":"2021-02-26T14:16:00","slug":"indonesia-sugata-caffe-con-codice-qr","status":"publish","type":"product","link":"https:\/\/www.bertschi-cafe.ch\/it\/prodotto\/indonesia-sugata-caffe-con-codice-qr\/","title":{"rendered":"Indonesia Sugata Caff\u00e8 con codice QR"},"content":{"rendered":"<p><strong>Miscela:<\/strong><\/p>\n<p>100% Arabica dall&#8217;Indonesia<\/p>\n<p><strong>Sapore:<\/strong><\/p>\n<p>I pi\u00f9 pregiati chicchi di caff\u00e8 provenienti dall&#8217;Indonesia, dal sapore unico e caratteristico. Acidit\u00e0 molto bassa.<\/p>\n<p><strong>Tostatura:<\/strong><\/p>\n<p>medio<\/p>\n<p><strong>Idoneit\u00e0:<\/strong><\/p>\n<p>Caf\u00e9 cr\u00e8me, latte, cappuccino, latte macchiato<\/p>\n<p><strong>Disponibile:<\/strong><\/p>\n<p>250gr di fagioli<\/p>\n<p><strong>Soprattutto:<\/strong><\/p>\n<p>Scansionando il codice QR sulla confezione, \u00e8 possibile vedere dietro la facciata del caff\u00e8 tostato. Conoscere il coltivatore di caff\u00e8 e la sua piantagione. Tracciare la catena di approvvigionamento. Acquistando il caff\u00e8 con QR-Code, sostenete i piccoli agricoltori e migliorate la loro qualit\u00e0 di vita.  <strong>EQUO &#8211; TRASPARENTE &#8211; DIRETTO<\/strong><\/p>\n","protected":false},"excerpt":{"rendered":"<p>Miscela: 100% Arabica dall&#8217;Indonesia Sapore: I pi\u00f9 pregiati chicchi di caff\u00e8 provenienti dall&#8217;Indonesia, dal sapore unico e caratteristico. Acidit\u00e0 molto bassa. Tostatura: medio Idoneit\u00e0: Caf\u00e9 cr\u00e8me, latte, cappuccino, latte macchiato Disponibile: 250gr di fagioli Soprattutto: Scansionando il codice QR sulla confezione, \u00e8 possibile vedere dietro la facciata del caff\u00e8 tostato. Conoscere il coltivatore di caff\u00e8 [&hellip;]<\/p>\n","protected":false},"featured_media":18616,"template":"","meta":{"_acf_changed":false,"_coblocks_attr":"","_coblocks_dimensions":"","_coblocks_responsive_height":"","_coblocks_accordion_ie_support":"","inline_featured_image":false,"_monsterinsights_skip_tracking":false,"_monsterinsights_sitenote_active":false,"_monsterinsights_sitenote_note":"","_monsterinsights_sitenote_category":0},"product_brand":[],"product_cat":[161,164],"product_tag":[],"class_list":{"0":"post-20707","1":"product","2":"type-product","3":"status-publish","4":"has-post-thumbnail","6":"product_cat-bohnen","7":"product_cat-spezialitaeten","8":"pa_zubereitung-filter-ganze-bohnen","10":"first","11":"instock","12":"taxable","13":"shipping-taxable","14":"purchasable","15":"product-type-variable","16":"has-default-attributes"},"acf":[],"aioseo_notices":[],"_links":{"self":[{"href":"https:\/\/www.bertschi-cafe.ch\/it\/wp-json\/wp\/v2\/product\/20707","targetHints":{"allow":["GET"]}}],"collection":[{"href":"https:\/\/www.bertschi-cafe.ch\/it\/wp-json\/wp\/v2\/product"}],"about":[{"href":"https:\/\/www.bertschi-cafe.ch\/it\/wp-json\/wp\/v2\/types\/product"}],"wp:featuredmedia":[{"embeddable":true,"href":"https:\/\/www.bertschi-cafe.ch\/it\/wp-json\/wp\/v2\/media\/18616"}],"wp:attachment":[{"href":"https:\/\/www.bertschi-cafe.ch\/it\/wp-json\/wp\/v2\/media?parent=20707"}],"wp:term":[{"taxonomy":"product_brand","embeddable":true,"href":"https:\/\/www.bertschi-cafe.ch\/it\/wp-json\/wp\/v2\/product_brand?post=20707"},{"taxonomy":"product_cat","embeddable":true,"href":"https:\/\/www.bertschi-cafe.ch\/it\/wp-json\/wp\/v2\/product_cat?post=20707"},{"taxonomy":"product_tag","embeddable":true,"href":"https:\/\/www.bertschi-cafe.ch\/it\/wp-json\/wp\/v2\/product_tag?post=20707"}],"curies":[{"name":"wp","href":"https:\/\/api.w.org\/{rel}","templated":true}]}}