{"id":20692,"date":"2014-09-19T13:37:00","date_gmt":"2014-09-19T13:37:00","guid":{"rendered":"https:\/\/www.bertschi-cafe.ch\/webseite\/produkt\/caffe-espresso-biologico-bravo\/"},"modified":"2024-03-13T06:52:16","modified_gmt":"2024-03-13T06:52:16","slug":"bio-bravo-espresso","status":"publish","type":"product","link":"https:\/\/www.bertschi-cafe.ch\/it\/prodotto\/bio-bravo-espresso\/","title":{"rendered":"Caff\u00e8 espresso biologico Bravo"},"content":{"rendered":"<p><strong>Miscela<br \/>\n<\/strong>100% arabica biologica proveniente dall&#8217;America centrale e meridionale (Messico, Per\u00f9).<\/p>\n<p><strong>Aroma<br \/>\n<\/strong>Miscela equilibrata. Sapore pieno, leggermente dolce, con fini sfumature fruttate e di nocciola. Bassa acidit\u00e0.<\/p>\n<p><strong>Tostatura<\/strong><br \/>\nTostato scuro. Un espresso &#8220;Tipo Milano&#8221; di razza.<\/p>\n<p><strong>Idoneit\u00e0<\/strong><br \/>\nEspresso e latte macchiato<\/p>\n<p><strong>Disponibile<\/strong><br \/>\n250 g di fagioli \/ 250 g di macinato \/ 500 g di fagioli \/ 500 g di macinato<\/p>\n<p><strong>Certificazione<\/strong><br \/>\nGermoglio biologico e commercio equo e solidale Max Havelaar<\/p>\n","protected":false},"excerpt":{"rendered":"<p>Miscela 100% arabica biologica proveniente dall&#8217;America centrale e meridionale (Messico, Per\u00f9). Aroma Miscela equilibrata. Sapore pieno, leggermente dolce, con fini sfumature fruttate e di nocciola. Bassa acidit\u00e0. Tostatura Tostato scuro. Un espresso &#8220;Tipo Milano&#8221; di razza. Idoneit\u00e0 Espresso e latte macchiato Disponibile 250 g di fagioli \/ 250 g di macinato \/ 500 g di [&hellip;]<\/p>\n","protected":false},"featured_media":29877,"template":"","meta":{"_acf_changed":false,"_coblocks_attr":"","_coblocks_dimensions":"","_coblocks_responsive_height":"","_coblocks_accordion_ie_support":"","inline_featured_image":false,"_monsterinsights_skip_tracking":false,"_monsterinsights_sitenote_active":false,"_monsterinsights_sitenote_note":"","_monsterinsights_sitenote_category":0},"product_brand":[],"product_cat":[161,162],"product_tag":[],"class_list":{"0":"post-20692","1":"product","2":"type-product","3":"status-publish","4":"has-post-thumbnail","6":"product_cat-bohnen","7":"product_cat-gemahlen","8":"pa_zubereitung-filter-ganze-bohnen","9":"pa_zubereitung-filter-gemahlen","11":"first","12":"instock","13":"taxable","14":"shipping-taxable","15":"purchasable","16":"product-type-variable","17":"has-default-attributes"},"acf":[],"aioseo_notices":[],"_links":{"self":[{"href":"https:\/\/www.bertschi-cafe.ch\/it\/wp-json\/wp\/v2\/product\/20692","targetHints":{"allow":["GET"]}}],"collection":[{"href":"https:\/\/www.bertschi-cafe.ch\/it\/wp-json\/wp\/v2\/product"}],"about":[{"href":"https:\/\/www.bertschi-cafe.ch\/it\/wp-json\/wp\/v2\/types\/product"}],"wp:featuredmedia":[{"embeddable":true,"href":"https:\/\/www.bertschi-cafe.ch\/it\/wp-json\/wp\/v2\/media\/29877"}],"wp:attachment":[{"href":"https:\/\/www.bertschi-cafe.ch\/it\/wp-json\/wp\/v2\/media?parent=20692"}],"wp:term":[{"taxonomy":"product_brand","embeddable":true,"href":"https:\/\/www.bertschi-cafe.ch\/it\/wp-json\/wp\/v2\/product_brand?post=20692"},{"taxonomy":"product_cat","embeddable":true,"href":"https:\/\/www.bertschi-cafe.ch\/it\/wp-json\/wp\/v2\/product_cat?post=20692"},{"taxonomy":"product_tag","embeddable":true,"href":"https:\/\/www.bertschi-cafe.ch\/it\/wp-json\/wp\/v2\/product_tag?post=20692"}],"curies":[{"name":"wp","href":"https:\/\/api.w.org\/{rel}","templated":true}]}}