{"id":20685,"date":"2014-09-19T13:41:00","date_gmt":"2014-09-19T13:41:00","guid":{"rendered":"https:\/\/www.bertschi-cafe.ch\/webseite\/produkt\/sombrero-classico-medio-commercio-equo-e-solidale\/"},"modified":"2024-03-13T06:52:20","modified_gmt":"2024-03-13T06:52:20","slug":"sombrero-classico-mezzi","status":"publish","type":"product","link":"https:\/\/www.bertschi-cafe.ch\/it\/prodotto\/sombrero-classico-mezzi\/","title":{"rendered":"Sombrero Classico (medio) Commercio equo e solidale"},"content":{"rendered":"<p><strong>Miscela<br \/>\n<\/strong>80% Arabica da Centro e Sud America<br \/>\n20% Robusta dall&#8217;Africa<\/p>\n<p><strong>Sapore<br \/>\n<\/strong>Miscela equilibrata di Arabica selezionati dall&#8217;America centrale e meridionale e di Robusta dall&#8217;Africa. Sapore pieno e delicato con sfumature leggermente terrose. Retrogusto piacevole. Acidit\u00e0 fine e piacevole.<\/p>\n<p><strong>Tostatura<\/strong><br \/>\nMedio<\/p>\n<p><strong>Idoneit\u00e0<\/strong><br \/>\nPer la migliore crema di caff\u00e8.<\/p>\n<p><strong>Disponibile<\/strong><br \/>\n500g \/ 1kg di fagioli<\/p>\n<p><strong>Certificazione<\/strong><br \/>\nCommercio equo e solidale Max Havelaar<\/p>\n","protected":false},"excerpt":{"rendered":"<p>Miscela 80% Arabica da Centro e Sud America 20% Robusta dall&#8217;Africa Sapore Miscela equilibrata di Arabica selezionati dall&#8217;America centrale e meridionale e di Robusta dall&#8217;Africa. Sapore pieno e delicato con sfumature leggermente terrose. Retrogusto piacevole. Acidit\u00e0 fine e piacevole. Tostatura Medio Idoneit\u00e0 Per la migliore crema di caff\u00e8. Disponibile 500g \/ 1kg di fagioli Certificazione [&hellip;]<\/p>\n","protected":false},"featured_media":36028,"template":"","meta":{"_acf_changed":false,"_coblocks_attr":"","_coblocks_dimensions":"","_coblocks_responsive_height":"","_coblocks_accordion_ie_support":"","om_disable_all_campaigns":false,"inline_featured_image":false,"_monsterinsights_skip_tracking":false,"_monsterinsights_sitenote_active":false,"_monsterinsights_sitenote_note":"","_monsterinsights_sitenote_category":0},"product_brand":[],"product_cat":[161],"product_tag":[],"class_list":{"0":"post-20685","1":"product","2":"type-product","3":"status-publish","4":"has-post-thumbnail","6":"product_cat-bohnen","7":"pa_zubereitung-filter-ganze-bohnen","9":"first","10":"instock","11":"taxable","12":"shipping-taxable","13":"purchasable","14":"product-type-variable","15":"has-default-attributes"},"acf":[],"aioseo_notices":[],"_links":{"self":[{"href":"https:\/\/www.bertschi-cafe.ch\/it\/wp-json\/wp\/v2\/product\/20685","targetHints":{"allow":["GET"]}}],"collection":[{"href":"https:\/\/www.bertschi-cafe.ch\/it\/wp-json\/wp\/v2\/product"}],"about":[{"href":"https:\/\/www.bertschi-cafe.ch\/it\/wp-json\/wp\/v2\/types\/product"}],"wp:featuredmedia":[{"embeddable":true,"href":"https:\/\/www.bertschi-cafe.ch\/it\/wp-json\/wp\/v2\/media\/36028"}],"wp:attachment":[{"href":"https:\/\/www.bertschi-cafe.ch\/it\/wp-json\/wp\/v2\/media?parent=20685"}],"wp:term":[{"taxonomy":"product_brand","embeddable":true,"href":"https:\/\/www.bertschi-cafe.ch\/it\/wp-json\/wp\/v2\/product_brand?post=20685"},{"taxonomy":"product_cat","embeddable":true,"href":"https:\/\/www.bertschi-cafe.ch\/it\/wp-json\/wp\/v2\/product_cat?post=20685"},{"taxonomy":"product_tag","embeddable":true,"href":"https:\/\/www.bertschi-cafe.ch\/it\/wp-json\/wp\/v2\/product_tag?post=20685"}],"curies":[{"name":"wp","href":"https:\/\/api.w.org\/{rel}","templated":true}]}}