{"id":20680,"date":"2014-09-19T13:43:00","date_gmt":"2014-09-19T13:43:00","guid":{"rendered":"https:\/\/www.bertschi-cafe.ch\/webseite\/produkt\/sombrero-latino-lover-commercio-equo-e-solidale\/"},"modified":"2024-03-13T06:52:19","modified_gmt":"2024-03-13T06:52:19","slug":"amante-del-sombrero-latino","status":"publish","type":"product","link":"https:\/\/www.bertschi-cafe.ch\/it\/prodotto\/amante-del-sombrero-latino\/","title":{"rendered":"Sombrero Latino Lover (Commercio equo e solidale)"},"content":{"rendered":"<p><strong>Miscela<br \/>\n<\/strong>50% di Arabica dell&#8217;America centrale e meridionale<br \/>\n50% Robusta dall&#8217;Africa<\/p>\n<p><strong>Sapore<br \/>\n<\/strong>Forte miscela di Arabica selezionati dall&#8217;America centrale e meridionale e di Robusta dall&#8217;Africa. Sapore distinto con sfumature fruttate e di nocciola. Retrogusto piccante. Acidit\u00e0 fine.<\/p>\n<p><strong>Tostatura<\/strong><br \/>\nScuro<\/p>\n<p><strong>Idoneit\u00e0 <\/strong><br \/>\nDalla migliore crema di caff\u00e8 all&#8217;espresso &#8220;Tipo Milano&#8221;. Adatto anche per il latte macchiato.<\/p>\n<p><strong>Disponibile<\/strong><br \/>\n500g \/ 1kg di fagioli<\/p>\n<p><strong>Certificazione<\/strong><br \/>\nCommercio equo e solidale Max Havelaar<\/p>\n","protected":false},"excerpt":{"rendered":"<p>Miscela 50% di Arabica dell&#8217;America centrale e meridionale 50% Robusta dall&#8217;Africa Sapore Forte miscela di Arabica selezionati dall&#8217;America centrale e meridionale e di Robusta dall&#8217;Africa. Sapore distinto con sfumature fruttate e di nocciola. Retrogusto piccante. Acidit\u00e0 fine. Tostatura Scuro Idoneit\u00e0 Dalla migliore crema di caff\u00e8 all&#8217;espresso &#8220;Tipo Milano&#8221;. Adatto anche per il latte macchiato. Disponibile [&hellip;]<\/p>\n","protected":false},"featured_media":32526,"template":"","meta":{"_acf_changed":false,"_coblocks_attr":"","_coblocks_dimensions":"","_coblocks_responsive_height":"","_coblocks_accordion_ie_support":"","inline_featured_image":false,"_monsterinsights_skip_tracking":false,"_monsterinsights_sitenote_active":false,"_monsterinsights_sitenote_note":"","_monsterinsights_sitenote_category":0},"product_brand":[],"product_cat":[161],"product_tag":[],"class_list":{"0":"post-20680","1":"product","2":"type-product","3":"status-publish","4":"has-post-thumbnail","6":"product_cat-bohnen","7":"pa_zubereitung-filter-ganze-bohnen","9":"first","10":"instock","11":"taxable","12":"shipping-taxable","13":"purchasable","14":"product-type-variable","15":"has-default-attributes"},"acf":[],"aioseo_notices":[],"_links":{"self":[{"href":"https:\/\/www.bertschi-cafe.ch\/it\/wp-json\/wp\/v2\/product\/20680","targetHints":{"allow":["GET"]}}],"collection":[{"href":"https:\/\/www.bertschi-cafe.ch\/it\/wp-json\/wp\/v2\/product"}],"about":[{"href":"https:\/\/www.bertschi-cafe.ch\/it\/wp-json\/wp\/v2\/types\/product"}],"wp:featuredmedia":[{"embeddable":true,"href":"https:\/\/www.bertschi-cafe.ch\/it\/wp-json\/wp\/v2\/media\/32526"}],"wp:attachment":[{"href":"https:\/\/www.bertschi-cafe.ch\/it\/wp-json\/wp\/v2\/media?parent=20680"}],"wp:term":[{"taxonomy":"product_brand","embeddable":true,"href":"https:\/\/www.bertschi-cafe.ch\/it\/wp-json\/wp\/v2\/product_brand?post=20680"},{"taxonomy":"product_cat","embeddable":true,"href":"https:\/\/www.bertschi-cafe.ch\/it\/wp-json\/wp\/v2\/product_cat?post=20680"},{"taxonomy":"product_tag","embeddable":true,"href":"https:\/\/www.bertschi-cafe.ch\/it\/wp-json\/wp\/v2\/product_tag?post=20680"}],"curies":[{"name":"wp","href":"https:\/\/api.w.org\/{rel}","templated":true}]}}