{"id":20676,"date":"2014-09-19T13:44:00","date_gmt":"2014-09-19T13:44:00","guid":{"rendered":"https:\/\/www.bertschi-cafe.ch\/webseite\/produkt\/cooperativa-maya-vinic-commercio-equo-e-solidale\/"},"modified":"2024-03-13T06:50:43","modified_gmt":"2024-03-13T06:50:43","slug":"cooperativa-maya-vinica","status":"publish","type":"product","link":"https:\/\/www.bertschi-cafe.ch\/it\/prodotto\/cooperativa-maya-vinica\/","title":{"rendered":"Cooperativa Maya Vinic (commercio equo e solidale)"},"content":{"rendered":"<p><strong>Miscela<br \/>\n<\/strong>100% arabica<\/p>\n<p><strong>Aroma<br \/>\n<\/strong>In tazza, il caff\u00e8 rivela una combinazione equilibrata di dolcezza e acidit\u00e0 che ricorda gli agrumi.<\/p>\n<p><strong>Tostatura<\/strong><br \/>\nMedio<\/p>\n<p><strong>Idoneit\u00e0<\/strong><br \/>\nCaff\u00e8 e caff\u00e8 filtro<\/p>\n<p><strong>Disponibile<\/strong><br \/>\n250 g di fagioli<\/p>\n<p><strong>Certificazione<\/strong><br \/>\nCommercio equo e solidale Max Havelaar<\/p>\n","protected":false},"excerpt":{"rendered":"<p>Miscela 100% arabica Aroma In tazza, il caff\u00e8 rivela una combinazione equilibrata di dolcezza e acidit\u00e0 che ricorda gli agrumi. Tostatura Medio Idoneit\u00e0 Caff\u00e8 e caff\u00e8 filtro Disponibile 250 g di fagioli Certificazione Commercio equo e solidale Max Havelaar<\/p>\n","protected":false},"featured_media":18580,"template":"","meta":{"_acf_changed":false,"_coblocks_attr":"","_coblocks_dimensions":"","_coblocks_responsive_height":"","_coblocks_accordion_ie_support":"","om_disable_all_campaigns":false,"inline_featured_image":false,"_monsterinsights_skip_tracking":false,"_monsterinsights_sitenote_active":false,"_monsterinsights_sitenote_note":"","_monsterinsights_sitenote_category":0},"product_brand":[],"product_cat":[161],"product_tag":[],"class_list":{"0":"post-20676","1":"product","2":"type-product","3":"status-publish","4":"has-post-thumbnail","6":"product_cat-bohnen","7":"pa_zubereitung-filter-ganze-bohnen","9":"first","10":"instock","11":"taxable","12":"shipping-taxable","13":"purchasable","14":"product-type-variable","15":"has-default-attributes"},"acf":[],"aioseo_notices":[],"_links":{"self":[{"href":"https:\/\/www.bertschi-cafe.ch\/it\/wp-json\/wp\/v2\/product\/20676","targetHints":{"allow":["GET"]}}],"collection":[{"href":"https:\/\/www.bertschi-cafe.ch\/it\/wp-json\/wp\/v2\/product"}],"about":[{"href":"https:\/\/www.bertschi-cafe.ch\/it\/wp-json\/wp\/v2\/types\/product"}],"wp:featuredmedia":[{"embeddable":true,"href":"https:\/\/www.bertschi-cafe.ch\/it\/wp-json\/wp\/v2\/media\/18580"}],"wp:attachment":[{"href":"https:\/\/www.bertschi-cafe.ch\/it\/wp-json\/wp\/v2\/media?parent=20676"}],"wp:term":[{"taxonomy":"product_brand","embeddable":true,"href":"https:\/\/www.bertschi-cafe.ch\/it\/wp-json\/wp\/v2\/product_brand?post=20676"},{"taxonomy":"product_cat","embeddable":true,"href":"https:\/\/www.bertschi-cafe.ch\/it\/wp-json\/wp\/v2\/product_cat?post=20676"},{"taxonomy":"product_tag","embeddable":true,"href":"https:\/\/www.bertschi-cafe.ch\/it\/wp-json\/wp\/v2\/product_tag?post=20676"}],"curies":[{"name":"wp","href":"https:\/\/api.w.org\/{rel}","templated":true}]}}