{"id":20669,"date":"2014-09-19T13:47:00","date_gmt":"2014-09-19T13:47:00","guid":{"rendered":"https:\/\/www.bertschi-cafe.ch\/webseite\/produkt\/gastro-king\/"},"modified":"2024-03-13T06:50:48","modified_gmt":"2024-03-13T06:50:48","slug":"gastro-re","status":"publish","type":"product","link":"https:\/\/www.bertschi-cafe.ch\/it\/prodotto\/gastro-re\/","title":{"rendered":"Gastro King"},"content":{"rendered":"<p><strong>Miscela<br \/>\n<\/strong>70% Arabica da Centro e Sud America<br \/>\n30% Robusta dall&#8217;Asia<\/p>\n<p><strong>Sapore<br \/>\n<\/strong>Miscela equilibrata di Arabica dell&#8217;America centrale e meridionale e di Robusta dell&#8217;Asia. Non ha praticamente acidit\u00e0.<\/p>\n<p><strong>Tostatura<br \/>\n<\/strong>Media<\/p>\n<p><strong>Idoneit\u00e0<\/strong><br \/>\nPer un caff\u00e8 o un caffellatte forte. Come espresso, va nella direzione del &#8220;Tipo Milano&#8221;.<\/p>\n<p><strong>Disponibile<br \/>\n<\/strong>Fagioli da 1 kg<\/p>\n","protected":false},"excerpt":{"rendered":"<p>Miscela 70% Arabica da Centro e Sud America 30% Robusta dall&#8217;Asia Sapore Miscela equilibrata di Arabica dell&#8217;America centrale e meridionale e di Robusta dell&#8217;Asia. Non ha praticamente acidit\u00e0. Tostatura Media Idoneit\u00e0 Per un caff\u00e8 o un caffellatte forte. Come espresso, va nella direzione del &#8220;Tipo Milano&#8221;. Disponibile Fagioli da 1 kg<\/p>\n","protected":false},"featured_media":18600,"template":"","meta":{"_acf_changed":false,"_coblocks_attr":"","_coblocks_dimensions":"","_coblocks_responsive_height":"","_coblocks_accordion_ie_support":"","inline_featured_image":false,"_monsterinsights_skip_tracking":false,"_monsterinsights_sitenote_active":false,"_monsterinsights_sitenote_note":"","_monsterinsights_sitenote_category":0},"product_brand":[],"product_cat":[161],"product_tag":[],"class_list":{"0":"post-20669","1":"product","2":"type-product","3":"status-publish","4":"has-post-thumbnail","6":"product_cat-bohnen","7":"pa_zubereitung-filter-ganze-bohnen","9":"first","10":"instock","11":"taxable","12":"shipping-taxable","13":"purchasable","14":"product-type-variable","15":"has-default-attributes"},"acf":[],"aioseo_notices":[],"_links":{"self":[{"href":"https:\/\/www.bertschi-cafe.ch\/it\/wp-json\/wp\/v2\/product\/20669","targetHints":{"allow":["GET"]}}],"collection":[{"href":"https:\/\/www.bertschi-cafe.ch\/it\/wp-json\/wp\/v2\/product"}],"about":[{"href":"https:\/\/www.bertschi-cafe.ch\/it\/wp-json\/wp\/v2\/types\/product"}],"wp:featuredmedia":[{"embeddable":true,"href":"https:\/\/www.bertschi-cafe.ch\/it\/wp-json\/wp\/v2\/media\/18600"}],"wp:attachment":[{"href":"https:\/\/www.bertschi-cafe.ch\/it\/wp-json\/wp\/v2\/media?parent=20669"}],"wp:term":[{"taxonomy":"product_brand","embeddable":true,"href":"https:\/\/www.bertschi-cafe.ch\/it\/wp-json\/wp\/v2\/product_brand?post=20669"},{"taxonomy":"product_cat","embeddable":true,"href":"https:\/\/www.bertschi-cafe.ch\/it\/wp-json\/wp\/v2\/product_cat?post=20669"},{"taxonomy":"product_tag","embeddable":true,"href":"https:\/\/www.bertschi-cafe.ch\/it\/wp-json\/wp\/v2\/product_tag?post=20669"}],"curies":[{"name":"wp","href":"https:\/\/api.w.org\/{rel}","templated":true}]}}