{"id":20667,"date":"2014-09-19T13:47:00","date_gmt":"2014-09-19T13:47:00","guid":{"rendered":"https:\/\/www.bertschi-cafe.ch\/webseite\/produkt\/gastro-queen\/"},"modified":"2024-03-13T06:51:25","modified_gmt":"2024-03-13T06:51:25","slug":"gastro-regina","status":"publish","type":"product","link":"https:\/\/www.bertschi-cafe.ch\/it\/prodotto\/gastro-regina\/","title":{"rendered":"Gastro Queen"},"content":{"rendered":"<p><strong>Miscela<br \/>\n<\/strong>60% di Arabica dell&#8217;America centrale e meridionale<br \/>\n40% Robusta dall&#8217;Asia<\/p>\n<p><strong>Sapore<br \/>\n<\/strong>Acidit\u00e0 molto contenuta &#8211; come una crema di caff\u00e8 o un caffellatte. La Robusta asiatica produce un delizioso &#8220;sapore di cioccolato&#8221;. Miscela equilibrata di caff\u00e8 Arabica e Robusta dell&#8217;America Latina, a tostatura media.<\/p>\n<p><strong>Arrosto<br \/>\n<\/strong>Light<\/p>\n<p><strong>Idoneit\u00e0<\/strong><br \/>\nCaff\u00e8 o latte macchiato<\/p>\n<p><strong>Disponibile<br \/>\n<\/strong>Fagioli da 1 kg<\/p>\n","protected":false},"excerpt":{"rendered":"<p>Miscela 60% di Arabica dell&#8217;America centrale e meridionale 40% Robusta dall&#8217;Asia Sapore Acidit\u00e0 molto contenuta &#8211; come una crema di caff\u00e8 o un caffellatte. La Robusta asiatica produce un delizioso &#8220;sapore di cioccolato&#8221;. Miscela equilibrata di caff\u00e8 Arabica e Robusta dell&#8217;America Latina, a tostatura media. Arrosto Light Idoneit\u00e0 Caff\u00e8 o latte macchiato Disponibile Fagioli da [&hellip;]<\/p>\n","protected":false},"featured_media":18598,"template":"","meta":{"_acf_changed":false,"_coblocks_attr":"","_coblocks_dimensions":"","_coblocks_responsive_height":"","_coblocks_accordion_ie_support":"","inline_featured_image":false,"_monsterinsights_skip_tracking":false,"_monsterinsights_sitenote_active":false,"_monsterinsights_sitenote_note":"","_monsterinsights_sitenote_category":0},"product_brand":[],"product_cat":[161],"product_tag":[],"class_list":{"0":"post-20667","1":"product","2":"type-product","3":"status-publish","4":"has-post-thumbnail","6":"product_cat-bohnen","7":"pa_zubereitung-filter-ganze-bohnen","9":"first","10":"instock","11":"taxable","12":"shipping-taxable","13":"purchasable","14":"product-type-variable","15":"has-default-attributes"},"acf":[],"aioseo_notices":[],"_links":{"self":[{"href":"https:\/\/www.bertschi-cafe.ch\/it\/wp-json\/wp\/v2\/product\/20667","targetHints":{"allow":["GET"]}}],"collection":[{"href":"https:\/\/www.bertschi-cafe.ch\/it\/wp-json\/wp\/v2\/product"}],"about":[{"href":"https:\/\/www.bertschi-cafe.ch\/it\/wp-json\/wp\/v2\/types\/product"}],"wp:featuredmedia":[{"embeddable":true,"href":"https:\/\/www.bertschi-cafe.ch\/it\/wp-json\/wp\/v2\/media\/18598"}],"wp:attachment":[{"href":"https:\/\/www.bertschi-cafe.ch\/it\/wp-json\/wp\/v2\/media?parent=20667"}],"wp:term":[{"taxonomy":"product_brand","embeddable":true,"href":"https:\/\/www.bertschi-cafe.ch\/it\/wp-json\/wp\/v2\/product_brand?post=20667"},{"taxonomy":"product_cat","embeddable":true,"href":"https:\/\/www.bertschi-cafe.ch\/it\/wp-json\/wp\/v2\/product_cat?post=20667"},{"taxonomy":"product_tag","embeddable":true,"href":"https:\/\/www.bertschi-cafe.ch\/it\/wp-json\/wp\/v2\/product_tag?post=20667"}],"curies":[{"name":"wp","href":"https:\/\/api.w.org\/{rel}","templated":true}]}}