{"id":20657,"date":"2014-09-19T13:50:00","date_gmt":"2014-09-19T13:50:00","guid":{"rendered":"https:\/\/www.bertschi-cafe.ch\/webseite\/produkt\/vienna\/"},"modified":"2024-03-13T06:50:54","modified_gmt":"2024-03-13T06:50:54","slug":"vienna","status":"publish","type":"product","link":"https:\/\/www.bertschi-cafe.ch\/it\/prodotto\/vienna\/","title":{"rendered":"Vienna"},"content":{"rendered":"<p><strong>Miscela<\/strong><br \/>\n100% Arabica proveniente dall&#8217;America centrale e meridionale (principalmente Colombia e Brasile)<\/p>\n<p><strong>Sapore<br \/>\n<\/strong>Acidit\u00e0 finemente bilanciata, ma mai amara.<\/p>\n<p><strong>Arrosto<br \/>\n<\/strong>Arrosto da leggero a medio.<\/p>\n<p><strong>Idoneit\u00e0<\/strong><br \/>\nIl caf\u00e9 cr\u00e8me per eccellenza, un caff\u00e8 per una colazione sofisticata. Possibile anche per l&#8217;espresso, ma a nostro avviso un po&#8217; troppo leggero.<\/p>\n<p><strong>Disponibile<br \/>\n<\/strong> 250g di fagioli \/ 250g di macinato \/ 500g di fagioli \/ 1kg di fagioli<\/p>\n","protected":false},"excerpt":{"rendered":"<p>Miscela 100% Arabica proveniente dall&#8217;America centrale e meridionale (principalmente Colombia e Brasile) Sapore Acidit\u00e0 finemente bilanciata, ma mai amara. Arrosto Arrosto da leggero a medio. Idoneit\u00e0 Il caf\u00e9 cr\u00e8me per eccellenza, un caff\u00e8 per una colazione sofisticata. Possibile anche per l&#8217;espresso, ma a nostro avviso un po&#8217; troppo leggero. Disponibile 250g di fagioli \/ 250g [&hellip;]<\/p>\n","protected":false},"featured_media":18596,"template":"","meta":{"_acf_changed":false,"_coblocks_attr":"","_coblocks_dimensions":"","_coblocks_responsive_height":"","_coblocks_accordion_ie_support":"","inline_featured_image":false,"_monsterinsights_skip_tracking":false,"_monsterinsights_sitenote_active":false,"_monsterinsights_sitenote_note":"","_monsterinsights_sitenote_category":0},"product_brand":[],"product_cat":[161,162],"product_tag":[],"class_list":{"0":"post-20657","1":"product","2":"type-product","3":"status-publish","4":"has-post-thumbnail","6":"product_cat-bohnen","7":"product_cat-gemahlen","8":"pa_zubereitung-filter-ganze-bohnen","9":"pa_zubereitung-filter-gemahlen","11":"first","12":"instock","13":"taxable","14":"shipping-taxable","15":"purchasable","16":"product-type-variable"},"acf":[],"aioseo_notices":[],"_links":{"self":[{"href":"https:\/\/www.bertschi-cafe.ch\/it\/wp-json\/wp\/v2\/product\/20657","targetHints":{"allow":["GET"]}}],"collection":[{"href":"https:\/\/www.bertschi-cafe.ch\/it\/wp-json\/wp\/v2\/product"}],"about":[{"href":"https:\/\/www.bertschi-cafe.ch\/it\/wp-json\/wp\/v2\/types\/product"}],"wp:featuredmedia":[{"embeddable":true,"href":"https:\/\/www.bertschi-cafe.ch\/it\/wp-json\/wp\/v2\/media\/18596"}],"wp:attachment":[{"href":"https:\/\/www.bertschi-cafe.ch\/it\/wp-json\/wp\/v2\/media?parent=20657"}],"wp:term":[{"taxonomy":"product_brand","embeddable":true,"href":"https:\/\/www.bertschi-cafe.ch\/it\/wp-json\/wp\/v2\/product_brand?post=20657"},{"taxonomy":"product_cat","embeddable":true,"href":"https:\/\/www.bertschi-cafe.ch\/it\/wp-json\/wp\/v2\/product_cat?post=20657"},{"taxonomy":"product_tag","embeddable":true,"href":"https:\/\/www.bertschi-cafe.ch\/it\/wp-json\/wp\/v2\/product_tag?post=20657"}],"curies":[{"name":"wp","href":"https:\/\/api.w.org\/{rel}","templated":true}]}}