{"id":20653,"date":"2016-05-04T09:33:00","date_gmt":"2016-05-04T09:33:00","guid":{"rendered":"https:\/\/www.bertschi-cafe.ch\/webseite\/produkt\/caffe-fedar\/"},"modified":"2024-03-13T06:50:43","modified_gmt":"2024-03-13T06:50:43","slug":"fedar-caffe","status":"publish","type":"product","link":"https:\/\/www.bertschi-cafe.ch\/it\/prodotto\/fedar-caffe\/","title":{"rendered":"Caff\u00e8 Fedar"},"content":{"rendered":"<p><strong>Miscela<br \/>\n<\/strong>100% Arabica proveniente dalla Fundacion Fedar, Colombia.<\/p>\n<p><strong>Sapore<br \/>\n<\/strong>Sapore pieno con un retrogusto piacevolmente delicato. Acidit\u00e0 fine e moderata<\/p>\n<p><strong>Tostatura<\/strong><br \/>\nluminoso<\/p>\n<p><strong>Idoneit\u00e0<\/strong><br \/>\nCaff\u00e8 e caff\u00e8 filtro<\/p>\n<p><strong>Disponibile<\/strong><br \/>\n250 g di fagioli<\/p>\n","protected":false},"excerpt":{"rendered":"<p>Miscela 100% Arabica proveniente dalla Fundacion Fedar, Colombia. Sapore Sapore pieno con un retrogusto piacevolmente delicato. Acidit\u00e0 fine e moderata Tostatura luminoso Idoneit\u00e0 Caff\u00e8 e caff\u00e8 filtro Disponibile 250 g di fagioli<\/p>\n","protected":false},"featured_media":18584,"template":"","meta":{"_acf_changed":false,"_coblocks_attr":"","_coblocks_dimensions":"","_coblocks_responsive_height":"","_coblocks_accordion_ie_support":"","inline_featured_image":false,"_monsterinsights_skip_tracking":false,"_monsterinsights_sitenote_active":false,"_monsterinsights_sitenote_note":"","_monsterinsights_sitenote_category":0},"product_brand":[],"product_cat":[161],"product_tag":[],"class_list":{"0":"post-20653","1":"product","2":"type-product","3":"status-publish","4":"has-post-thumbnail","6":"product_cat-bohnen","7":"pa_zubereitung-filter-ganze-bohnen","9":"first","10":"instock","11":"taxable","12":"shipping-taxable","13":"purchasable","14":"product-type-variable","15":"has-default-attributes"},"acf":[],"aioseo_notices":[],"_links":{"self":[{"href":"https:\/\/www.bertschi-cafe.ch\/it\/wp-json\/wp\/v2\/product\/20653","targetHints":{"allow":["GET"]}}],"collection":[{"href":"https:\/\/www.bertschi-cafe.ch\/it\/wp-json\/wp\/v2\/product"}],"about":[{"href":"https:\/\/www.bertschi-cafe.ch\/it\/wp-json\/wp\/v2\/types\/product"}],"wp:featuredmedia":[{"embeddable":true,"href":"https:\/\/www.bertschi-cafe.ch\/it\/wp-json\/wp\/v2\/media\/18584"}],"wp:attachment":[{"href":"https:\/\/www.bertschi-cafe.ch\/it\/wp-json\/wp\/v2\/media?parent=20653"}],"wp:term":[{"taxonomy":"product_brand","embeddable":true,"href":"https:\/\/www.bertschi-cafe.ch\/it\/wp-json\/wp\/v2\/product_brand?post=20653"},{"taxonomy":"product_cat","embeddable":true,"href":"https:\/\/www.bertschi-cafe.ch\/it\/wp-json\/wp\/v2\/product_cat?post=20653"},{"taxonomy":"product_tag","embeddable":true,"href":"https:\/\/www.bertschi-cafe.ch\/it\/wp-json\/wp\/v2\/product_tag?post=20653"}],"curies":[{"name":"wp","href":"https:\/\/api.w.org\/{rel}","templated":true}]}}