{"id":19924,"date":"2022-02-15T08:21:13","date_gmt":"2022-02-15T08:21:13","guid":{"rendered":"https:\/\/www.bertschi-cafe.ch\/webseite\/produkt\/set-di-caffe-espresso\/"},"modified":"2024-02-15T17:49:47","modified_gmt":"2024-02-15T17:49:47","slug":"set-di-caffe-espresso","status":"publish","type":"product","link":"https:\/\/www.bertschi-cafe.ch\/it\/prodotto\/set-di-caffe-espresso\/","title":{"rendered":"Set di caff\u00e8 espresso"},"content":{"rendered":"<p><strong>Il set di caff\u00e8 espresso contiene i seguenti caff\u00e8:<\/strong><\/p>\n<ul>\n<li>Espresso Demeter<\/li>\n<li>Espresso biologico Bravo Bud<\/li>\n<li>Espresso Bravo biologico Euro<\/li>\n<li>Sombrero Fairtrade Latino Lover<\/li>\n<li>Basilea Espresso<\/li>\n<li>Espresso<\/li>\n<li>2 x tazza da espresso con piatto<\/li>\n<\/ul>\n<p><strong>Miscela<\/strong><br \/>\nvari<br \/>\n<strong>Gusto<\/strong><br \/>\nvari<\/p>\n<p><strong>Arrostire<\/strong><b><br \/>\n<\/b>scuro<\/p>\n<p><strong>Disponibile<\/strong><br \/>\nConfezione da 500g di fagioli ciascuno<\/p>\n","protected":false},"excerpt":{"rendered":"<p>Il set di caff\u00e8 espresso contiene i seguenti caff\u00e8: Espresso Demeter Espresso biologico Bravo Bud Espresso Bravo biologico Euro Sombrero Fairtrade Latino Lover Basilea Espresso Espresso 2 x tazza da espresso con piatto Miscela vari Gusto vari Arrostire scuro Disponibile Confezione da 500g di fagioli ciascuno<\/p>\n","protected":false},"featured_media":19798,"template":"","meta":{"_acf_changed":false,"_coblocks_attr":"","_coblocks_dimensions":"","_coblocks_responsive_height":"","_coblocks_accordion_ie_support":"","inline_featured_image":false,"_monsterinsights_skip_tracking":false,"_monsterinsights_sitenote_active":false,"_monsterinsights_sitenote_note":"","_monsterinsights_sitenote_category":0},"product_brand":[],"product_cat":[153],"product_tag":[],"class_list":{"0":"post-19924","1":"product","2":"type-product","3":"status-publish","4":"has-post-thumbnail","6":"product_cat-geschenk-und-probiersets","8":"first","9":"instock","10":"sale","11":"taxable","12":"shipping-taxable","13":"purchasable","14":"product-type-variable"},"acf":[],"aioseo_notices":[],"_links":{"self":[{"href":"https:\/\/www.bertschi-cafe.ch\/it\/wp-json\/wp\/v2\/product\/19924","targetHints":{"allow":["GET"]}}],"collection":[{"href":"https:\/\/www.bertschi-cafe.ch\/it\/wp-json\/wp\/v2\/product"}],"about":[{"href":"https:\/\/www.bertschi-cafe.ch\/it\/wp-json\/wp\/v2\/types\/product"}],"wp:featuredmedia":[{"embeddable":true,"href":"https:\/\/www.bertschi-cafe.ch\/it\/wp-json\/wp\/v2\/media\/19798"}],"wp:attachment":[{"href":"https:\/\/www.bertschi-cafe.ch\/it\/wp-json\/wp\/v2\/media?parent=19924"}],"wp:term":[{"taxonomy":"product_brand","embeddable":true,"href":"https:\/\/www.bertschi-cafe.ch\/it\/wp-json\/wp\/v2\/product_brand?post=19924"},{"taxonomy":"product_cat","embeddable":true,"href":"https:\/\/www.bertschi-cafe.ch\/it\/wp-json\/wp\/v2\/product_cat?post=19924"},{"taxonomy":"product_tag","embeddable":true,"href":"https:\/\/www.bertschi-cafe.ch\/it\/wp-json\/wp\/v2\/product_tag?post=19924"}],"curies":[{"name":"wp","href":"https:\/\/api.w.org\/{rel}","templated":true}]}}