{"id":21029,"date":"2023-12-29T12:11:54","date_gmt":"2023-12-29T10:11:54","guid":{"rendered":"https:\/\/www.bertschi-cafe.ch\/webseite\/agb\/"},"modified":"2024-02-19T10:08:47","modified_gmt":"2024-02-19T10:08:47","slug":"agb","status":"publish","type":"page","link":"https:\/\/www.bertschi-cafe.ch\/it\/agb\/","title":{"rendered":"GTC"},"content":{"rendered":"\t\t<div data-elementor-type=\"wp-page\" data-elementor-id=\"21029\" class=\"elementor elementor-21029 elementor-3131\" data-elementor-post-type=\"page\">\n\t\t\t\t<div class=\"elementor-element elementor-element-392de7a e-flex e-con-boxed e-con e-parent\" data-id=\"392de7a\" data-element_type=\"container\" data-e-type=\"container\" data-settings=\"{&quot;jet_parallax_layout_list&quot;:[]}\">\n\t\t\t\t\t<div class=\"e-con-inner\">\n\t\t\t\t<div class=\"elementor-element elementor-element-8283923 elementor-widget elementor-widget-heading\" data-id=\"8283923\" data-element_type=\"widget\" data-e-type=\"widget\" data-widget_type=\"heading.default\">\n\t\t\t\t<div class=\"elementor-widget-container\">\n\t\t\t\t\t<h1 class=\"elementor-heading-title elementor-size-default\">GTC<\/h1>\t\t\t\t<\/div>\n\t\t\t\t<\/div>\n\t\t\t\t<div class=\"elementor-element elementor-element-5832875 elementor-widget elementor-widget-text-editor\" data-id=\"5832875\" data-element_type=\"widget\" data-e-type=\"widget\" data-widget_type=\"text-editor.default\">\n\t\t\t\t<div class=\"elementor-widget-container\">\n\t\t\t\t\t\t\t\t\t<h3>Ambito di applicazione<\/h3>\n<p>Le presenti condizioni generali si applicano alle consegne di merci ordinate dal cliente tramite il negozio online, via e-mail, via fax, per posta o per telefono.<br \/>L&#8217;offerta d&#8217;ordine e di consegna e le presenti Condizioni generali si applicano solo agli ordini e alle consegne in Svizzera e nel Principato del Liechtenstein.<br \/>Ci riserviamo espressamente il diritto di modificare le presenti Condizioni generali in qualsiasi momento. Si applica la versione delle Condizioni Generali di Contratto valida al momento della conclusione del contratto.<\/p>\n<\/p>\n<h3>Elaborazione dell&#8217;ordine<\/h3>\n<p>L&#8217;ordine viene controllato una volta ricevuto per via elettronica. Eventuali modifiche saranno comunicate per telefono o per via elettronica entro cinque giorni lavorativi.<\/p>\n<\/p>\n<h3>Conclusione del contratto<\/h3>\n<p>Il contratto tra noi e il cliente si conclude quando la conferma d&#8217;ordine viene inviata al cliente via e-mail. L&#8217;accettazione dell&#8217;ordine da parte nostra \u00e8 subordinata alla disponibilit\u00e0 della merce ordinata.<\/p>\n<\/p>\n<h3>Spese di consegna e spedizione<\/h3>\n<p>La merce ordinata viene consegnata esclusivamente a indirizzi in Svizzera o nel Principato del Liechtenstein. La consegna avverr\u00e0 al destinatario della fattura o a un indirizzo di consegna scelto dal destinatario della fattura. In linea di principio, la merce ordinata viene consegnata per nostro conto tramite autocarro, posta o un nostro servizio di consegna in conformit\u00e0 alle seguenti disposizioni sui costi:<\/p>\n<\/p>\n<h3>Importi delle fatture Spese di spedizione<\/h3>\n<p>Da 4 kg a 9,9 kg &#8211; CHF 12.00<br \/>da 10 kg &#8211; spedizione gratuita<\/p>\n<p>Le spese di spedizione sono in ogni caso a carico del cliente.<\/p>\n<\/p>\n<h3>Prezzi<\/h3>\n<p>Tutti i prezzi sono espressi in franchi svizzeri, IVA esclusa. Le variazioni di prezzo e le promozioni a tempo limitato sono possibili in qualsiasi momento e non richiedono alcun preavviso.<br \/>I prezzi applicabili al momento della stipula del contratto sono determinanti per l&#8217;ordine corrispondente.<\/p>\n<\/p>\n<h3>Pagamenti<\/h3>\n<p>I nostri prezzi sono rigorosamente netti, pagabili entro 30 giorni. Gli sconti non saranno riconosciuti. La merce rimane di propriet\u00e0 di Fritz Bertschi AG fino al completo pagamento della fattura. In caso di ritardo nei pagamenti possono essere applicati interessi di mora.<\/p>\n<\/p>\n<h3>Notifica dei difetti<\/h3>\n<p>Lo stato della merce ricevuta deve essere controllato immediatamente al momento del ricevimento; dopo 5 giorni la consegna si considera approvata. Non \u00e8 previsto alcun indennizzo per i danni derivanti da un immagazzinamento improprio.<\/p>\n<\/p>\n<h3>Protezione dei dati<\/h3>\n<p>I vostri dati personali sono necessari per elaborare l&#8217;ordine e le transazioni di pagamento. Fritz Bertschi AG li aggiunge al proprio archivio clienti. I dati non vengono trasmessi n\u00e9 venduti a terzi.<\/p>\n<\/p>\n<h3>Responsabilit\u00e0<\/h3>\n<p>Fritz Bertschi AG non si assume alcuna responsabilit\u00e0 in caso di mancata o ritardata consegna dei prodotti a causa dell&#8217;errata dichiarazione dell&#8217;indirizzo di consegna, dell&#8217;assenza del destinatario, di problemi doganali (esportazione) o di eventi attribuibili a cause di forza maggiore.<\/p>\n<\/p>\n<h3>Disponibilit\u00e0 generale<\/h3>\n<p>Le materie prime per i nostri prodotti sono soggette a continue variazioni e cambiamenti sul mercato mondiale. Nonostante un&#8217;attenta pianificazione, non \u00e8 sempre possibile garantire una disponibilit\u00e0 completa e costante dei nostri servizi. Ci riserviamo il diritto di apportare modifiche all&#8217;offerta con breve preavviso. Chiediamo la vostra comprensione.<\/p>\n<\/p>\n<h3>Diritto di restituzione<\/h3>\n<p>La merce non corretta o ordinata in eccesso, nella sua confezione originale, pu\u00f2 essere restituita entro 5 giorni. Questo non vale per i prodotti personalizzati ordinati su richiesta speciale. I costi della spedizione di ritorno sono a carico dell&#8217;acquirente. Se la merce viene restituita incompleta, sporca o danneggiata, il venditore ha il diritto di chiedere all&#8217;acquirente un risarcimento per la riduzione del valore.<\/p>\n<\/p>\n<h3>Garanzia<\/h3>\n<p>L&#8217;acquirente dovr\u00e0 denunciare i difetti evidenti entro e non oltre 2 giorni dal ricevimento della consegna, i difetti scoperti successivamente il prima possibile, altrimenti la merce si riterr\u00e0 accettata. In caso di garanzia, \u00e8 il venditore a decidere se effettuare una sostituzione. Sono esclusi dalla garanzia i danni per i quali l&#8217;acquirente \u00e8 l&#8217;unico responsabile, ad esempio a causa di un uso improprio, dell&#8217;usura naturale o di influenze esterne per le quali il venditore non \u00e8 responsabile.<\/p>\n<\/p>\n<h3>Ordinanza sugli alimenti<\/h3>\n<p>I nostri prodotti sono conformi all&#8217;ordinanza svizzera sulle derrate alimentari e vengono testati pi\u00f9 volte all&#8217;anno da organismi indipendenti per verificarne la conformit\u00e0.<\/p>\n<h3>Clausola di esclusione della responsabilit\u00e0<\/h3>\n<p>L&#8217;eventuale invalidit\u00e0 di una disposizione delle presenti CGV non pregiudica la validit\u00e0 delle restanti disposizioni delle CGV. Qualsiasi disposizione nulla o non valida sar\u00e0 sostituita da una disposizione che corrisponde al significato e allo scopo delle presenti CGV.<\/p>\n<\/p>\n<h3>Modifiche alle CGC<\/h3>\n<p>Fritz Bertschi AG si riserva il diritto di modificare le Condizioni Generali in qualsiasi momento. La versione legalmente valida \u00e8 pubblicata sul sito web.<\/p>\n<\/p>\n<h3>Legge applicabile e foro competente<\/h3>\n<p>Si applicano le disposizioni del diritto svizzero. Il foro competente \u00e8 Birsfelden, Svizzera.<\/p>\n<p>Birsfelden, ottobre 2014<\/p>\n\t\t\t\t\t\t\t\t<\/div>\n\t\t\t\t<\/div>\n\t\t\t\t\t<\/div>\n\t\t\t\t<\/div>\n\t\t\t\t<\/div>\n\t\t","protected":false},"excerpt":{"rendered":"<p>GTC Ambito di applicazione Le presenti condizioni generali si applicano alle consegne di merci ordinate dal cliente tramite il negozio online, via e-mail, via fax, per posta o per telefono.L&#8217;offerta d&#8217;ordine e di consegna e le presenti Condizioni generali si applicano solo agli ordini e alle consegne in Svizzera e nel Principato del Liechtenstein.Ci riserviamo [&hellip;]<\/p>\n","protected":false},"author":2,"featured_media":0,"parent":0,"menu_order":0,"comment_status":"closed","ping_status":"closed","template":"elementor_header_footer","meta":{"_acf_changed":false,"_coblocks_attr":"","_coblocks_dimensions":"","_coblocks_responsive_height":"","_coblocks_accordion_ie_support":"","inline_featured_image":false,"_monsterinsights_skip_tracking":false,"_monsterinsights_sitenote_active":false,"_monsterinsights_sitenote_note":"","_monsterinsights_sitenote_category":0,"footnotes":""},"class_list":["post-21029","page","type-page","status-publish","hentry"],"acf":[],"aioseo_notices":[],"_links":{"self":[{"href":"https:\/\/www.bertschi-cafe.ch\/it\/wp-json\/wp\/v2\/pages\/21029","targetHints":{"allow":["GET"]}}],"collection":[{"href":"https:\/\/www.bertschi-cafe.ch\/it\/wp-json\/wp\/v2\/pages"}],"about":[{"href":"https:\/\/www.bertschi-cafe.ch\/it\/wp-json\/wp\/v2\/types\/page"}],"author":[{"embeddable":true,"href":"https:\/\/www.bertschi-cafe.ch\/it\/wp-json\/wp\/v2\/users\/2"}],"replies":[{"embeddable":true,"href":"https:\/\/www.bertschi-cafe.ch\/it\/wp-json\/wp\/v2\/comments?post=21029"}],"version-history":[{"count":0,"href":"https:\/\/www.bertschi-cafe.ch\/it\/wp-json\/wp\/v2\/pages\/21029\/revisions"}],"wp:attachment":[{"href":"https:\/\/www.bertschi-cafe.ch\/it\/wp-json\/wp\/v2\/media?parent=21029"}],"curies":[{"name":"wp","href":"https:\/\/api.w.org\/{rel}","templated":true}]}}