{"id":20804,"date":"2024-01-03T16:28:16","date_gmt":"2024-01-03T16:28:16","guid":{"rendered":"https:\/\/www.bertschi-cafe.ch\/webseite\/bio-suisse\/"},"modified":"2024-02-26T20:51:57","modified_gmt":"2024-02-26T20:51:57","slug":"bio-suisse","status":"publish","type":"page","link":"https:\/\/www.bertschi-cafe.ch\/it\/il-nostro-caffe\/bio-suisse\/","title":{"rendered":"Bio Suisse"},"content":{"rendered":"\t\t<div data-elementor-type=\"wp-page\" data-elementor-id=\"20804\" class=\"elementor elementor-20804 elementor-4305\" data-elementor-post-type=\"page\">\n\t\t\t\t<div class=\"elementor-element elementor-element-3593c520 e-flex e-con-boxed e-con e-parent\" data-id=\"3593c520\" data-element_type=\"container\" data-e-type=\"container\" data-settings=\"{&quot;jet_parallax_layout_list&quot;:[],&quot;background_background&quot;:&quot;classic&quot;}\">\n\t\t\t\t\t<div class=\"e-con-inner\">\n\t\t<div class=\"elementor-element elementor-element-7b4bef5b e-flex e-con-boxed e-con e-child\" data-id=\"7b4bef5b\" data-element_type=\"container\" data-e-type=\"container\" data-settings=\"{&quot;background_background&quot;:&quot;classic&quot;,&quot;jet_parallax_layout_list&quot;:[]}\">\n\t\t\t\t\t<div class=\"e-con-inner\">\n\t\t\t\t<div class=\"elementor-element elementor-element-4eb297b8 elementor-widget elementor-widget-heading\" data-id=\"4eb297b8\" data-element_type=\"widget\" data-e-type=\"widget\" data-widget_type=\"heading.default\">\n\t\t\t\t<div class=\"elementor-widget-container\">\n\t\t\t\t\t<p class=\"elementor-heading-title elementor-size-default\">Bio Suisse<\/p>\t\t\t\t<\/div>\n\t\t\t\t<\/div>\n\t\t\t\t<div class=\"elementor-element elementor-element-324c87bd elementor-widget elementor-widget-heading\" data-id=\"324c87bd\" data-element_type=\"widget\" data-e-type=\"widget\" data-widget_type=\"heading.default\">\n\t\t\t\t<div class=\"elementor-widget-container\">\n\t\t\t\t\t<h1 class=\"elementor-heading-title elementor-size-default\">In armonia con la natura<\/h1>\t\t\t\t<\/div>\n\t\t\t\t<\/div>\n\t\t\t\t<div class=\"elementor-element elementor-element-b3be35e elementor-widget elementor-widget-spacer\" data-id=\"b3be35e\" data-element_type=\"widget\" data-e-type=\"widget\" data-widget_type=\"spacer.default\">\n\t\t\t\t<div class=\"elementor-widget-container\">\n\t\t\t\t\t\t\t<div class=\"elementor-spacer\">\n\t\t\t<div class=\"elementor-spacer-inner\"><\/div>\n\t\t<\/div>\n\t\t\t\t\t\t<\/div>\n\t\t\t\t<\/div>\n\t\t\t\t\t<\/div>\n\t\t\t\t<\/div>\n\t\t\t\t\t<\/div>\n\t\t\t\t<\/div>\n\t\t<div class=\"elementor-element elementor-element-c02e002 e-flex e-con-boxed e-con e-parent\" data-id=\"c02e002\" data-element_type=\"container\" data-e-type=\"container\" id=\"angebot\" data-settings=\"{&quot;jet_parallax_layout_list&quot;:[]}\">\n\t\t\t\t\t<div class=\"e-con-inner\">\n\t\t<div class=\"elementor-element elementor-element-f768124 e-flex e-con-boxed e-con e-child\" data-id=\"f768124\" data-element_type=\"container\" data-e-type=\"container\" data-settings=\"{&quot;jet_parallax_layout_list&quot;:[]}\">\n\t\t\t\t\t<div class=\"e-con-inner\">\n\t\t\t\t<div class=\"elementor-element elementor-element-6c7fccb elementor-widget elementor-widget-text-editor\" data-id=\"6c7fccb\" data-element_type=\"widget\" data-e-type=\"widget\" data-widget_type=\"text-editor.default\">\n\t\t\t\t<div class=\"elementor-widget-container\">\n\t\t\t\t\t\t\t\t\t<p>Due terzi degli svizzeri consumano regolarmente alimenti biologici. E ce ne sono sempre di pi\u00f9. Apprezzano la naturalezza, il sapore non adulterato e la sicurezza dei prodotti biologici. Il cibo Bud \u00e8 prodotto in armonia con la natura. Sono prodotti in modo particolarmente ecologico e sono sinonimo di altissima qualit\u00e0, lavorazione accurata, linee guida rigorose e controlli indipendenti. Questo garantisce una qualit\u00e0 biologica particolarmente elevata.<\/p>\n\t\t\t\t\t\t\t\t<\/div>\n\t\t\t\t<\/div>\n\t\t\t\t\t<\/div>\n\t\t\t\t<\/div>\n\t\t\t\t\t<\/div>\n\t\t\t\t<\/div>\n\t\t<div class=\"elementor-element elementor-element-eee038a e-flex e-con-boxed e-con e-parent\" data-id=\"eee038a\" data-element_type=\"container\" data-e-type=\"container\" data-settings=\"{&quot;jet_parallax_layout_list&quot;:[]}\">\n\t\t\t\t\t<div class=\"e-con-inner\">\n\t\t\t\t<div class=\"elementor-element elementor-element-4ff3f95 elementor-widget elementor-widget-text-editor\" data-id=\"4ff3f95\" data-element_type=\"widget\" data-e-type=\"widget\" data-widget_type=\"text-editor.default\">\n\t\t\t\t<div class=\"elementor-widget-container\">\n\t\t\t\t\t\t\t\t\t<h2>Coerente dal 1981<\/h2>\n<p>Bio Suisse si batte per una maggiore sostenibilit\u00e0 dell&#8217;agricoltura dal 1981. Oltre 5700 aziende agricole e orticole Bud sono membri dell&#8217;associazione e gestiscono le loro attivit\u00e0 in conformit\u00e0 alle linee guida di Bio Suisse, uno degli standard biologici pi\u00f9 elevati al mondo. Tra l&#8217;altro, anche le oltre 800 aziende di trasformazione e commercio autorizzate seguono questo standard quando lavorano con i loro prodotti Bud. Bio Suisse sviluppa continuamente l&#8217;alta qualit\u00e0 della gemma. Oltre agli obiettivi ecologici, Bio Suisse si impegna anche per condizioni sociali, eque e trasparenti in tutto il settore biologico.<\/p>\n<h2>Promuovere la diversit\u00e0 &#8211; proteggere l&#8217;ambiente<\/h2>\n<p>Bud si \u00e8 sempre impegnato per la sostenibilit\u00e0, la biodiversit\u00e0 e la conservazione delle risorse. Astenendosi sistematicamente dall&#8217;uso di fertilizzanti artificiali e pesticidi chimici di sintesi, piantando e coprendo per lo pi\u00f9 il terreno e coltivando una variet\u00e0 di colture, gli agricoltori Bud mantengono il terreno fertile e proteggono l&#8217;acqua, il suolo, l&#8217;aria e gli organismi viventi dalle tossine ambientali. Bio Suisse si concentra sulla protezione del clima. \u00c8 vietato il trasporto aereo di cibo Bud. I prodotti Bud sono inoltre confezionati in modo ecologico e rispettoso dell&#8217;ambiente.<\/p>\n<h2>Fiducia e correttezza<\/h2>\n<p>Potete fidarvi dei prodotti Bud. Le aziende agricole biologiche straniere devono soddisfare gli stessi standard delle aziende agricole in Svizzera e sono inoltre regolarmente ispezionate da organismi indipendenti. Il motto \u00e8 equit\u00e0: Bio Suisse si impegna a garantire prezzi equi e standard sociali nelle aziende agricole, sia a livello nazionale che per i prodotti importati.<\/p>\n<h2>Un marchio tangibile<\/h2>\n<p>La gemma, il marchio Bio Suisse, dichiara l&#8217;origine dei prodotti e ne garantisce l&#8217;autenticit\u00e0 e la qualit\u00e0. Oltre l&#8217;80% dei prodotti Bud proviene dalla Svizzera, il che significa anche brevi percorsi di trasporto per raggiungere il negozio.<\/p>\n<h2>Il germoglio biologico<\/h2>\n<p>Il prodotto contiene pi\u00f9 del 10% di materie prime importate. Questi sono soggetti alle stesse linee guida e agli stessi controlli dei prodotti Swiss Bud.<\/p>\n<p>Fonte: Bio Suisse<br \/>Informazioni complete direttamente su:<br \/><a href=\"https:\/\/www.bio-suisse.ch\/de.html\" target=\"_blank\" rel=\"noopener\">www.biosuisse.ch<\/a><\/p>\n\t\t\t\t\t\t\t\t<\/div>\n\t\t\t\t<\/div>\n\t\t\t\t\t<\/div>\n\t\t\t\t<\/div>\n\t\t\t\t<\/div>\n\t\t","protected":false},"excerpt":{"rendered":"<p>Bio Suisse In armonia con la natura Due terzi degli svizzeri consumano regolarmente alimenti biologici. E ce ne sono sempre di pi\u00f9. Apprezzano la naturalezza, il sapore non adulterato e la sicurezza dei prodotti biologici. Il cibo Bud \u00e8 prodotto in armonia con la natura. Sono prodotti in modo particolarmente ecologico e sono sinonimo di [&hellip;]<\/p>\n","protected":false},"author":2,"featured_media":0,"parent":20841,"menu_order":0,"comment_status":"closed","ping_status":"closed","template":"","meta":{"_acf_changed":false,"_coblocks_attr":"","_coblocks_dimensions":"","_coblocks_responsive_height":"","_coblocks_accordion_ie_support":"","inline_featured_image":false,"_monsterinsights_skip_tracking":false,"_monsterinsights_sitenote_active":false,"_monsterinsights_sitenote_note":"","_monsterinsights_sitenote_category":0,"footnotes":""},"class_list":["post-20804","page","type-page","status-publish","hentry"],"acf":[],"aioseo_notices":[],"_links":{"self":[{"href":"https:\/\/www.bertschi-cafe.ch\/it\/wp-json\/wp\/v2\/pages\/20804","targetHints":{"allow":["GET"]}}],"collection":[{"href":"https:\/\/www.bertschi-cafe.ch\/it\/wp-json\/wp\/v2\/pages"}],"about":[{"href":"https:\/\/www.bertschi-cafe.ch\/it\/wp-json\/wp\/v2\/types\/page"}],"author":[{"embeddable":true,"href":"https:\/\/www.bertschi-cafe.ch\/it\/wp-json\/wp\/v2\/users\/2"}],"replies":[{"embeddable":true,"href":"https:\/\/www.bertschi-cafe.ch\/it\/wp-json\/wp\/v2\/comments?post=20804"}],"version-history":[{"count":0,"href":"https:\/\/www.bertschi-cafe.ch\/it\/wp-json\/wp\/v2\/pages\/20804\/revisions"}],"up":[{"embeddable":true,"href":"https:\/\/www.bertschi-cafe.ch\/it\/wp-json\/wp\/v2\/pages\/20841"}],"wp:attachment":[{"href":"https:\/\/www.bertschi-cafe.ch\/it\/wp-json\/wp\/v2\/media?parent=20804"}],"curies":[{"name":"wp","href":"https:\/\/api.w.org\/{rel}","templated":true}]}}