{"id":20791,"date":"2023-12-22T14:11:15","date_gmt":"2023-12-22T14:11:15","guid":{"rendered":"https:\/\/www.bertschi-cafe.ch\/webseite\/contattateci\/"},"modified":"2024-02-23T17:04:09","modified_gmt":"2024-02-23T17:04:09","slug":"contatto","status":"publish","type":"page","link":"https:\/\/www.bertschi-cafe.ch\/it\/contatto\/","title":{"rendered":"Contattateci"},"content":{"rendered":"\t\t<div data-elementor-type=\"wp-page\" data-elementor-id=\"20791\" class=\"elementor elementor-20791 elementor-1972\" data-elementor-post-type=\"page\">\n\t\t\t\t<div class=\"elementor-element elementor-element-8449db7 e-flex e-con-boxed e-con e-parent\" data-id=\"8449db7\" data-element_type=\"container\" data-e-type=\"container\" data-settings=\"{&quot;jet_parallax_layout_list&quot;:[]}\">\n\t\t\t\t\t<div class=\"e-con-inner\">\n\t\t\t\t<div class=\"elementor-element elementor-element-06af01f elementor-widget elementor-widget-heading\" data-id=\"06af01f\" data-element_type=\"widget\" data-e-type=\"widget\" data-widget_type=\"heading.default\">\n\t\t\t\t<div class=\"elementor-widget-container\">\n\t\t\t\t\t<p class=\"elementor-heading-title elementor-size-default\">Contattateci<\/p>\t\t\t\t<\/div>\n\t\t\t\t<\/div>\n\t\t\t\t<div class=\"elementor-element elementor-element-7ff086b elementor-widget elementor-widget-heading\" data-id=\"7ff086b\" data-element_type=\"widget\" data-e-type=\"widget\" data-widget_type=\"heading.default\">\n\t\t\t\t<div class=\"elementor-widget-container\">\n\t\t\t\t\t<h1 class=\"elementor-heading-title elementor-size-default\">Siamo qui per voi<\/h1>\t\t\t\t<\/div>\n\t\t\t\t<\/div>\n\t\t\t\t<div class=\"elementor-element elementor-element-47bc280 elementor-widget elementor-widget-text-editor\" data-id=\"47bc280\" data-element_type=\"widget\" data-e-type=\"widget\" data-widget_type=\"text-editor.default\">\n\t\t\t\t<div class=\"elementor-widget-container\">\n\t\t\t\t\t\t\t\t\t<p>Avete domande sul nostro caff\u00e8 o avete bisogno di aiuto per il vostro ordine? Non esitate a contattarci. Compilate il modulo sottostante e vi risponderemo al pi\u00f9 presto. La vostra esperienza di acquisto \u00e8 importante per noi. Fateci sapere i vostri pensieri, domande o suggerimenti. Siamo qui per voi!<\/p>\n\t\t\t\t\t\t\t\t<\/div>\n\t\t\t\t<\/div>\n\t\t\t\t\t<\/div>\n\t\t\t\t<\/div>\n\t\t<div class=\"elementor-element elementor-element-5589860 e-flex e-con-boxed e-con e-parent\" data-id=\"5589860\" data-element_type=\"container\" data-e-type=\"container\" data-settings=\"{&quot;jet_parallax_layout_list&quot;:[]}\">\n\t\t\t\t\t<div class=\"e-con-inner\">\n\t\t<div class=\"elementor-element elementor-element-842897c e-con-full e-flex e-con e-child\" data-id=\"842897c\" data-element_type=\"container\" data-e-type=\"container\" data-settings=\"{&quot;jet_parallax_layout_list&quot;:[],&quot;background_background&quot;:&quot;classic&quot;}\">\n\t\t\t\t<div class=\"elementor-element elementor-element-46f4fce elementor-widget elementor-widget-jet-map\" data-id=\"46f4fce\" data-element_type=\"widget\" data-e-type=\"widget\" data-widget_type=\"jet-map.default\">\n\t\t\t\t<div class=\"elementor-widget-container\">\n\t\t\t\t\t<div class=\"jet-map\" data-provider=\"google\" data-init=\"{&quot;center&quot;:{&quot;lat&quot;:47.55542229999999648271113983355462551116943359375,&quot;lng&quot;:7.6353705999999998965677150408737361431121826171875},&quot;zoom&quot;:14,&quot;scrollwheel&quot;:false,&quot;zoomControl&quot;:true,&quot;pinsAutoClose&quot;:false,&quot;draggable&quot;:true,&quot;provider&quot;:&quot;google&quot;,&quot;fullscreenControl&quot;:true,&quot;streetViewControl&quot;:false,&quot;mapTypeControl&quot;:false}\" data-pins=\"[{&quot;address&quot;:&quot;R\\u00fchrbergstrasse 13, CH-4127 Birsfelden&quot;,&quot;position&quot;:{&quot;lat&quot;:47.55542229999999648271113983355462551116943359375,&quot;lng&quot;:7.6353705999999998965677150408737361431121826171875},&quot;desc&quot;:&quot;&lt;p&gt;Bertschi-Caf\\u00e9&lt;\\\/p&gt;&quot;,&quot;state&quot;:&quot;visible&quot;}]\"><\/div>\t\t\t\t<\/div>\n\t\t\t\t<\/div>\n\t\t\t\t<\/div>\n\t\t<div class=\"elementor-element elementor-element-34ee17a e-con-full e-flex e-con e-child\" data-id=\"34ee17a\" data-element_type=\"container\" data-e-type=\"container\" data-settings=\"{&quot;background_background&quot;:&quot;classic&quot;,&quot;jet_parallax_layout_list&quot;:[]}\">\n\t\t\t\t<div class=\"elementor-element elementor-element-bee2ac0 elementor-widget elementor-widget-heading\" data-id=\"bee2ac0\" data-element_type=\"widget\" data-e-type=\"widget\" data-widget_type=\"heading.default\">\n\t\t\t\t<div class=\"elementor-widget-container\">\n\t\t\t\t\t<h2 class=\"elementor-heading-title elementor-size-default\">Bertschi-Caf\u00e9<\/h2>\t\t\t\t<\/div>\n\t\t\t\t<\/div>\n\t\t\t\t<div class=\"elementor-element elementor-element-8f9848f elementor-widget elementor-widget-text-editor\" data-id=\"8f9848f\" data-element_type=\"widget\" data-e-type=\"widget\" data-widget_type=\"text-editor.default\">\n\t\t\t\t<div class=\"elementor-widget-container\">\n\t\t\t\t\t\t\t\t\t<p><strong>Fritz Bertschi AG<\/strong><br \/>R\u00fchrbergstrasse 13<br \/>CH-4127 Birsfelden<\/p>\n<p>MO &#8211; FR 07:30 &#8211; 16.00 ore<\/p>\n<p>Telefono 061 313 22 00<br \/>Fax 061 311 19 49<\/p>\n<p><a href=\"mailto:info@bertschi-cafe.ch\">info@bertschi-cafe.ch<\/a><\/p>\n\t\t\t\t\t\t\t\t<\/div>\n\t\t\t\t<\/div>\n\t\t\t\t<\/div>\n\t\t\t\t\t<\/div>\n\t\t\t\t<\/div>\n\t\t\t\t<\/div>\n\t\t","protected":false},"excerpt":{"rendered":"<p>Contattateci Siamo qui per voi Avete domande sul nostro caff\u00e8 o avete bisogno di aiuto per il vostro ordine? Non esitate a contattarci. Compilate il modulo sottostante e vi risponderemo al pi\u00f9 presto. La vostra esperienza di acquisto \u00e8 importante per noi. Fateci sapere i vostri pensieri, domande o suggerimenti. Siamo qui per voi! Bertschi-Caf\u00e9 [&hellip;]<\/p>\n","protected":false},"author":2,"featured_media":0,"parent":0,"menu_order":0,"comment_status":"closed","ping_status":"closed","template":"","meta":{"_acf_changed":false,"_coblocks_attr":"","_coblocks_dimensions":"","_coblocks_responsive_height":"","_coblocks_accordion_ie_support":"","inline_featured_image":false,"_monsterinsights_skip_tracking":false,"_monsterinsights_sitenote_active":false,"_monsterinsights_sitenote_note":"","_monsterinsights_sitenote_category":0,"footnotes":""},"class_list":["post-20791","page","type-page","status-publish","hentry"],"acf":[],"aioseo_notices":[],"_links":{"self":[{"href":"https:\/\/www.bertschi-cafe.ch\/it\/wp-json\/wp\/v2\/pages\/20791","targetHints":{"allow":["GET"]}}],"collection":[{"href":"https:\/\/www.bertschi-cafe.ch\/it\/wp-json\/wp\/v2\/pages"}],"about":[{"href":"https:\/\/www.bertschi-cafe.ch\/it\/wp-json\/wp\/v2\/types\/page"}],"author":[{"embeddable":true,"href":"https:\/\/www.bertschi-cafe.ch\/it\/wp-json\/wp\/v2\/users\/2"}],"replies":[{"embeddable":true,"href":"https:\/\/www.bertschi-cafe.ch\/it\/wp-json\/wp\/v2\/comments?post=20791"}],"version-history":[{"count":0,"href":"https:\/\/www.bertschi-cafe.ch\/it\/wp-json\/wp\/v2\/pages\/20791\/revisions"}],"wp:attachment":[{"href":"https:\/\/www.bertschi-cafe.ch\/it\/wp-json\/wp\/v2\/media?parent=20791"}],"curies":[{"name":"wp","href":"https:\/\/api.w.org\/{rel}","templated":true}]}}