{"id":35475,"date":"2026-01-27T13:13:17","date_gmt":"2026-01-27T11:13:17","guid":{"rendered":"https:\/\/www.bertschi-cafe.ch\/?post_type=product&#038;p=35475"},"modified":"2026-01-30T10:59:30","modified_gmt":"2026-01-30T08:59:30","slug":"entdecker-set-espresso-kaffee-genuss-paket-6-x-250g","status":"publish","type":"product","link":"https:\/\/www.bertschi-cafe.ch\/fr\/produit\/entdecker-set-espresso-kaffee-genuss-paket-6-x-250g\/","title":{"rendered":"Entdecker-Set: Espresso &#038; Kaffee Genuss-Paket (6 x 250g)"},"content":{"rendered":"<p data-path-to-node=\"2\"><strong>Entdecker-Set: Espresso &amp; Kaffee Genuss-Paket (6 x 250g)<\/strong><\/p>\n<p data-path-to-node=\"3\">Tauchen Sie ein in die Vielfalt von Bertschi Caf\u00e9 \u2013 Mit unserem exklusiven Probierset erleben Sie die ganze Bandbreite unserer R\u00f6stkunst.<\/p>\n<p data-path-to-node=\"4\">Sie k\u00f6nnen sich nicht entscheiden oder m\u00f6chten die aromatische Vielfalt unserer R\u00f6sterei erst einmal kennenlernen? Unser Entdecker-Set bietet Ihnen die perfekte Gelegenheit dazu. Wir haben f\u00fcr Sie eine sorgf\u00e4ltige Auswahl aus drei charakterstarken Espresso-R\u00f6stungen und drei harmonischen Kaffee-Mischungen zusammengestellt. Alle sechs Sorten kommen im praktischen 250g-Beutel \u2013 ideal f\u00fcr den Frischegenuss zu Hause oder als hochwertiges Geschenk f\u00fcr Kaffeeliebhaber.<\/p>\n<p data-path-to-node=\"5\">Erleben Sie das Ergebnis von \u00fcber 80 Jahren Erfahrung und traditioneller Trommelr\u00f6stung. Von mild und nussig bis kr\u00e4ftig und w\u00fcrzig \u2013 finden Sie Ihren pers\u00f6nlichen Favoriten.<\/p>\n<p data-path-to-node=\"6\"><strong>Das Set enth\u00e4lt:<\/strong><\/p>\n<p data-path-to-node=\"7\"><b data-path-to-node=\"7\" data-index-in-node=\"0\">Die Kaffee-Spezialit\u00e4ten (Ideal f\u00fcr Caf\u00e9 Cr\u00e8me &amp; Filter):<\/b><\/p>\n<ul data-path-to-node=\"8\">\n<li>\n<p data-path-to-node=\"8,0,0\"><b data-path-to-node=\"8,0,0\" data-index-in-node=\"0\">Bio Bravo (hell):<\/b> Ein sanfter 100% Arabica aus nachhaltigem Anbau. Er besticht durch sein mildes Aroma mit feinen nussigen Noten und sehr wenig S\u00e4ure. (Bio Knospe &amp; Fairtrade)<\/p>\n<\/li>\n<li>\n<p data-path-to-node=\"8,1,0\"><b data-path-to-node=\"8,1,0\" data-index-in-node=\"0\">Sombrero Classico (mittel):<\/b> Eine elegante Mischung aus 80% Arabica und 20% Robusta. Mild und voll im Geschmack, mit dezenten erdigen Nuancen und harmonischer Struktur. (Fairtrade)<\/p>\n<\/li>\n<li>\n<p data-path-to-node=\"8,2,0\"><b data-path-to-node=\"8,2,0\" data-index-in-node=\"0\">Gastro Queen:<\/b> Die \u201eK\u00f6nigin\u201c f\u00fcr den Caf\u00e9 Cr\u00e8me. Eine ausgewogene Mischung (60% Arabica \/ 40% Robusta), die durch eine weiche Textur und eine kr\u00e4ftige Schokoladennote \u00fcberzeugt.<\/p>\n<\/li>\n<\/ul>\n<p data-path-to-node=\"9\"><b data-path-to-node=\"9\" data-index-in-node=\"0\">Die Espresso-Highlights (Ideal f\u00fcr Espresso &amp; Ristretto):<\/b><\/p>\n<ul data-path-to-node=\"10\">\n<li>\n<p data-path-to-node=\"10,0,0\"><b data-path-to-node=\"10,0,0\" data-index-in-node=\"0\">Euro Bio Bravo Espresso:<\/b> Ein kraftvoller Bio-Espresso (60% Arabica \/ 40% Robusta) mit dunkler R\u00f6stung. Er liefert ein intensives Geschmackserlebnis mit feinen fruchtigen Nuancen. (Euro-Bio &amp; Fairtrade)<\/p>\n<\/li>\n<li>\n<p data-path-to-node=\"10,1,0\"><b data-path-to-node=\"10,1,0\" data-index-in-node=\"0\">Sombrero Latino Lover:<\/b> Leidenschaft in der Tasse. Diese dunkle R\u00f6stung (50% Arabica \/ 50% Robusta) ist w\u00fcrzig, nussig und eignet sich hervorragend f\u00fcr einen Espresso \u201eTipo Milano\u201c oder Latte Macchiato. (Fairtrade)<\/p>\n<\/li>\n<li>\n<p data-path-to-node=\"10,2,0\"><b data-path-to-node=\"10,2,0\" data-index-in-node=\"0\">Gastro King:<\/b> Der \u201eK\u00f6nig\u201c unter den Espressi. Eine kr\u00e4ftige, mittlere R\u00f6stung (70% Arabica \/ 30% Robusta), die praktisch s\u00e4urefrei ist und mit viel K\u00f6rper und Balance punktet.<\/p>\n<\/li>\n<\/ul>\n<p data-path-to-node=\"11\"><strong>Produktdetails:<\/strong><\/p>\n<ul data-path-to-node=\"12\">\n<li>\n<p data-path-to-node=\"12,0,0\"><b data-path-to-node=\"12,0,0\" data-index-in-node=\"0\">Inhalt:<\/b> 6 x 250g ganze Bohnen<\/p>\n<\/li>\n<li>\n<p data-path-to-node=\"12,1,0\"><b data-path-to-node=\"12,1,0\" data-index-in-node=\"0\">R\u00f6stung:<\/b> Von hell bis dunkel \u2013 die ganze Vielfalt der Bertschi-R\u00f6stprofile<\/p>\n<\/li>\n<li>\n<p data-path-to-node=\"12,2,0\"><b data-path-to-node=\"12,2,0\" data-index-in-node=\"0\">Eignung:<\/b> Perfekt f\u00fcr Vollautomaten, Siebtr\u00e4ger und Filterkaffee<\/p>\n<\/li>\n<li>\n<p data-path-to-node=\"12,3,0\"><b data-path-to-node=\"12,3,0\" data-index-in-node=\"0\">Zertifizierung:<\/b> Enth\u00e4lt zertifizierte Bio- und Fairtrade-Produkte<\/p>\n<\/li>\n<\/ul>\n<p data-path-to-node=\"13\"><b data-path-to-node=\"13\" data-index-in-node=\"0\">Geniessen Sie die Schweizer R\u00f6sttradition und finden Sie mit diesem Set Ihren neuen Lieblingskaffee!<\/b><\/p>\n","protected":false},"excerpt":{"rendered":"<p>Entdecker-Set: Espresso &amp; Kaffee Genuss-Paket (6 x 250g) Tauchen Sie ein in die Vielfalt von Bertschi Caf\u00e9 \u2013 Mit unserem exklusiven Probierset erleben Sie die ganze Bandbreite unserer R\u00f6stkunst. Sie k\u00f6nnen sich nicht entscheiden oder m\u00f6chten die aromatische Vielfalt unserer R\u00f6sterei erst einmal kennenlernen? Unser Entdecker-Set bietet Ihnen die perfekte Gelegenheit dazu. Wir haben f\u00fcr [&hellip;]<\/p>\n","protected":false},"featured_media":35479,"template":"","meta":{"_acf_changed":false,"_coblocks_attr":"","_coblocks_dimensions":"","_coblocks_responsive_height":"","_coblocks_accordion_ie_support":"","inline_featured_image":false,"_monsterinsights_skip_tracking":false,"_monsterinsights_sitenote_active":false,"_monsterinsights_sitenote_note":"","_monsterinsights_sitenote_category":0},"product_brand":[],"product_cat":[46,60,116,61],"product_tag":[],"class_list":{"0":"post-35475","1":"product","2":"type-product","3":"status-publish","4":"has-post-thumbnail","6":"product_cat-bohnen","7":"product_cat-gemahlen","8":"product_cat-geschenk-und-probiersets","9":"product_cat-spezialitaeten","10":"pa_zubereitung-filter-ganze-bohnen","11":"pa_zubereitung-filter-gemahlen","13":"first","14":"instock","15":"taxable","16":"shipping-taxable","17":"purchasable","18":"product-type-variable"},"acf":[],"aioseo_notices":[],"_links":{"self":[{"href":"https:\/\/www.bertschi-cafe.ch\/fr\/wp-json\/wp\/v2\/product\/35475","targetHints":{"allow":["GET"]}}],"collection":[{"href":"https:\/\/www.bertschi-cafe.ch\/fr\/wp-json\/wp\/v2\/product"}],"about":[{"href":"https:\/\/www.bertschi-cafe.ch\/fr\/wp-json\/wp\/v2\/types\/product"}],"wp:featuredmedia":[{"embeddable":true,"href":"https:\/\/www.bertschi-cafe.ch\/fr\/wp-json\/wp\/v2\/media\/35479"}],"wp:attachment":[{"href":"https:\/\/www.bertschi-cafe.ch\/fr\/wp-json\/wp\/v2\/media?parent=35475"}],"wp:term":[{"taxonomy":"product_brand","embeddable":true,"href":"https:\/\/www.bertschi-cafe.ch\/fr\/wp-json\/wp\/v2\/product_brand?post=35475"},{"taxonomy":"product_cat","embeddable":true,"href":"https:\/\/www.bertschi-cafe.ch\/fr\/wp-json\/wp\/v2\/product_cat?post=35475"},{"taxonomy":"product_tag","embeddable":true,"href":"https:\/\/www.bertschi-cafe.ch\/fr\/wp-json\/wp\/v2\/product_tag?post=35475"}],"curies":[{"name":"wp","href":"https:\/\/api.w.org\/{rel}","templated":true}]}}