{"id":20911,"date":"2020-06-21T21:43:00","date_gmt":"2020-06-21T21:43:00","guid":{"rendered":"https:\/\/www.bertschi-cafe.ch\/webseite\/?post_type=product&#038;p=20911"},"modified":"2024-02-27T17:57:54","modified_gmt":"2024-02-27T17:57:54","slug":"saison-kaffee","status":"publish","type":"product","link":"https:\/\/www.bertschi-cafe.ch\/fr\/produit\/saison-kaffee\/","title":{"rendered":"Caf\u00e9 de saison hiver"},"content":{"rendered":"<p><strong>M\u00e9lange<br \/>\n<\/strong><\/p>\n<p>80% Grains d&rsquo;arabica d&rsquo;Am\u00e9rique centrale et d&rsquo;Am\u00e9rique du Sud<\/p>\n<p>20% Grains de robusta d&rsquo;Asie<\/p>\n<p><strong>Go\u00fbt<br \/>\n<\/strong><\/p>\n<p>Unser Winter-Kaffee ist eine kr\u00e4ftige und vollmundige Mischung aus feinsten arabica Bohnen von S\u00fcdamerika und robusta Bohnen aus Asien. G\u00f6nnen Sie sich in den kalten Winter Monaten einen Kaffee mit feinen Nuss und Schokolade Nuancen. Die Mischung ist magenschonend und hat sehr wenig S\u00e4ure.<\/p>\n<p><strong>Torr\u00e9faction<\/strong><\/p>\n<p>kr\u00e4ftige R\u00f6stung<\/p>\n<p><strong>Aptitude<\/strong><\/p>\n<p>F\u00fcr ein kr\u00e4ftiger Caf\u00e9-Cr\u00e8me oder Milchkaffee. Als kr\u00e4ftiger Espresso \u00abTipo Milano\u00bb.<\/p>\n<p><strong>Disponible sur<\/strong><br \/>\n500g de grains et moulu<\/p>\n","protected":false},"excerpt":{"rendered":"<p>M\u00e9lange 80% Grains d&rsquo;arabica d&rsquo;Am\u00e9rique centrale et d&rsquo;Am\u00e9rique du Sud 20% Grains de robusta d&rsquo;Asie Go\u00fbt Unser Winter-Kaffee ist eine kr\u00e4ftige und vollmundige Mischung aus feinsten arabica Bohnen von S\u00fcdamerika und robusta Bohnen aus Asien. G\u00f6nnen Sie sich in den kalten Winter Monaten einen Kaffee mit feinen Nuss und Schokolade Nuancen. Die Mischung ist magenschonend [&hellip;]<\/p>\n","protected":false},"featured_media":31193,"template":"","meta":{"_acf_changed":false,"_coblocks_attr":"","_coblocks_dimensions":"","_coblocks_responsive_height":"","_coblocks_accordion_ie_support":"","inline_featured_image":false,"_monsterinsights_skip_tracking":false,"_monsterinsights_sitenote_active":false,"_monsterinsights_sitenote_note":"","_monsterinsights_sitenote_category":0},"product_brand":[],"product_cat":[155,156],"product_tag":[],"class_list":{"0":"post-20911","1":"product","2":"type-product","3":"status-publish","4":"has-post-thumbnail","6":"product_cat-bohnen","7":"product_cat-gemahlen","8":"pa_zubereitung-filter-ganze-bohnen","9":"pa_zubereitung-filter-gemahlen","11":"first","12":"instock","13":"taxable","14":"shipping-taxable","15":"purchasable","16":"product-type-variable","17":"has-default-attributes"},"acf":[],"aioseo_notices":[],"_links":{"self":[{"href":"https:\/\/www.bertschi-cafe.ch\/fr\/wp-json\/wp\/v2\/product\/20911","targetHints":{"allow":["GET"]}}],"collection":[{"href":"https:\/\/www.bertschi-cafe.ch\/fr\/wp-json\/wp\/v2\/product"}],"about":[{"href":"https:\/\/www.bertschi-cafe.ch\/fr\/wp-json\/wp\/v2\/types\/product"}],"wp:featuredmedia":[{"embeddable":true,"href":"https:\/\/www.bertschi-cafe.ch\/fr\/wp-json\/wp\/v2\/media\/31193"}],"wp:attachment":[{"href":"https:\/\/www.bertschi-cafe.ch\/fr\/wp-json\/wp\/v2\/media?parent=20911"}],"wp:term":[{"taxonomy":"product_brand","embeddable":true,"href":"https:\/\/www.bertschi-cafe.ch\/fr\/wp-json\/wp\/v2\/product_brand?post=20911"},{"taxonomy":"product_cat","embeddable":true,"href":"https:\/\/www.bertschi-cafe.ch\/fr\/wp-json\/wp\/v2\/product_cat?post=20911"},{"taxonomy":"product_tag","embeddable":true,"href":"https:\/\/www.bertschi-cafe.ch\/fr\/wp-json\/wp\/v2\/product_tag?post=20911"}],"curies":[{"name":"wp","href":"https:\/\/api.w.org\/{rel}","templated":true}]}}