{"id":20643,"date":"2014-09-19T13:30:00","date_gmt":"2014-09-19T13:30:00","guid":{"rendered":"https:\/\/www.bertschi-cafe.ch\/webseite\/produkt\/cafe-bio-bravo-clair\/"},"modified":"2024-03-13T06:52:21","modified_gmt":"2024-03-13T06:52:21","slug":"bio-bravo","status":"publish","type":"product","link":"https:\/\/www.bertschi-cafe.ch\/fr\/produit\/bio-bravo\/","title":{"rendered":"Caf\u00e9 bio Bravo (clair)"},"content":{"rendered":"<p><strong>M\u00e9lange<br \/>\n<\/strong>100% Arabica d&rsquo;Am\u00e9rique centrale et d&rsquo;Am\u00e9rique du Sud (Mexique et P\u00e9rou). Notre caf\u00e9 bio, \u00e9galement pour tous les \u00e9tablissements de restauration.<\/p>\n<p><strong>Go\u00fbt<br \/>\n<\/strong>M\u00e9lange \u00e9quilibr\u00e9 de nobles arabicas bio d&rsquo;Am\u00e9rique centrale et d&rsquo;Am\u00e9rique du Sud. Ar\u00f4me doux et complet avec une note de noisette. Arri\u00e8re-go\u00fbt agr\u00e9able de noix. Peu d&rsquo;acidit\u00e9.<\/p>\n<p><strong>Torr\u00e9faction<\/strong><br \/>\nLumineux<\/p>\n<p><strong>Aptitude<\/strong><br \/>\nCaf\u00e9 cr\u00e8me et caf\u00e9 filtre<\/p>\n<p><strong>Disponible sur<\/strong><br \/>\n250g de grains \/ 250g moulu \/ 500g de grains \/ 500g moulu \/ 1kg de grains<\/p>\n<p><strong>Certification<\/strong><br \/>\nBourgeon bio et commerce \u00e9quitable Max Havelaar<\/p>\n","protected":false},"excerpt":{"rendered":"<p>M\u00e9lange 100% Arabica d&rsquo;Am\u00e9rique centrale et d&rsquo;Am\u00e9rique du Sud (Mexique et P\u00e9rou). Notre caf\u00e9 bio, \u00e9galement pour tous les \u00e9tablissements de restauration. Go\u00fbt M\u00e9lange \u00e9quilibr\u00e9 de nobles arabicas bio d&rsquo;Am\u00e9rique centrale et d&rsquo;Am\u00e9rique du Sud. Ar\u00f4me doux et complet avec une note de noisette. Arri\u00e8re-go\u00fbt agr\u00e9able de noix. Peu d&rsquo;acidit\u00e9. Torr\u00e9faction Lumineux Aptitude Caf\u00e9 cr\u00e8me [&hellip;]<\/p>\n","protected":false},"featured_media":18557,"template":"","meta":{"_acf_changed":false,"_coblocks_attr":"","_coblocks_dimensions":"","_coblocks_responsive_height":"","_coblocks_accordion_ie_support":"","inline_featured_image":false,"_monsterinsights_skip_tracking":false,"_monsterinsights_sitenote_active":false,"_monsterinsights_sitenote_note":"","_monsterinsights_sitenote_category":0},"product_brand":[],"product_cat":[155,156],"product_tag":[],"class_list":{"0":"post-20643","1":"product","2":"type-product","3":"status-publish","4":"has-post-thumbnail","6":"product_cat-bohnen","7":"product_cat-gemahlen","8":"pa_zubereitung-filter-ganze-bohnen","9":"pa_zubereitung-filter-gemahlen","11":"first","12":"instock","13":"taxable","14":"shipping-taxable","15":"purchasable","16":"product-type-variable","17":"has-default-attributes"},"acf":[],"aioseo_notices":[],"_links":{"self":[{"href":"https:\/\/www.bertschi-cafe.ch\/fr\/wp-json\/wp\/v2\/product\/20643","targetHints":{"allow":["GET"]}}],"collection":[{"href":"https:\/\/www.bertschi-cafe.ch\/fr\/wp-json\/wp\/v2\/product"}],"about":[{"href":"https:\/\/www.bertschi-cafe.ch\/fr\/wp-json\/wp\/v2\/types\/product"}],"wp:featuredmedia":[{"embeddable":true,"href":"https:\/\/www.bertschi-cafe.ch\/fr\/wp-json\/wp\/v2\/media\/18557"}],"wp:attachment":[{"href":"https:\/\/www.bertschi-cafe.ch\/fr\/wp-json\/wp\/v2\/media?parent=20643"}],"wp:term":[{"taxonomy":"product_brand","embeddable":true,"href":"https:\/\/www.bertschi-cafe.ch\/fr\/wp-json\/wp\/v2\/product_brand?post=20643"},{"taxonomy":"product_cat","embeddable":true,"href":"https:\/\/www.bertschi-cafe.ch\/fr\/wp-json\/wp\/v2\/product_cat?post=20643"},{"taxonomy":"product_tag","embeddable":true,"href":"https:\/\/www.bertschi-cafe.ch\/fr\/wp-json\/wp\/v2\/product_tag?post=20643"}],"curies":[{"name":"wp","href":"https:\/\/api.w.org\/{rel}","templated":true}]}}