{"id":20641,"date":"2014-09-19T13:34:00","date_gmt":"2014-09-19T13:34:00","guid":{"rendered":"https:\/\/www.bertschi-cafe.ch\/webseite\/produkt\/cafe-bio-bravo-moyen\/"},"modified":"2024-03-13T06:52:19","modified_gmt":"2024-03-13T06:52:19","slug":"agent-bio-bravo","status":"publish","type":"product","link":"https:\/\/www.bertschi-cafe.ch\/fr\/produit\/agent-bio-bravo\/","title":{"rendered":"Caf\u00e9 bio Bravo (moyen)"},"content":{"rendered":"<p><strong>M\u00e9lange<br \/>\n<\/strong>100% arabica bio d&rsquo;Am\u00e9rique centrale et d&rsquo;Am\u00e9rique du Sud. Notre caf\u00e9 bio, \u00e9galement pour tous les \u00e9tablissements de restauration.<\/p>\n<p><strong>Go\u00fbt<br \/>\n<\/strong>M\u00e9lange \u00e9quilibr\u00e9 de nobles arabicas bio d&rsquo;Am\u00e9rique centrale et d&rsquo;Am\u00e9rique du Sud. Ar\u00f4me doux et complet avec une note de noisette. Arri\u00e8re-go\u00fbt agr\u00e9able de noix. Peu d&rsquo;acidit\u00e9.<\/p>\n<p><strong>Torr\u00e9faction<\/strong><br \/>\nMoyens<\/p>\n<p><strong>Aptitude<\/strong><br \/>\nEspresso, caf\u00e9 cr\u00e8me et latte macchiatto<\/p>\n<p><strong>Disponible sur<\/strong><br \/>\n1kg de haricots<\/p>\n<p><strong>Certification<\/strong><br \/>\nBourgeon bio et commerce \u00e9quitable Max Havelaar<\/p>\n","protected":false},"excerpt":{"rendered":"<p>M\u00e9lange 100% arabica bio d&rsquo;Am\u00e9rique centrale et d&rsquo;Am\u00e9rique du Sud. Notre caf\u00e9 bio, \u00e9galement pour tous les \u00e9tablissements de restauration. Go\u00fbt M\u00e9lange \u00e9quilibr\u00e9 de nobles arabicas bio d&rsquo;Am\u00e9rique centrale et d&rsquo;Am\u00e9rique du Sud. Ar\u00f4me doux et complet avec une note de noisette. Arri\u00e8re-go\u00fbt agr\u00e9able de noix. Peu d&rsquo;acidit\u00e9. Torr\u00e9faction Moyens Aptitude Espresso, caf\u00e9 cr\u00e8me et [&hellip;]<\/p>\n","protected":false},"featured_media":18559,"template":"","meta":{"_acf_changed":false,"_coblocks_attr":"","_coblocks_dimensions":"","_coblocks_responsive_height":"","_coblocks_accordion_ie_support":"","inline_featured_image":false,"_monsterinsights_skip_tracking":false,"_monsterinsights_sitenote_active":false,"_monsterinsights_sitenote_note":"","_monsterinsights_sitenote_category":0},"product_brand":[],"product_cat":[155],"product_tag":[],"class_list":{"0":"post-20641","1":"product","2":"type-product","3":"status-publish","4":"has-post-thumbnail","6":"product_cat-bohnen","7":"pa_zubereitung-filter-ganze-bohnen","9":"first","10":"instock","11":"taxable","12":"shipping-taxable","13":"purchasable","14":"product-type-variable","15":"has-default-attributes"},"acf":[],"aioseo_notices":[],"_links":{"self":[{"href":"https:\/\/www.bertschi-cafe.ch\/fr\/wp-json\/wp\/v2\/product\/20641","targetHints":{"allow":["GET"]}}],"collection":[{"href":"https:\/\/www.bertschi-cafe.ch\/fr\/wp-json\/wp\/v2\/product"}],"about":[{"href":"https:\/\/www.bertschi-cafe.ch\/fr\/wp-json\/wp\/v2\/types\/product"}],"wp:featuredmedia":[{"embeddable":true,"href":"https:\/\/www.bertschi-cafe.ch\/fr\/wp-json\/wp\/v2\/media\/18559"}],"wp:attachment":[{"href":"https:\/\/www.bertschi-cafe.ch\/fr\/wp-json\/wp\/v2\/media?parent=20641"}],"wp:term":[{"taxonomy":"product_brand","embeddable":true,"href":"https:\/\/www.bertschi-cafe.ch\/fr\/wp-json\/wp\/v2\/product_brand?post=20641"},{"taxonomy":"product_cat","embeddable":true,"href":"https:\/\/www.bertschi-cafe.ch\/fr\/wp-json\/wp\/v2\/product_cat?post=20641"},{"taxonomy":"product_tag","embeddable":true,"href":"https:\/\/www.bertschi-cafe.ch\/fr\/wp-json\/wp\/v2\/product_tag?post=20641"}],"curies":[{"name":"wp","href":"https:\/\/api.w.org\/{rel}","templated":true}]}}