{"id":20621,"date":"2014-09-19T13:45:00","date_gmt":"2014-09-19T13:45:00","guid":{"rendered":"https:\/\/www.bertschi-cafe.ch\/webseite\/produkt\/cappuccino\/"},"modified":"2024-02-27T17:57:44","modified_gmt":"2024-02-27T17:57:44","slug":"cappuccino","status":"publish","type":"product","link":"https:\/\/www.bertschi-cafe.ch\/fr\/produit\/cappuccino\/","title":{"rendered":"Cappuccino"},"content":{"rendered":"<p><strong>M\u00e9lange<br \/>\n<\/strong>90% d&rsquo;arabica d&rsquo;Am\u00e9rique centrale et d&rsquo;Am\u00e9rique du Sud<br \/>\n10% de robusta d&rsquo;Asie<\/p>\n<p><strong>Go\u00fbt<br \/>\n<\/strong>Une sp\u00e9cialit\u00e9 de caf\u00e9 : des torr\u00e9factions claires et fonc\u00e9es sont m\u00e9lang\u00e9es ensemble.<\/p>\n<p><strong>Torr\u00e9faction<br \/>\n<\/strong>Moyenne<\/p>\n<p><strong>Aptitude<\/strong><br \/>\nUn caf\u00e9 cr\u00e8me d\u00e9licieusement riche ou un espresso moyennement fort, jamais amer.<\/p>\n<p><strong>Disponible<br \/>\n<\/strong>500g haricots \/ 1kg haricots<\/p>\n","protected":false},"excerpt":{"rendered":"<p>M\u00e9lange 90% d&rsquo;arabica d&rsquo;Am\u00e9rique centrale et d&rsquo;Am\u00e9rique du Sud 10% de robusta d&rsquo;Asie Go\u00fbt Une sp\u00e9cialit\u00e9 de caf\u00e9 : des torr\u00e9factions claires et fonc\u00e9es sont m\u00e9lang\u00e9es ensemble. Torr\u00e9faction Moyenne Aptitude Un caf\u00e9 cr\u00e8me d\u00e9licieusement riche ou un espresso moyennement fort, jamais amer. Disponible 500g haricots \/ 1kg haricots<\/p>\n","protected":false},"featured_media":18591,"template":"","meta":{"_acf_changed":false,"_coblocks_attr":"","_coblocks_dimensions":"","_coblocks_responsive_height":"","_coblocks_accordion_ie_support":"","inline_featured_image":false,"_monsterinsights_skip_tracking":false,"_monsterinsights_sitenote_active":false,"_monsterinsights_sitenote_note":"","_monsterinsights_sitenote_category":0},"product_brand":[],"product_cat":[155],"product_tag":[],"class_list":{"0":"post-20621","1":"product","2":"type-product","3":"status-publish","4":"has-post-thumbnail","6":"product_cat-bohnen","7":"pa_zubereitung-filter-ganze-bohnen","9":"first","10":"instock","11":"taxable","12":"shipping-taxable","13":"purchasable","14":"product-type-variable","15":"has-default-attributes"},"acf":[],"aioseo_notices":[],"_links":{"self":[{"href":"https:\/\/www.bertschi-cafe.ch\/fr\/wp-json\/wp\/v2\/product\/20621","targetHints":{"allow":["GET"]}}],"collection":[{"href":"https:\/\/www.bertschi-cafe.ch\/fr\/wp-json\/wp\/v2\/product"}],"about":[{"href":"https:\/\/www.bertschi-cafe.ch\/fr\/wp-json\/wp\/v2\/types\/product"}],"wp:featuredmedia":[{"embeddable":true,"href":"https:\/\/www.bertschi-cafe.ch\/fr\/wp-json\/wp\/v2\/media\/18591"}],"wp:attachment":[{"href":"https:\/\/www.bertschi-cafe.ch\/fr\/wp-json\/wp\/v2\/media?parent=20621"}],"wp:term":[{"taxonomy":"product_brand","embeddable":true,"href":"https:\/\/www.bertschi-cafe.ch\/fr\/wp-json\/wp\/v2\/product_brand?post=20621"},{"taxonomy":"product_cat","embeddable":true,"href":"https:\/\/www.bertschi-cafe.ch\/fr\/wp-json\/wp\/v2\/product_cat?post=20621"},{"taxonomy":"product_tag","embeddable":true,"href":"https:\/\/www.bertschi-cafe.ch\/fr\/wp-json\/wp\/v2\/product_tag?post=20621"}],"curies":[{"name":"wp","href":"https:\/\/api.w.org\/{rel}","templated":true}]}}