{"id":20618,"date":"2014-09-19T13:49:00","date_gmt":"2014-09-19T13:49:00","guid":{"rendered":"https:\/\/www.bertschi-cafe.ch\/webseite\/produkt\/soiree\/"},"modified":"2024-02-27T17:57:44","modified_gmt":"2024-02-27T17:57:44","slug":"soiree","status":"publish","type":"product","link":"https:\/\/www.bertschi-cafe.ch\/fr\/produit\/soiree\/","title":{"rendered":"Soir\u00e9e"},"content":{"rendered":"<p><strong>M\u00e9lange<br \/>\n<\/strong>60% Arabica<br \/>\n40% de robusta<\/p>\n<p><strong>Go\u00fbt<br \/>\n<\/strong>Un caf\u00e9 qui m\u00e9nage les nerfs et dont le go\u00fbt est toujours agr\u00e9able.<\/p>\n<p><strong>Torr\u00e9faction<br \/>\n<\/strong>Moyenne<\/p>\n<p><strong>Aptitude<\/strong><br \/>\nd\u00e9caf\u00e9in\u00e9<br \/>\nGr\u00e2ce \u00e0 sa torr\u00e9faction moyenne, il peut m\u00eame \u00eatre d\u00e9gust\u00e9 comme un espresso s&rsquo;il est moulu correctement !<\/p>\n<p><strong>Disponible<\/strong>sur <strong><br \/>\n 250g en grains \/ moulu<\/strong><\/p>\n","protected":false},"excerpt":{"rendered":"<p>M\u00e9lange 60% Arabica 40% de robusta Go\u00fbt Un caf\u00e9 qui m\u00e9nage les nerfs et dont le go\u00fbt est toujours agr\u00e9able. Torr\u00e9faction Moyenne Aptitude d\u00e9caf\u00e9in\u00e9 Gr\u00e2ce \u00e0 sa torr\u00e9faction moyenne, il peut m\u00eame \u00eatre d\u00e9gust\u00e9 comme un espresso s&rsquo;il est moulu correctement ! Disponiblesur 250g en grains \/ moulu<\/p>\n","protected":false},"featured_media":18603,"template":"","meta":{"_acf_changed":false,"_coblocks_attr":"","_coblocks_dimensions":"","_coblocks_responsive_height":"","_coblocks_accordion_ie_support":"","inline_featured_image":false,"_monsterinsights_skip_tracking":false,"_monsterinsights_sitenote_active":false,"_monsterinsights_sitenote_note":"","_monsterinsights_sitenote_category":0},"product_brand":[],"product_cat":[155,156],"product_tag":[],"class_list":{"0":"post-20618","1":"product","2":"type-product","3":"status-publish","4":"has-post-thumbnail","6":"product_cat-bohnen","7":"product_cat-gemahlen","8":"pa_zubereitung-filter-koffeinfrei","9":"pa_zubereitung-filter-ganze-bohnen","10":"pa_zubereitung-filter-gemahlen","12":"first","13":"instock","14":"taxable","15":"shipping-taxable","16":"purchasable","17":"product-type-variable","18":"has-default-attributes"},"acf":[],"aioseo_notices":[],"_links":{"self":[{"href":"https:\/\/www.bertschi-cafe.ch\/fr\/wp-json\/wp\/v2\/product\/20618","targetHints":{"allow":["GET"]}}],"collection":[{"href":"https:\/\/www.bertschi-cafe.ch\/fr\/wp-json\/wp\/v2\/product"}],"about":[{"href":"https:\/\/www.bertschi-cafe.ch\/fr\/wp-json\/wp\/v2\/types\/product"}],"wp:featuredmedia":[{"embeddable":true,"href":"https:\/\/www.bertschi-cafe.ch\/fr\/wp-json\/wp\/v2\/media\/18603"}],"wp:attachment":[{"href":"https:\/\/www.bertschi-cafe.ch\/fr\/wp-json\/wp\/v2\/media?parent=20618"}],"wp:term":[{"taxonomy":"product_brand","embeddable":true,"href":"https:\/\/www.bertschi-cafe.ch\/fr\/wp-json\/wp\/v2\/product_brand?post=20618"},{"taxonomy":"product_cat","embeddable":true,"href":"https:\/\/www.bertschi-cafe.ch\/fr\/wp-json\/wp\/v2\/product_cat?post=20618"},{"taxonomy":"product_tag","embeddable":true,"href":"https:\/\/www.bertschi-cafe.ch\/fr\/wp-json\/wp\/v2\/product_tag?post=20618"}],"curies":[{"name":"wp","href":"https:\/\/api.w.org\/{rel}","templated":true}]}}