{"id":20610,"date":"2018-09-21T08:55:00","date_gmt":"2018-09-21T08:55:00","guid":{"rendered":"https:\/\/www.bertschi-cafe.ch\/webseite\/produkt\/espresso-demeter\/"},"modified":"2024-02-27T17:57:44","modified_gmt":"2024-02-27T17:57:44","slug":"espresso-demeter","status":"publish","type":"product","link":"https:\/\/www.bertschi-cafe.ch\/fr\/produit\/espresso-demeter\/","title":{"rendered":"Espresso Demeter"},"content":{"rendered":"<p><strong><span style=\"display: inline-block; width: 0px; overflow: hidden; line-height: 0;\" data-mce-type=\"bookmark\" class=\"mce_SELRES_start\"><\/span>M\u00e9lange<\/strong><br \/>\n100% arabica du Br\u00e9sil<\/p>\n<p><strong>Go\u00fbt<br \/>\n<\/strong>Un caf\u00e9 bio Demeter d\u00e9licieusement doux, aux ar\u00f4mes l\u00e9g\u00e8rement fleuris, dont l&rsquo;arri\u00e8re-go\u00fbt rappelle vaguement le caramel. Ce caf\u00e9 bio aromatique Demeter a \u00e9t\u00e9 torr\u00e9fi\u00e9 lentement et en douceur et est particuli\u00e8rement digeste.<\/p>\n<p><strong>Torr\u00e9faction<\/strong><b><br \/>\n<\/b>fonc\u00e9<\/p>\n<p><strong>Aptitude<\/strong><br \/>\nEspresso, ristretto et latte macchiatto<\/p>\n<p><strong>Disponible sur<\/strong><br \/>\n250g de haricots \/ 500g de haricots<\/p>\n<p><strong>Certification<\/strong><br \/>\nDemeter<\/p>\n","protected":false},"excerpt":{"rendered":"<p>M\u00e9lange 100% arabica du Br\u00e9sil Go\u00fbt Un caf\u00e9 bio Demeter d\u00e9licieusement doux, aux ar\u00f4mes l\u00e9g\u00e8rement fleuris, dont l&rsquo;arri\u00e8re-go\u00fbt rappelle vaguement le caramel. Ce caf\u00e9 bio aromatique Demeter a \u00e9t\u00e9 torr\u00e9fi\u00e9 lentement et en douceur et est particuli\u00e8rement digeste. Torr\u00e9faction fonc\u00e9 Aptitude Espresso, ristretto et latte macchiatto Disponible sur 250g de haricots \/ 500g de haricots [&hellip;]<\/p>\n","protected":false},"featured_media":18549,"template":"","meta":{"_acf_changed":false,"_coblocks_attr":"","_coblocks_dimensions":"","_coblocks_responsive_height":"","_coblocks_accordion_ie_support":"","inline_featured_image":false,"_monsterinsights_skip_tracking":false,"_monsterinsights_sitenote_active":false,"_monsterinsights_sitenote_note":"","_monsterinsights_sitenote_category":0},"product_brand":[],"product_cat":[155],"product_tag":[],"class_list":{"0":"post-20610","1":"product","2":"type-product","3":"status-publish","4":"has-post-thumbnail","6":"product_cat-bohnen","7":"pa_zubereitung-filter-ganze-bohnen","9":"first","10":"instock","11":"taxable","12":"shipping-taxable","13":"purchasable","14":"product-type-variable","15":"has-default-attributes"},"acf":[],"aioseo_notices":[],"_links":{"self":[{"href":"https:\/\/www.bertschi-cafe.ch\/fr\/wp-json\/wp\/v2\/product\/20610","targetHints":{"allow":["GET"]}}],"collection":[{"href":"https:\/\/www.bertschi-cafe.ch\/fr\/wp-json\/wp\/v2\/product"}],"about":[{"href":"https:\/\/www.bertschi-cafe.ch\/fr\/wp-json\/wp\/v2\/types\/product"}],"wp:featuredmedia":[{"embeddable":true,"href":"https:\/\/www.bertschi-cafe.ch\/fr\/wp-json\/wp\/v2\/media\/18549"}],"wp:attachment":[{"href":"https:\/\/www.bertschi-cafe.ch\/fr\/wp-json\/wp\/v2\/media?parent=20610"}],"wp:term":[{"taxonomy":"product_brand","embeddable":true,"href":"https:\/\/www.bertschi-cafe.ch\/fr\/wp-json\/wp\/v2\/product_brand?post=20610"},{"taxonomy":"product_cat","embeddable":true,"href":"https:\/\/www.bertschi-cafe.ch\/fr\/wp-json\/wp\/v2\/product_cat?post=20610"},{"taxonomy":"product_tag","embeddable":true,"href":"https:\/\/www.bertschi-cafe.ch\/fr\/wp-json\/wp\/v2\/product_tag?post=20610"}],"curies":[{"name":"wp","href":"https:\/\/api.w.org\/{rel}","templated":true}]}}