{"id":20608,"date":"2018-10-29T09:44:58","date_gmt":"2018-10-29T09:44:58","guid":{"rendered":"https:\/\/www.bertschi-cafe.ch\/webseite\/produkt\/couvercle-adapte-aux-tasses-a-cappuccino\/"},"modified":"2024-02-27T17:57:35","modified_gmt":"2024-02-27T17:57:35","slug":"couvercle-adapte-aux-tasses-a-cappuccino","status":"publish","type":"product","link":"https:\/\/www.bertschi-cafe.ch\/fr\/produit\/couvercle-adapte-aux-tasses-a-cappuccino\/","title":{"rendered":"Couvercle adapt\u00e9 aux tasses \u00e0 cappuccino"},"content":{"rendered":"<p><strong>Le plaisir du caf\u00e9 Bertschi, m\u00eame en voyage &#8211; 100% biod\u00e9gradable <\/strong><br \/>\nNos gobelets \u00e0 caf\u00e9 bio sont assortis \u00e0 des couvercles \u00e0 fermeture fiable avec trou d&rsquo;hydratation &#8211; fabriqu\u00e9s en bioplastique dans le respect de l&rsquo;environnement. La fermeture du couvercle \u00ab\u00a0Hot !\u00a0\u00bb permet de transporter les gobelets remplis en toute s\u00e9curit\u00e9 dans le porte-gobelet ou le porte-boisson de la voiture.<\/p>\n<p><strong>Quantit\u00e9<\/strong><br \/>\n50 pi\u00e8ces<\/p>\n<p><strong>Contenu<\/strong><br \/>\n0.3l<\/p>\n<p><strong>Couleur<\/strong><br \/>\nBlanc<\/p>\n<p><strong>Remarque<\/strong><br \/>\n100 % biod\u00e9gradable<\/p>\n","protected":false},"excerpt":{"rendered":"<p>Le plaisir du caf\u00e9 Bertschi, m\u00eame en voyage &#8211; 100% biod\u00e9gradable Nos gobelets \u00e0 caf\u00e9 bio sont assortis \u00e0 des couvercles \u00e0 fermeture fiable avec trou d&rsquo;hydratation &#8211; fabriqu\u00e9s en bioplastique dans le respect de l&rsquo;environnement. La fermeture du couvercle \u00ab\u00a0Hot !\u00a0\u00bb permet de transporter les gobelets remplis en toute s\u00e9curit\u00e9 dans le porte-gobelet ou [&hellip;]<\/p>\n","protected":false},"featured_media":19779,"template":"","meta":{"_acf_changed":false,"_coblocks_attr":"","_coblocks_dimensions":"","_coblocks_responsive_height":"","_coblocks_accordion_ie_support":"","inline_featured_image":false,"_monsterinsights_skip_tracking":false,"_monsterinsights_sitenote_active":false,"_monsterinsights_sitenote_note":"","_monsterinsights_sitenote_category":0},"product_brand":[],"product_cat":[160],"product_tag":[],"class_list":{"0":"post-20608","1":"product","2":"type-product","3":"status-publish","4":"has-post-thumbnail","6":"product_cat-zubehoer","8":"first","9":"instock","10":"taxable","11":"shipping-taxable","12":"purchasable","13":"product-type-simple"},"acf":[],"aioseo_notices":[],"_links":{"self":[{"href":"https:\/\/www.bertschi-cafe.ch\/fr\/wp-json\/wp\/v2\/product\/20608","targetHints":{"allow":["GET"]}}],"collection":[{"href":"https:\/\/www.bertschi-cafe.ch\/fr\/wp-json\/wp\/v2\/product"}],"about":[{"href":"https:\/\/www.bertschi-cafe.ch\/fr\/wp-json\/wp\/v2\/types\/product"}],"wp:featuredmedia":[{"embeddable":true,"href":"https:\/\/www.bertschi-cafe.ch\/fr\/wp-json\/wp\/v2\/media\/19779"}],"wp:attachment":[{"href":"https:\/\/www.bertschi-cafe.ch\/fr\/wp-json\/wp\/v2\/media?parent=20608"}],"wp:term":[{"taxonomy":"product_brand","embeddable":true,"href":"https:\/\/www.bertschi-cafe.ch\/fr\/wp-json\/wp\/v2\/product_brand?post=20608"},{"taxonomy":"product_cat","embeddable":true,"href":"https:\/\/www.bertschi-cafe.ch\/fr\/wp-json\/wp\/v2\/product_cat?post=20608"},{"taxonomy":"product_tag","embeddable":true,"href":"https:\/\/www.bertschi-cafe.ch\/fr\/wp-json\/wp\/v2\/product_tag?post=20608"}],"curies":[{"name":"wp","href":"https:\/\/api.w.org\/{rel}","templated":true}]}}