{"id":20607,"date":"2018-10-29T09:50:56","date_gmt":"2018-10-29T09:50:56","guid":{"rendered":"https:\/\/www.bertschi-cafe.ch\/webseite\/produkt\/tasse-a-cafe-0-2l\/"},"modified":"2024-02-27T17:56:29","modified_gmt":"2024-02-27T17:56:29","slug":"tasse-a-cafe-0-2l","status":"publish","type":"product","link":"https:\/\/www.bertschi-cafe.ch\/fr\/produit\/tasse-a-cafe-0-2l\/","title":{"rendered":"Tasse \u00e0 caf\u00e9 0.2l"},"content":{"rendered":"<p><strong>Le plaisir du caf\u00e9 Bertschi, m\u00eame en voyage<\/strong> <strong>100% biod\u00e9gradable<\/strong><br \/>\nNos gobelets \u00e0 caf\u00e9 bio au joli design Bertschi &#8211; Caf\u00e9 disposent d&rsquo;un rev\u00eatement int\u00e9rieur \u00e0 base de bioplastique PLA, qui est produit de mani\u00e8re \u00e9cologique \u00e0 partir de mati\u00e8res premi\u00e8res renouvelables chaque ann\u00e9e. La forme cylindrique s&rsquo;adapte \u00e0 toutes les mains et augmente le confort de port.<\/p>\n<p><strong>Quantit\u00e9<\/strong><br \/>\n50 pi\u00e8ces<\/p>\n<p><strong>Contenu<\/strong><br \/>\n0.2 l<\/p>\n<p><strong>Couleur<\/strong><br \/>\nvert avec le design Bertschi-Caf\u00e9<\/p>\n<p><strong>Remarque<\/strong><br \/>\n100% biod\u00e9gradable<\/p>\n","protected":false},"excerpt":{"rendered":"<p>Le plaisir du caf\u00e9 Bertschi, m\u00eame en voyage 100% biod\u00e9gradable Nos gobelets \u00e0 caf\u00e9 bio au joli design Bertschi &#8211; Caf\u00e9 disposent d&rsquo;un rev\u00eatement int\u00e9rieur \u00e0 base de bioplastique PLA, qui est produit de mani\u00e8re \u00e9cologique \u00e0 partir de mati\u00e8res premi\u00e8res renouvelables chaque ann\u00e9e. La forme cylindrique s&rsquo;adapte \u00e0 toutes les mains et augmente le [&hellip;]<\/p>\n","protected":false},"featured_media":19775,"template":"","meta":{"_acf_changed":false,"_coblocks_attr":"","_coblocks_dimensions":"","_coblocks_responsive_height":"","_coblocks_accordion_ie_support":"","inline_featured_image":false,"_monsterinsights_skip_tracking":false,"_monsterinsights_sitenote_active":false,"_monsterinsights_sitenote_note":"","_monsterinsights_sitenote_category":0},"product_brand":[],"product_cat":[160],"product_tag":[],"class_list":{"0":"post-20607","1":"product","2":"type-product","3":"status-publish","4":"has-post-thumbnail","6":"product_cat-zubehoer","8":"first","9":"instock","10":"taxable","11":"shipping-taxable","12":"purchasable","13":"product-type-simple"},"acf":[],"aioseo_notices":[],"_links":{"self":[{"href":"https:\/\/www.bertschi-cafe.ch\/fr\/wp-json\/wp\/v2\/product\/20607","targetHints":{"allow":["GET"]}}],"collection":[{"href":"https:\/\/www.bertschi-cafe.ch\/fr\/wp-json\/wp\/v2\/product"}],"about":[{"href":"https:\/\/www.bertschi-cafe.ch\/fr\/wp-json\/wp\/v2\/types\/product"}],"wp:featuredmedia":[{"embeddable":true,"href":"https:\/\/www.bertschi-cafe.ch\/fr\/wp-json\/wp\/v2\/media\/19775"}],"wp:attachment":[{"href":"https:\/\/www.bertschi-cafe.ch\/fr\/wp-json\/wp\/v2\/media?parent=20607"}],"wp:term":[{"taxonomy":"product_brand","embeddable":true,"href":"https:\/\/www.bertschi-cafe.ch\/fr\/wp-json\/wp\/v2\/product_brand?post=20607"},{"taxonomy":"product_cat","embeddable":true,"href":"https:\/\/www.bertschi-cafe.ch\/fr\/wp-json\/wp\/v2\/product_cat?post=20607"},{"taxonomy":"product_tag","embeddable":true,"href":"https:\/\/www.bertschi-cafe.ch\/fr\/wp-json\/wp\/v2\/product_tag?post=20607"}],"curies":[{"name":"wp","href":"https:\/\/api.w.org\/{rel}","templated":true}]}}