{"id":20596,"date":"2019-08-08T08:39:58","date_gmt":"2019-08-08T08:39:58","guid":{"rendered":"https:\/\/www.bertschi-cafe.ch\/webseite\/produkt\/tasses-a-espresso-set-de-6\/"},"modified":"2024-02-27T17:57:32","modified_gmt":"2024-02-27T17:57:32","slug":"tasses-a-espresso-set-de-6","status":"publish","type":"product","link":"https:\/\/www.bertschi-cafe.ch\/fr\/produit\/tasses-a-espresso-set-de-6\/","title":{"rendered":"Tasses \u00e0 espresso (set de 6)"},"content":{"rendered":"<p>Six tasses \u00e0 espresso classiques avec leurs soucoupes &#8211; au look typique des caf\u00e9s Bertschi. 6 tasses, avec soucoupes, au look Bertschi-Caf\u00e9.<\/p>\n<p><strong>Quantit\u00e9<\/strong><br \/>\nLot de 6<\/p>\n<p><strong>Contenu<\/strong><br \/>\n30 ml jusqu&rsquo;\u00e0 max. 50 ml<\/p>\n<p><strong>Couleur<\/strong><br \/>\nBlanc<\/p>\n<p><strong>Remarque<\/strong><br \/>\nConvient pour les lave-vaisselle<\/p>\n","protected":false},"excerpt":{"rendered":"<p>Six tasses \u00e0 espresso classiques avec leurs soucoupes &#8211; au look typique des caf\u00e9s Bertschi. 6 tasses, avec soucoupes, au look Bertschi-Caf\u00e9. Quantit\u00e9 Lot de 6 Contenu 30 ml jusqu&rsquo;\u00e0 max. 50 ml Couleur Blanc Remarque Convient pour les lave-vaisselle<\/p>\n","protected":false},"featured_media":19767,"template":"","meta":{"_acf_changed":false,"_coblocks_attr":"","_coblocks_dimensions":"","_coblocks_responsive_height":"","_coblocks_accordion_ie_support":"","inline_featured_image":false,"_monsterinsights_skip_tracking":false,"_monsterinsights_sitenote_active":false,"_monsterinsights_sitenote_note":"","_monsterinsights_sitenote_category":0},"product_brand":[],"product_cat":[160],"product_tag":[],"class_list":{"0":"post-20596","1":"product","2":"type-product","3":"status-publish","4":"has-post-thumbnail","6":"product_cat-zubehoer","8":"first","9":"instock","10":"taxable","11":"shipping-taxable","12":"purchasable","13":"product-type-simple"},"acf":[],"aioseo_notices":[],"_links":{"self":[{"href":"https:\/\/www.bertschi-cafe.ch\/fr\/wp-json\/wp\/v2\/product\/20596","targetHints":{"allow":["GET"]}}],"collection":[{"href":"https:\/\/www.bertschi-cafe.ch\/fr\/wp-json\/wp\/v2\/product"}],"about":[{"href":"https:\/\/www.bertschi-cafe.ch\/fr\/wp-json\/wp\/v2\/types\/product"}],"wp:featuredmedia":[{"embeddable":true,"href":"https:\/\/www.bertschi-cafe.ch\/fr\/wp-json\/wp\/v2\/media\/19767"}],"wp:attachment":[{"href":"https:\/\/www.bertschi-cafe.ch\/fr\/wp-json\/wp\/v2\/media?parent=20596"}],"wp:term":[{"taxonomy":"product_brand","embeddable":true,"href":"https:\/\/www.bertschi-cafe.ch\/fr\/wp-json\/wp\/v2\/product_brand?post=20596"},{"taxonomy":"product_cat","embeddable":true,"href":"https:\/\/www.bertschi-cafe.ch\/fr\/wp-json\/wp\/v2\/product_cat?post=20596"},{"taxonomy":"product_tag","embeddable":true,"href":"https:\/\/www.bertschi-cafe.ch\/fr\/wp-json\/wp\/v2\/product_tag?post=20596"}],"curies":[{"name":"wp","href":"https:\/\/api.w.org\/{rel}","templated":true}]}}