{"id":20591,"date":"2020-04-15T10:05:00","date_gmt":"2020-04-15T10:05:00","guid":{"rendered":"https:\/\/www.bertschi-cafe.ch\/webseite\/produkt\/helvetas-classico\/"},"modified":"2024-02-27T18:54:53","modified_gmt":"2024-02-27T18:54:53","slug":"helvetas-classico","status":"publish","type":"product","link":"https:\/\/www.bertschi-cafe.ch\/fr\/produit\/helvetas-classico\/","title":{"rendered":"Helvetas Classico"},"content":{"rendered":"<p><strong>M\u00e9lange<br \/>\n<\/strong>Caf\u00e9 s\u00e9lectionn\u00e9 100% Arabica du Mexique et d&rsquo;Afrique<\/p>\n<p><strong>Go\u00fbt<br \/>\n<\/strong>M\u00e9lange \u00e9quilibr\u00e9. Ar\u00f4me complet avec de fines nuances de noix et de fruits. Peu d&rsquo;acidit\u00e9.<\/p>\n<p><strong>Torr\u00e9faction<\/strong><br \/>\nMoyens<\/p>\n<p><strong>Aptitude<\/strong><br \/>\npour un caf\u00e9 cr\u00e8me ou un caf\u00e9 au lait classique<\/p>\n<p><strong>Disponible sur<\/strong><br \/>\n500g de grains et moulu<\/p>\n<p><strong>En particulier<\/strong><br \/>\nDes caf\u00e9s pr\u00e9cieux provenant de coop\u00e9ratives de petits producteurs, issus d&rsquo;un projet d&rsquo;Helvetas.<\/p>\n","protected":false},"excerpt":{"rendered":"<p>M\u00e9lange Caf\u00e9 s\u00e9lectionn\u00e9 100% Arabica du Mexique et d&rsquo;Afrique Go\u00fbt M\u00e9lange \u00e9quilibr\u00e9. Ar\u00f4me complet avec de fines nuances de noix et de fruits. Peu d&rsquo;acidit\u00e9. Torr\u00e9faction Moyens Aptitude pour un caf\u00e9 cr\u00e8me ou un caf\u00e9 au lait classique Disponible sur 500g de grains et moulu En particulier Des caf\u00e9s pr\u00e9cieux provenant de coop\u00e9ratives de petits [&hellip;]<\/p>\n","protected":false},"featured_media":18609,"template":"","meta":{"_acf_changed":false,"_coblocks_attr":"","_coblocks_dimensions":"","_coblocks_responsive_height":"","_coblocks_accordion_ie_support":"","inline_featured_image":false,"_monsterinsights_skip_tracking":false,"_monsterinsights_sitenote_active":false,"_monsterinsights_sitenote_note":"","_monsterinsights_sitenote_category":0},"product_brand":[],"product_cat":[155,156],"product_tag":[],"class_list":{"0":"post-20591","1":"product","2":"type-product","3":"status-publish","4":"has-post-thumbnail","6":"product_cat-bohnen","7":"product_cat-gemahlen","8":"pa_zubereitung-filter-ganze-bohnen","9":"pa_zubereitung-filter-gemahlen","11":"first","12":"instock","13":"taxable","14":"shipping-taxable","15":"purchasable","16":"product-type-variable","17":"has-default-attributes"},"acf":[],"aioseo_notices":[],"_links":{"self":[{"href":"https:\/\/www.bertschi-cafe.ch\/fr\/wp-json\/wp\/v2\/product\/20591","targetHints":{"allow":["GET"]}}],"collection":[{"href":"https:\/\/www.bertschi-cafe.ch\/fr\/wp-json\/wp\/v2\/product"}],"about":[{"href":"https:\/\/www.bertschi-cafe.ch\/fr\/wp-json\/wp\/v2\/types\/product"}],"wp:featuredmedia":[{"embeddable":true,"href":"https:\/\/www.bertschi-cafe.ch\/fr\/wp-json\/wp\/v2\/media\/18609"}],"wp:attachment":[{"href":"https:\/\/www.bertschi-cafe.ch\/fr\/wp-json\/wp\/v2\/media?parent=20591"}],"wp:term":[{"taxonomy":"product_brand","embeddable":true,"href":"https:\/\/www.bertschi-cafe.ch\/fr\/wp-json\/wp\/v2\/product_brand?post=20591"},{"taxonomy":"product_cat","embeddable":true,"href":"https:\/\/www.bertschi-cafe.ch\/fr\/wp-json\/wp\/v2\/product_cat?post=20591"},{"taxonomy":"product_tag","embeddable":true,"href":"https:\/\/www.bertschi-cafe.ch\/fr\/wp-json\/wp\/v2\/product_tag?post=20591"}],"curies":[{"name":"wp","href":"https:\/\/api.w.org\/{rel}","templated":true}]}}