{"id":20580,"date":"2020-06-21T21:13:55","date_gmt":"2020-06-21T21:13:55","guid":{"rendered":"https:\/\/www.bertschi-cafe.ch\/webseite\/produkt\/set-de-cafe-bio\/"},"modified":"2024-02-27T17:57:28","modified_gmt":"2024-02-27T17:57:28","slug":"set-de-cafe-bio","status":"publish","type":"product","link":"https:\/\/www.bertschi-cafe.ch\/fr\/produit\/set-de-cafe-bio\/","title":{"rendered":"Set de caf\u00e9 bio"},"content":{"rendered":"<p><strong>Le set de caf\u00e9 bio contient les caf\u00e9s suivants :<\/strong><\/p>\n<ul>\n<li>Caf\u00e9 Bio Bravo Bourgeon, torr\u00e9faction claire<\/li>\n<li>Caf\u00e9 Bourgeon Bio Bravo torr\u00e9faction moyenne<\/li>\n<li>Bio Bravo Bourgeon Espresso<\/li>\n<li>Euro Bio Bravo caf\u00e9 torr\u00e9fi\u00e9 clair<\/li>\n<li>Caf\u00e9 Euro Bio Bravo torr\u00e9faction moyenne<\/li>\n<li>Euro Bio Bravo Espresso<\/li>\n<li>2 x caf\u00e9 tasse avec assiette<\/li>\n<\/ul>\n<p>&nbsp;<\/p>\n<p><strong>M\u00e9lange<\/strong><br \/>\ndivers<\/p>\n<p><strong>Go\u00fbt<\/strong><br \/>\ndivers<\/p>\n<p><strong>Torr\u00e9faction<\/strong><br \/>\nclair, moyen et fonc\u00e9<\/p>\n<p><strong>Disponible sur<\/strong><br \/>\nchaque paquet de 500g de haricots<\/p>\n<p><strong>Certification<\/strong><br \/>\nBio Bourgeon, Euro Bio et Fairtrade Max Havelaar<\/p>\n","protected":false},"excerpt":{"rendered":"<p>Le set de caf\u00e9 bio contient les caf\u00e9s suivants : Caf\u00e9 Bio Bravo Bourgeon, torr\u00e9faction claire Caf\u00e9 Bourgeon Bio Bravo torr\u00e9faction moyenne Bio Bravo Bourgeon Espresso Euro Bio Bravo caf\u00e9 torr\u00e9fi\u00e9 clair Caf\u00e9 Euro Bio Bravo torr\u00e9faction moyenne Euro Bio Bravo Espresso 2 x caf\u00e9 tasse avec assiette &nbsp; M\u00e9lange divers Go\u00fbt divers Torr\u00e9faction clair, [&hellip;]<\/p>\n","protected":false},"featured_media":19379,"template":"","meta":{"_acf_changed":false,"_coblocks_attr":"","_coblocks_dimensions":"","_coblocks_responsive_height":"","_coblocks_accordion_ie_support":"","inline_featured_image":false,"_monsterinsights_skip_tracking":false,"_monsterinsights_sitenote_active":false,"_monsterinsights_sitenote_note":"","_monsterinsights_sitenote_category":0},"product_brand":[],"product_cat":[154],"product_tag":[],"class_list":{"0":"post-20580","1":"product","2":"type-product","3":"status-publish","4":"has-post-thumbnail","6":"product_cat-geschenk-und-probiersets","8":"first","9":"instock","10":"sale","11":"taxable","12":"shipping-taxable","13":"purchasable","14":"product-type-variable"},"acf":[],"aioseo_notices":[],"_links":{"self":[{"href":"https:\/\/www.bertschi-cafe.ch\/fr\/wp-json\/wp\/v2\/product\/20580","targetHints":{"allow":["GET"]}}],"collection":[{"href":"https:\/\/www.bertschi-cafe.ch\/fr\/wp-json\/wp\/v2\/product"}],"about":[{"href":"https:\/\/www.bertschi-cafe.ch\/fr\/wp-json\/wp\/v2\/types\/product"}],"wp:featuredmedia":[{"embeddable":true,"href":"https:\/\/www.bertschi-cafe.ch\/fr\/wp-json\/wp\/v2\/media\/19379"}],"wp:attachment":[{"href":"https:\/\/www.bertschi-cafe.ch\/fr\/wp-json\/wp\/v2\/media?parent=20580"}],"wp:term":[{"taxonomy":"product_brand","embeddable":true,"href":"https:\/\/www.bertschi-cafe.ch\/fr\/wp-json\/wp\/v2\/product_brand?post=20580"},{"taxonomy":"product_cat","embeddable":true,"href":"https:\/\/www.bertschi-cafe.ch\/fr\/wp-json\/wp\/v2\/product_cat?post=20580"},{"taxonomy":"product_tag","embeddable":true,"href":"https:\/\/www.bertschi-cafe.ch\/fr\/wp-json\/wp\/v2\/product_tag?post=20580"}],"curies":[{"name":"wp","href":"https:\/\/api.w.org\/{rel}","templated":true}]}}