{"id":20568,"date":"2021-02-26T14:16:00","date_gmt":"2021-02-26T14:16:00","guid":{"rendered":"https:\/\/www.bertschi-cafe.ch\/webseite\/produkt\/indonesia-sugata-qr-code-cafe\/"},"modified":"2024-02-27T17:57:24","modified_gmt":"2024-02-27T17:57:24","slug":"indonesia-sugata-qr-code-cafe","status":"publish","type":"product","link":"https:\/\/www.bertschi-cafe.ch\/fr\/produit\/indonesia-sugata-qr-code-cafe\/","title":{"rendered":"Indonesia Sugata QR Code Caf\u00e9"},"content":{"rendered":"<p><strong>m\u00e9lange :<\/strong><\/p>\n<p>100% de grains d&rsquo;arabica d&rsquo;Indon\u00e9sie<\/p>\n<p><strong>Le go\u00fbt :<\/strong><\/p>\n<p>Des grains de caf\u00e9 fins d&rsquo;Indon\u00e9sie au go\u00fbt unique et prononc\u00e9. Tr\u00e8s peu acide.<\/p>\n<p><strong>torr\u00e9faction :<\/strong><\/p>\n<p>moyen<\/p>\n<p><strong>Aptitude :<\/strong><\/p>\n<p>Caf\u00e9 Cr\u00e8me, Milchkaffee, Cappuccino, Latte Macchiatto<\/p>\n<p><strong>Disponible<\/strong><\/p>\n<p>250gr de haricots<\/p>\n<p><strong>En particulier :<\/strong><\/p>\n<p>Scannez le code QR sur l&#8217;emballage et vous verrez ce qui se cache derri\u00e8re la fa\u00e7ade du caf\u00e9 torr\u00e9fi\u00e9. Faites connaissance avec le petit producteur de caf\u00e9 et sa plantation. Retracer la cha\u00eene d&rsquo;approvisionnement En achetant le caf\u00e9 QR Code, vous soutenez les petits producteurs et am\u00e9liorez leur qualit\u00e9 de vie.  <strong>\u00c9QUITABLE &#8211; TRANSPARENT &#8211; DIRECT<\/strong><\/p>\n","protected":false},"excerpt":{"rendered":"<p>m\u00e9lange : 100% de grains d&rsquo;arabica d&rsquo;Indon\u00e9sie Le go\u00fbt : Des grains de caf\u00e9 fins d&rsquo;Indon\u00e9sie au go\u00fbt unique et prononc\u00e9. Tr\u00e8s peu acide. torr\u00e9faction : moyen Aptitude : Caf\u00e9 Cr\u00e8me, Milchkaffee, Cappuccino, Latte Macchiatto Disponible 250gr de haricots En particulier : Scannez le code QR sur l&#8217;emballage et vous verrez ce qui se cache [&hellip;]<\/p>\n","protected":false},"featured_media":18615,"template":"","meta":{"_acf_changed":false,"_coblocks_attr":"","_coblocks_dimensions":"","_coblocks_responsive_height":"","_coblocks_accordion_ie_support":"","inline_featured_image":false,"_monsterinsights_skip_tracking":false,"_monsterinsights_sitenote_active":false,"_monsterinsights_sitenote_note":"","_monsterinsights_sitenote_category":0},"product_brand":[],"product_cat":[155,159],"product_tag":[],"class_list":{"0":"post-20568","1":"product","2":"type-product","3":"status-publish","4":"has-post-thumbnail","6":"product_cat-bohnen","7":"product_cat-spezialitaeten","8":"pa_zubereitung-filter-ganze-bohnen","10":"first","11":"instock","12":"taxable","13":"shipping-taxable","14":"purchasable","15":"product-type-variable","16":"has-default-attributes"},"acf":[],"aioseo_notices":[],"_links":{"self":[{"href":"https:\/\/www.bertschi-cafe.ch\/fr\/wp-json\/wp\/v2\/product\/20568","targetHints":{"allow":["GET"]}}],"collection":[{"href":"https:\/\/www.bertschi-cafe.ch\/fr\/wp-json\/wp\/v2\/product"}],"about":[{"href":"https:\/\/www.bertschi-cafe.ch\/fr\/wp-json\/wp\/v2\/types\/product"}],"wp:featuredmedia":[{"embeddable":true,"href":"https:\/\/www.bertschi-cafe.ch\/fr\/wp-json\/wp\/v2\/media\/18615"}],"wp:attachment":[{"href":"https:\/\/www.bertschi-cafe.ch\/fr\/wp-json\/wp\/v2\/media?parent=20568"}],"wp:term":[{"taxonomy":"product_brand","embeddable":true,"href":"https:\/\/www.bertschi-cafe.ch\/fr\/wp-json\/wp\/v2\/product_brand?post=20568"},{"taxonomy":"product_cat","embeddable":true,"href":"https:\/\/www.bertschi-cafe.ch\/fr\/wp-json\/wp\/v2\/product_cat?post=20568"},{"taxonomy":"product_tag","embeddable":true,"href":"https:\/\/www.bertschi-cafe.ch\/fr\/wp-json\/wp\/v2\/product_tag?post=20568"}],"curies":[{"name":"wp","href":"https:\/\/api.w.org\/{rel}","templated":true}]}}