{"id":20562,"date":"2014-09-19T13:37:00","date_gmt":"2014-09-19T13:37:00","guid":{"rendered":"https:\/\/www.bertschi-cafe.ch\/webseite\/produkt\/cafe-espresso-bio-bravo\/"},"modified":"2024-03-13T06:52:10","modified_gmt":"2024-03-13T06:52:10","slug":"bio-bravo-espresso","status":"publish","type":"product","link":"https:\/\/www.bertschi-cafe.ch\/fr\/produit\/bio-bravo-espresso\/","title":{"rendered":"Caf\u00e9 Espresso Bio Bravo"},"content":{"rendered":"<p><strong>M\u00e9lange<br \/>\n<\/strong>100% arabica bio d&rsquo;Am\u00e9rique centrale et d&rsquo;Am\u00e9rique du Sud (Mexique, P\u00e9rou)<\/p>\n<p><strong>Go\u00fbt<br \/>\n<\/strong>M\u00e9lange \u00e9quilibr\u00e9. Ar\u00f4me plein, l\u00e9g\u00e8rement sucr\u00e9, avec de fines nuances de noix et de fruits. Peu d&rsquo;acidit\u00e9.<\/p>\n<p><strong>Torr\u00e9faction<\/strong><br \/>\nTorr\u00e9faction fonc\u00e9e. Un espresso rac\u00e9 \u00ab\u00a0Tipo Milano\u00a0\u00bb.<\/p>\n<p><strong>Aptitude<\/strong><br \/>\nEspresso et latte macchiato<\/p>\n<p><strong>Disponible sur<\/strong><br \/>\n250g en grains \/ 250g moulu \/ 500g en grains \/ 500g moulu<\/p>\n<p><strong>Certification<\/strong><br \/>\nBourgeon bio et commerce \u00e9quitable Max Havelaar<\/p>\n","protected":false},"excerpt":{"rendered":"<p>M\u00e9lange 100% arabica bio d&rsquo;Am\u00e9rique centrale et d&rsquo;Am\u00e9rique du Sud (Mexique, P\u00e9rou) Go\u00fbt M\u00e9lange \u00e9quilibr\u00e9. Ar\u00f4me plein, l\u00e9g\u00e8rement sucr\u00e9, avec de fines nuances de noix et de fruits. Peu d&rsquo;acidit\u00e9. Torr\u00e9faction Torr\u00e9faction fonc\u00e9e. Un espresso rac\u00e9 \u00ab\u00a0Tipo Milano\u00a0\u00bb. Aptitude Espresso et latte macchiato Disponible sur 250g en grains \/ 250g moulu \/ 500g en grains [&hellip;]<\/p>\n","protected":false},"featured_media":29876,"template":"","meta":{"_acf_changed":false,"_coblocks_attr":"","_coblocks_dimensions":"","_coblocks_responsive_height":"","_coblocks_accordion_ie_support":"","inline_featured_image":false,"_monsterinsights_skip_tracking":false,"_monsterinsights_sitenote_active":false,"_monsterinsights_sitenote_note":"","_monsterinsights_sitenote_category":0},"product_brand":[],"product_cat":[155,156],"product_tag":[],"class_list":{"0":"post-20562","1":"product","2":"type-product","3":"status-publish","4":"has-post-thumbnail","6":"product_cat-bohnen","7":"product_cat-gemahlen","8":"pa_zubereitung-filter-ganze-bohnen","9":"pa_zubereitung-filter-gemahlen","11":"first","12":"instock","13":"taxable","14":"shipping-taxable","15":"purchasable","16":"product-type-variable","17":"has-default-attributes"},"acf":[],"aioseo_notices":[],"_links":{"self":[{"href":"https:\/\/www.bertschi-cafe.ch\/fr\/wp-json\/wp\/v2\/product\/20562","targetHints":{"allow":["GET"]}}],"collection":[{"href":"https:\/\/www.bertschi-cafe.ch\/fr\/wp-json\/wp\/v2\/product"}],"about":[{"href":"https:\/\/www.bertschi-cafe.ch\/fr\/wp-json\/wp\/v2\/types\/product"}],"wp:featuredmedia":[{"embeddable":true,"href":"https:\/\/www.bertschi-cafe.ch\/fr\/wp-json\/wp\/v2\/media\/29876"}],"wp:attachment":[{"href":"https:\/\/www.bertschi-cafe.ch\/fr\/wp-json\/wp\/v2\/media?parent=20562"}],"wp:term":[{"taxonomy":"product_brand","embeddable":true,"href":"https:\/\/www.bertschi-cafe.ch\/fr\/wp-json\/wp\/v2\/product_brand?post=20562"},{"taxonomy":"product_cat","embeddable":true,"href":"https:\/\/www.bertschi-cafe.ch\/fr\/wp-json\/wp\/v2\/product_cat?post=20562"},{"taxonomy":"product_tag","embeddable":true,"href":"https:\/\/www.bertschi-cafe.ch\/fr\/wp-json\/wp\/v2\/product_tag?post=20562"}],"curies":[{"name":"wp","href":"https:\/\/api.w.org\/{rel}","templated":true}]}}