{"id":20557,"date":"2014-09-19T13:41:00","date_gmt":"2014-09-19T13:41:00","guid":{"rendered":"https:\/\/www.bertschi-cafe.ch\/webseite\/produkt\/sombrero-classico-clair-commerce-equitable\/"},"modified":"2024-03-13T06:52:16","modified_gmt":"2024-03-13T06:52:16","slug":"sombrero-classico-hell","status":"publish","type":"product","link":"https:\/\/www.bertschi-cafe.ch\/fr\/produit\/sombrero-classico-hell\/","title":{"rendered":"Sombrero Classico (clair) Commerce \u00e9quitable"},"content":{"rendered":"<p><strong>M\u00e9lange<br \/>\n<\/strong>80% d&rsquo;arabica d&rsquo;Am\u00e9rique centrale et d&rsquo;Am\u00e9rique du Sud<br \/>\n20% de robusta d&rsquo;Afrique<\/p>\n<p><strong>Go\u00fbt<br \/>\n<\/strong>M\u00e9lange \u00e9quilibr\u00e9 d&rsquo;arabicas s\u00e9lectionn\u00e9s d&rsquo;Am\u00e9rique centrale et d&rsquo;Am\u00e9rique du Sud et de robusta d&rsquo;Afrique. Ar\u00f4me plein et doux avec des nuances l\u00e9g\u00e8rement terreuses. Arri\u00e8re-go\u00fbt agr\u00e9able. Acidit\u00e9 fine et agr\u00e9able.<\/p>\n<p><strong>Torr\u00e9faction<\/strong><br \/>\nLumineux<\/p>\n<p><strong>Aptitude<\/strong><br \/>\nPour un caf\u00e9-cr\u00e8me des plus raffin\u00e9s.<\/p>\n<p><strong>Disponible sur<\/strong><br \/>\n1 kg de haricots<\/p>\n<p><strong>Certification<\/strong><br \/>\nCommerce \u00e9quitable Max Havelaar<\/p>\n","protected":false},"excerpt":{"rendered":"<p>M\u00e9lange 80% d&rsquo;arabica d&rsquo;Am\u00e9rique centrale et d&rsquo;Am\u00e9rique du Sud 20% de robusta d&rsquo;Afrique Go\u00fbt M\u00e9lange \u00e9quilibr\u00e9 d&rsquo;arabicas s\u00e9lectionn\u00e9s d&rsquo;Am\u00e9rique centrale et d&rsquo;Am\u00e9rique du Sud et de robusta d&rsquo;Afrique. Ar\u00f4me plein et doux avec des nuances l\u00e9g\u00e8rement terreuses. Arri\u00e8re-go\u00fbt agr\u00e9able. Acidit\u00e9 fine et agr\u00e9able. Torr\u00e9faction Lumineux Aptitude Pour un caf\u00e9-cr\u00e8me des plus raffin\u00e9s. Disponible sur 1 [&hellip;]<\/p>\n","protected":false},"featured_media":18569,"template":"","meta":{"_acf_changed":false,"_coblocks_attr":"","_coblocks_dimensions":"","_coblocks_responsive_height":"","_coblocks_accordion_ie_support":"","inline_featured_image":false,"_monsterinsights_skip_tracking":false,"_monsterinsights_sitenote_active":false,"_monsterinsights_sitenote_note":"","_monsterinsights_sitenote_category":0},"product_brand":[],"product_cat":[155],"product_tag":[],"class_list":{"0":"post-20557","1":"product","2":"type-product","3":"status-publish","4":"has-post-thumbnail","6":"product_cat-bohnen","7":"pa_zubereitung-filter-ganze-bohnen","9":"first","10":"instock","11":"taxable","12":"shipping-taxable","13":"purchasable","14":"product-type-variable","15":"has-default-attributes"},"acf":[],"aioseo_notices":[],"_links":{"self":[{"href":"https:\/\/www.bertschi-cafe.ch\/fr\/wp-json\/wp\/v2\/product\/20557","targetHints":{"allow":["GET"]}}],"collection":[{"href":"https:\/\/www.bertschi-cafe.ch\/fr\/wp-json\/wp\/v2\/product"}],"about":[{"href":"https:\/\/www.bertschi-cafe.ch\/fr\/wp-json\/wp\/v2\/types\/product"}],"wp:featuredmedia":[{"embeddable":true,"href":"https:\/\/www.bertschi-cafe.ch\/fr\/wp-json\/wp\/v2\/media\/18569"}],"wp:attachment":[{"href":"https:\/\/www.bertschi-cafe.ch\/fr\/wp-json\/wp\/v2\/media?parent=20557"}],"wp:term":[{"taxonomy":"product_brand","embeddable":true,"href":"https:\/\/www.bertschi-cafe.ch\/fr\/wp-json\/wp\/v2\/product_brand?post=20557"},{"taxonomy":"product_cat","embeddable":true,"href":"https:\/\/www.bertschi-cafe.ch\/fr\/wp-json\/wp\/v2\/product_cat?post=20557"},{"taxonomy":"product_tag","embeddable":true,"href":"https:\/\/www.bertschi-cafe.ch\/fr\/wp-json\/wp\/v2\/product_tag?post=20557"}],"curies":[{"name":"wp","href":"https:\/\/api.w.org\/{rel}","templated":true}]}}