{"id":20549,"date":"2014-09-19T13:43:00","date_gmt":"2014-09-19T13:43:00","guid":{"rendered":"https:\/\/www.bertschi-cafe.ch\/webseite\/produkt\/sombrero-latino-lover-commerce-equitable\/"},"modified":"2024-03-13T06:52:18","modified_gmt":"2024-03-13T06:52:18","slug":"sombrero-latino-lover","status":"publish","type":"product","link":"https:\/\/www.bertschi-cafe.ch\/fr\/produit\/sombrero-latino-lover\/","title":{"rendered":"Sombrero Latino Lover (commerce \u00e9quitable)"},"content":{"rendered":"<p><strong>M\u00e9lange<br \/>\n<\/strong>50% d&rsquo;arabica d&rsquo;Am\u00e9rique centrale et d&rsquo;Am\u00e9rique du Sud<br \/>\n50% de robusta d&rsquo;Afrique<\/p>\n<p><strong>Go\u00fbt<br \/>\n<\/strong>M\u00e9lange puissant d&rsquo;arabicas s\u00e9lectionn\u00e9s d&rsquo;Am\u00e9rique centrale et du Sud et de robusta d&rsquo;Afrique. Ar\u00f4me prononc\u00e9 avec des nuances de noix et de fruits. Arri\u00e8re-go\u00fbt \u00e9pic\u00e9. Fine acidit\u00e9.<\/p>\n<p><strong>Torr\u00e9faction<\/strong><br \/>\nSombre<\/p>\n<p><strong>Aptitude <\/strong><br \/>\nPour le caf\u00e9-cr\u00e8me le plus fin jusqu&rsquo;\u00e0 l&rsquo;espresso \u00ab\u00a0Tipo Milano\u00a0\u00bb. Convient \u00e9galement pour le latte macchiato.<\/p>\n<p><strong>Disponible sur<\/strong><br \/>\n500g \/ 1kg de haricots<\/p>\n<p><strong>Certification<\/strong><br \/>\nCommerce \u00e9quitable Max Havelaar<\/p>\n","protected":false},"excerpt":{"rendered":"<p>M\u00e9lange 50% d&rsquo;arabica d&rsquo;Am\u00e9rique centrale et d&rsquo;Am\u00e9rique du Sud 50% de robusta d&rsquo;Afrique Go\u00fbt M\u00e9lange puissant d&rsquo;arabicas s\u00e9lectionn\u00e9s d&rsquo;Am\u00e9rique centrale et du Sud et de robusta d&rsquo;Afrique. Ar\u00f4me prononc\u00e9 avec des nuances de noix et de fruits. Arri\u00e8re-go\u00fbt \u00e9pic\u00e9. Fine acidit\u00e9. Torr\u00e9faction Sombre Aptitude Pour le caf\u00e9-cr\u00e8me le plus fin jusqu&rsquo;\u00e0 l&rsquo;espresso \u00ab\u00a0Tipo Milano\u00a0\u00bb. Convient [&hellip;]<\/p>\n","protected":false},"featured_media":32525,"template":"","meta":{"_acf_changed":false,"_coblocks_attr":"","_coblocks_dimensions":"","_coblocks_responsive_height":"","_coblocks_accordion_ie_support":"","inline_featured_image":false,"_monsterinsights_skip_tracking":false,"_monsterinsights_sitenote_active":false,"_monsterinsights_sitenote_note":"","_monsterinsights_sitenote_category":0},"product_brand":[],"product_cat":[155],"product_tag":[],"class_list":{"0":"post-20549","1":"product","2":"type-product","3":"status-publish","4":"has-post-thumbnail","6":"product_cat-bohnen","7":"pa_zubereitung-filter-ganze-bohnen","9":"first","10":"instock","11":"taxable","12":"shipping-taxable","13":"purchasable","14":"product-type-variable","15":"has-default-attributes"},"acf":[],"aioseo_notices":[],"_links":{"self":[{"href":"https:\/\/www.bertschi-cafe.ch\/fr\/wp-json\/wp\/v2\/product\/20549","targetHints":{"allow":["GET"]}}],"collection":[{"href":"https:\/\/www.bertschi-cafe.ch\/fr\/wp-json\/wp\/v2\/product"}],"about":[{"href":"https:\/\/www.bertschi-cafe.ch\/fr\/wp-json\/wp\/v2\/types\/product"}],"wp:featuredmedia":[{"embeddable":true,"href":"https:\/\/www.bertschi-cafe.ch\/fr\/wp-json\/wp\/v2\/media\/32525"}],"wp:attachment":[{"href":"https:\/\/www.bertschi-cafe.ch\/fr\/wp-json\/wp\/v2\/media?parent=20549"}],"wp:term":[{"taxonomy":"product_brand","embeddable":true,"href":"https:\/\/www.bertschi-cafe.ch\/fr\/wp-json\/wp\/v2\/product_brand?post=20549"},{"taxonomy":"product_cat","embeddable":true,"href":"https:\/\/www.bertschi-cafe.ch\/fr\/wp-json\/wp\/v2\/product_cat?post=20549"},{"taxonomy":"product_tag","embeddable":true,"href":"https:\/\/www.bertschi-cafe.ch\/fr\/wp-json\/wp\/v2\/product_tag?post=20549"}],"curies":[{"name":"wp","href":"https:\/\/api.w.org\/{rel}","templated":true}]}}