{"id":20544,"date":"2014-09-19T13:44:00","date_gmt":"2014-09-19T13:44:00","guid":{"rendered":"https:\/\/www.bertschi-cafe.ch\/webseite\/produkt\/cooperative-maya-vinic-commerce-equitable\/"},"modified":"2024-03-13T06:50:54","modified_gmt":"2024-03-13T06:50:54","slug":"cooperative-maya-vinic","status":"publish","type":"product","link":"https:\/\/www.bertschi-cafe.ch\/fr\/produit\/cooperative-maya-vinic\/","title":{"rendered":"Coop\u00e9rative Maya Vinic (commerce \u00e9quitable)"},"content":{"rendered":"<p><strong>M\u00e9lange<br \/>\n<\/strong>100% Arabica<\/p>\n<p><strong>Go\u00fbt<br \/>\n<\/strong>Dans la tasse, le caf\u00e9 r\u00e9v\u00e8le une combinaison \u00e9quilibr\u00e9e de douceur et d&rsquo;acidit\u00e9 rappelant les agrumes.<\/p>\n<p><strong>Torr\u00e9faction<\/strong><br \/>\nMoyens<\/p>\n<p><strong>Aptitude<\/strong><br \/>\nCaf\u00e9 cr\u00e8me et caf\u00e9 filtre<\/p>\n<p><strong>Disponible sur<\/strong><br \/>\n250g de haricots<\/p>\n<p><strong>Certification<\/strong><br \/>\nCommerce \u00e9quitable Max Havelaar<\/p>\n","protected":false},"excerpt":{"rendered":"<p>M\u00e9lange 100% Arabica Go\u00fbt Dans la tasse, le caf\u00e9 r\u00e9v\u00e8le une combinaison \u00e9quilibr\u00e9e de douceur et d&rsquo;acidit\u00e9 rappelant les agrumes. Torr\u00e9faction Moyens Aptitude Caf\u00e9 cr\u00e8me et caf\u00e9 filtre Disponible sur 250g de haricots Certification Commerce \u00e9quitable Max Havelaar<\/p>\n","protected":false},"featured_media":18579,"template":"","meta":{"_acf_changed":false,"_coblocks_attr":"","_coblocks_dimensions":"","_coblocks_responsive_height":"","_coblocks_accordion_ie_support":"","inline_featured_image":false,"_monsterinsights_skip_tracking":false,"_monsterinsights_sitenote_active":false,"_monsterinsights_sitenote_note":"","_monsterinsights_sitenote_category":0},"product_brand":[],"product_cat":[155],"product_tag":[],"class_list":{"0":"post-20544","1":"product","2":"type-product","3":"status-publish","4":"has-post-thumbnail","6":"product_cat-bohnen","7":"pa_zubereitung-filter-ganze-bohnen","9":"first","10":"instock","11":"taxable","12":"shipping-taxable","13":"purchasable","14":"product-type-variable","15":"has-default-attributes"},"acf":[],"aioseo_notices":[],"_links":{"self":[{"href":"https:\/\/www.bertschi-cafe.ch\/fr\/wp-json\/wp\/v2\/product\/20544","targetHints":{"allow":["GET"]}}],"collection":[{"href":"https:\/\/www.bertschi-cafe.ch\/fr\/wp-json\/wp\/v2\/product"}],"about":[{"href":"https:\/\/www.bertschi-cafe.ch\/fr\/wp-json\/wp\/v2\/types\/product"}],"wp:featuredmedia":[{"embeddable":true,"href":"https:\/\/www.bertschi-cafe.ch\/fr\/wp-json\/wp\/v2\/media\/18579"}],"wp:attachment":[{"href":"https:\/\/www.bertschi-cafe.ch\/fr\/wp-json\/wp\/v2\/media?parent=20544"}],"wp:term":[{"taxonomy":"product_brand","embeddable":true,"href":"https:\/\/www.bertschi-cafe.ch\/fr\/wp-json\/wp\/v2\/product_brand?post=20544"},{"taxonomy":"product_cat","embeddable":true,"href":"https:\/\/www.bertschi-cafe.ch\/fr\/wp-json\/wp\/v2\/product_cat?post=20544"},{"taxonomy":"product_tag","embeddable":true,"href":"https:\/\/www.bertschi-cafe.ch\/fr\/wp-json\/wp\/v2\/product_tag?post=20544"}],"curies":[{"name":"wp","href":"https:\/\/api.w.org\/{rel}","templated":true}]}}