{"id":20542,"date":"2014-09-19T13:47:00","date_gmt":"2014-09-19T13:47:00","guid":{"rendered":"https:\/\/www.bertschi-cafe.ch\/webseite\/produkt\/gastro-queen\/"},"modified":"2024-03-13T06:50:54","modified_gmt":"2024-03-13T06:50:54","slug":"gastro-queen","status":"publish","type":"product","link":"https:\/\/www.bertschi-cafe.ch\/fr\/produit\/gastro-queen\/","title":{"rendered":"Gastro Queen"},"content":{"rendered":"<p><strong>M\u00e9lange<br \/>\n<\/strong>60% d&rsquo;arabica d&rsquo;Am\u00e9rique centrale et d&rsquo;Am\u00e9rique du Sud<br \/>\n40% de robusta d&rsquo;Asie<\/p>\n<p><strong>Go\u00fbt<br \/>\n<\/strong>Acidit\u00e9 tr\u00e8s retenue &#8211; comme caf\u00e9 cr\u00e8me ou caf\u00e9 au lait. Le robusta asiatique apporte un d\u00e9licieux \u00ab\u00a0go\u00fbt de chocolat\u00a0\u00bb. Un m\u00e9lange \u00e9quilibr\u00e9 de caf\u00e9s Arabica et Robusta d&rsquo;Am\u00e9rique latine, torr\u00e9faction moyenne.<\/p>\n<p><strong>Torr\u00e9faction<br \/>\n<\/strong>Clair<\/p>\n<p><strong>Aptitude<\/strong><br \/>\nCaf\u00e9-cr\u00e8me ou caf\u00e9 au lait<\/p>\n<p><strong>Disponible<br \/>\n<\/strong>1kg de grains<\/p>\n","protected":false},"excerpt":{"rendered":"<p>M\u00e9lange 60% d&rsquo;arabica d&rsquo;Am\u00e9rique centrale et d&rsquo;Am\u00e9rique du Sud 40% de robusta d&rsquo;Asie Go\u00fbt Acidit\u00e9 tr\u00e8s retenue &#8211; comme caf\u00e9 cr\u00e8me ou caf\u00e9 au lait. Le robusta asiatique apporte un d\u00e9licieux \u00ab\u00a0go\u00fbt de chocolat\u00a0\u00bb. Un m\u00e9lange \u00e9quilibr\u00e9 de caf\u00e9s Arabica et Robusta d&rsquo;Am\u00e9rique latine, torr\u00e9faction moyenne. Torr\u00e9faction Clair Aptitude Caf\u00e9-cr\u00e8me ou caf\u00e9 au lait Disponible [&hellip;]<\/p>\n","protected":false},"featured_media":18597,"template":"","meta":{"_acf_changed":false,"_coblocks_attr":"","_coblocks_dimensions":"","_coblocks_responsive_height":"","_coblocks_accordion_ie_support":"","inline_featured_image":false,"_monsterinsights_skip_tracking":false,"_monsterinsights_sitenote_active":false,"_monsterinsights_sitenote_note":"","_monsterinsights_sitenote_category":0},"product_brand":[],"product_cat":[155],"product_tag":[],"class_list":{"0":"post-20542","1":"product","2":"type-product","3":"status-publish","4":"has-post-thumbnail","6":"product_cat-bohnen","7":"pa_zubereitung-filter-ganze-bohnen","9":"first","10":"instock","11":"taxable","12":"shipping-taxable","13":"purchasable","14":"product-type-variable","15":"has-default-attributes"},"acf":[],"aioseo_notices":[],"_links":{"self":[{"href":"https:\/\/www.bertschi-cafe.ch\/fr\/wp-json\/wp\/v2\/product\/20542","targetHints":{"allow":["GET"]}}],"collection":[{"href":"https:\/\/www.bertschi-cafe.ch\/fr\/wp-json\/wp\/v2\/product"}],"about":[{"href":"https:\/\/www.bertschi-cafe.ch\/fr\/wp-json\/wp\/v2\/types\/product"}],"wp:featuredmedia":[{"embeddable":true,"href":"https:\/\/www.bertschi-cafe.ch\/fr\/wp-json\/wp\/v2\/media\/18597"}],"wp:attachment":[{"href":"https:\/\/www.bertschi-cafe.ch\/fr\/wp-json\/wp\/v2\/media?parent=20542"}],"wp:term":[{"taxonomy":"product_brand","embeddable":true,"href":"https:\/\/www.bertschi-cafe.ch\/fr\/wp-json\/wp\/v2\/product_brand?post=20542"},{"taxonomy":"product_cat","embeddable":true,"href":"https:\/\/www.bertschi-cafe.ch\/fr\/wp-json\/wp\/v2\/product_cat?post=20542"},{"taxonomy":"product_tag","embeddable":true,"href":"https:\/\/www.bertschi-cafe.ch\/fr\/wp-json\/wp\/v2\/product_tag?post=20542"}],"curies":[{"name":"wp","href":"https:\/\/api.w.org\/{rel}","templated":true}]}}