{"id":20539,"date":"2014-09-19T13:48:00","date_gmt":"2014-09-19T13:48:00","guid":{"rendered":"https:\/\/www.bertschi-cafe.ch\/webseite\/produkt\/or-de-luxe\/"},"modified":"2024-03-13T06:50:50","modified_gmt":"2024-03-13T06:50:50","slug":"or-de-luxe","status":"publish","type":"product","link":"https:\/\/www.bertschi-cafe.ch\/fr\/produit\/or-de-luxe\/","title":{"rendered":"Or de luxe"},"content":{"rendered":"<p><strong>M\u00e9lange<br \/>\n<\/strong>100% Arabica d&rsquo;Am\u00e9rique centrale et d&rsquo;Am\u00e9rique du Sud<\/p>\n<p><strong>Go\u00fbt<br \/>\n<\/strong>Acidit\u00e9 fine et \u00e9quilibr\u00e9e, jamais am\u00e8re. Pour un caf\u00e9-cr\u00e8me d\u00e9licieux ou un bon caf\u00e9 l\u00e9ger au petit-d\u00e9jeuner. En Suisse, il existe une petite communaut\u00e9 de fans qui pr\u00e9f\u00e8rent boire du th\u00e9 lorsqu&rsquo;il n&rsquo;y a pas d'\u00a0\u00bbor de luxe\u00a0\u00bb.<\/p>\n<p><strong>Torr\u00e9faction<br \/>\n<\/strong>Clair<\/p>\n<p><strong>Aptitude<\/strong><br \/>\nCaf\u00e9 cr\u00e8me et caf\u00e9 filtre<\/p>\n<p><strong>Disponible<\/strong>sur <strong><br \/>\n 250g en grains \/ moulu<\/strong><\/p>\n","protected":false},"excerpt":{"rendered":"<p>M\u00e9lange 100% Arabica d&rsquo;Am\u00e9rique centrale et d&rsquo;Am\u00e9rique du Sud Go\u00fbt Acidit\u00e9 fine et \u00e9quilibr\u00e9e, jamais am\u00e8re. Pour un caf\u00e9-cr\u00e8me d\u00e9licieux ou un bon caf\u00e9 l\u00e9ger au petit-d\u00e9jeuner. En Suisse, il existe une petite communaut\u00e9 de fans qui pr\u00e9f\u00e8rent boire du th\u00e9 lorsqu&rsquo;il n&rsquo;y a pas d&rsquo;\u00a0\u00bbor de luxe\u00a0\u00bb. Torr\u00e9faction Clair Aptitude Caf\u00e9 cr\u00e8me et caf\u00e9 [&hellip;]<\/p>\n","protected":false},"featured_media":18601,"template":"","meta":{"_acf_changed":false,"_coblocks_attr":"","_coblocks_dimensions":"","_coblocks_responsive_height":"","_coblocks_accordion_ie_support":"","inline_featured_image":false,"_monsterinsights_skip_tracking":false,"_monsterinsights_sitenote_active":false,"_monsterinsights_sitenote_note":"","_monsterinsights_sitenote_category":0},"product_brand":[],"product_cat":[155,156],"product_tag":[],"class_list":{"0":"post-20539","1":"product","2":"type-product","3":"status-publish","4":"has-post-thumbnail","6":"product_cat-bohnen","7":"product_cat-gemahlen","8":"pa_zubereitung-filter-ganze-bohnen","9":"pa_zubereitung-filter-gemahlen","11":"first","12":"instock","13":"taxable","14":"shipping-taxable","15":"purchasable","16":"product-type-variable","17":"has-default-attributes"},"acf":[],"aioseo_notices":[],"_links":{"self":[{"href":"https:\/\/www.bertschi-cafe.ch\/fr\/wp-json\/wp\/v2\/product\/20539","targetHints":{"allow":["GET"]}}],"collection":[{"href":"https:\/\/www.bertschi-cafe.ch\/fr\/wp-json\/wp\/v2\/product"}],"about":[{"href":"https:\/\/www.bertschi-cafe.ch\/fr\/wp-json\/wp\/v2\/types\/product"}],"wp:featuredmedia":[{"embeddable":true,"href":"https:\/\/www.bertschi-cafe.ch\/fr\/wp-json\/wp\/v2\/media\/18601"}],"wp:attachment":[{"href":"https:\/\/www.bertschi-cafe.ch\/fr\/wp-json\/wp\/v2\/media?parent=20539"}],"wp:term":[{"taxonomy":"product_brand","embeddable":true,"href":"https:\/\/www.bertschi-cafe.ch\/fr\/wp-json\/wp\/v2\/product_brand?post=20539"},{"taxonomy":"product_cat","embeddable":true,"href":"https:\/\/www.bertschi-cafe.ch\/fr\/wp-json\/wp\/v2\/product_cat?post=20539"},{"taxonomy":"product_tag","embeddable":true,"href":"https:\/\/www.bertschi-cafe.ch\/fr\/wp-json\/wp\/v2\/product_tag?post=20539"}],"curies":[{"name":"wp","href":"https:\/\/api.w.org\/{rel}","templated":true}]}}