{"id":20537,"date":"2014-09-19T13:48:00","date_gmt":"2014-09-19T13:48:00","guid":{"rendered":"https:\/\/www.bertschi-cafe.ch\/webseite\/produkt\/marago\/"},"modified":"2024-03-13T06:50:43","modified_gmt":"2024-03-13T06:50:43","slug":"marago","status":"publish","type":"product","link":"https:\/\/www.bertschi-cafe.ch\/fr\/produit\/marago\/","title":{"rendered":"Marago"},"content":{"rendered":"<p><strong>M\u00e9lange<\/strong><br \/>\n100% Maragotype Arabica du Mexique ou du Nicaragua, l&rsquo;un des caf\u00e9s les plus chers du monde !<\/p>\n<p><strong>Go\u00fbt<br \/>\n<\/strong>Un des caf\u00e9s les plus chers du monde ! Pour lui, les Nordistes et les Allemands sont \u00e0 des lieues les uns des autres. Avec du lait concentr\u00e9 sucr\u00e9, parfait pour le \u00ab\u00a0caf\u00e9 et le g\u00e2teau\u00a0\u00bb. En Suisse, il existe une petite communaut\u00e9 de fans qui pr\u00e9f\u00e8rent boire du th\u00e9 lorsqu&rsquo;il n&rsquo;y a pas de \u00ab\u00a0Marago\u00a0\u00bb.<\/p>\n<p><strong>Torr\u00e9faction<br \/>\n<\/strong>Clair<\/p>\n<p><strong>Aptitude<\/strong><br \/>\nCaf\u00e9 cr\u00e8me et caf\u00e9 filtre<\/p>\n<p><strong>Disponible<\/strong>sur <strong><br \/>\n grains de 250g<\/strong><\/p>\n","protected":false},"excerpt":{"rendered":"<p>M\u00e9lange 100% Maragotype Arabica du Mexique ou du Nicaragua, l&rsquo;un des caf\u00e9s les plus chers du monde ! Go\u00fbt Un des caf\u00e9s les plus chers du monde ! Pour lui, les Nordistes et les Allemands sont \u00e0 des lieues les uns des autres. Avec du lait concentr\u00e9 sucr\u00e9, parfait pour le \u00ab\u00a0caf\u00e9 et le g\u00e2teau\u00a0\u00bb. [&hellip;]<\/p>\n","protected":false},"featured_media":18605,"template":"","meta":{"_acf_changed":false,"_coblocks_attr":"","_coblocks_dimensions":"","_coblocks_responsive_height":"","_coblocks_accordion_ie_support":"","inline_featured_image":false,"_monsterinsights_skip_tracking":false,"_monsterinsights_sitenote_active":false,"_monsterinsights_sitenote_note":"","_monsterinsights_sitenote_category":0},"product_brand":[],"product_cat":[155],"product_tag":[],"class_list":{"0":"post-20537","1":"product","2":"type-product","3":"status-publish","4":"has-post-thumbnail","6":"product_cat-bohnen","7":"pa_zubereitung-filter-ganze-bohnen","9":"first","10":"instock","11":"taxable","12":"shipping-taxable","13":"purchasable","14":"product-type-variable","15":"has-default-attributes"},"acf":[],"aioseo_notices":[],"_links":{"self":[{"href":"https:\/\/www.bertschi-cafe.ch\/fr\/wp-json\/wp\/v2\/product\/20537","targetHints":{"allow":["GET"]}}],"collection":[{"href":"https:\/\/www.bertschi-cafe.ch\/fr\/wp-json\/wp\/v2\/product"}],"about":[{"href":"https:\/\/www.bertschi-cafe.ch\/fr\/wp-json\/wp\/v2\/types\/product"}],"wp:featuredmedia":[{"embeddable":true,"href":"https:\/\/www.bertschi-cafe.ch\/fr\/wp-json\/wp\/v2\/media\/18605"}],"wp:attachment":[{"href":"https:\/\/www.bertschi-cafe.ch\/fr\/wp-json\/wp\/v2\/media?parent=20537"}],"wp:term":[{"taxonomy":"product_brand","embeddable":true,"href":"https:\/\/www.bertschi-cafe.ch\/fr\/wp-json\/wp\/v2\/product_brand?post=20537"},{"taxonomy":"product_cat","embeddable":true,"href":"https:\/\/www.bertschi-cafe.ch\/fr\/wp-json\/wp\/v2\/product_cat?post=20537"},{"taxonomy":"product_tag","embeddable":true,"href":"https:\/\/www.bertschi-cafe.ch\/fr\/wp-json\/wp\/v2\/product_tag?post=20537"}],"curies":[{"name":"wp","href":"https:\/\/api.w.org\/{rel}","templated":true}]}}