{"id":20532,"date":"2014-09-19T13:50:00","date_gmt":"2014-09-19T13:50:00","guid":{"rendered":"https:\/\/www.bertschi-cafe.ch\/webseite\/produkt\/vienne\/"},"modified":"2024-03-13T06:50:52","modified_gmt":"2024-03-13T06:50:52","slug":"vienna","status":"publish","type":"product","link":"https:\/\/www.bertschi-cafe.ch\/fr\/produit\/vienna\/","title":{"rendered":"Vienne"},"content":{"rendered":"<p><strong>M\u00e9lange<\/strong><br \/>\n100% arabica d&rsquo;Am\u00e9rique centrale et d&rsquo;Am\u00e9rique du Sud (principalement de Colombie et du Br\u00e9sil)<\/p>\n<p><strong>Go\u00fbt<br \/>\n<\/strong>Acidit\u00e9 finement \u00e9quilibr\u00e9e, mais jamais am\u00e8re.<\/p>\n<p><strong>Torr\u00e9faction<br \/>\n<\/strong>torr\u00e9faction claire \u00e0 moyenne.<\/p>\n<p><strong>Aptitude<\/strong><br \/>\nLe caf\u00e9-cr\u00e8me par excellence, un caf\u00e9 pour le petit d\u00e9jeuner des plus exigeants. Possible aussi pour l&rsquo;espresso, mais \u00e0 notre avis un peu trop l\u00e9ger.<\/p>\n<p><strong>Disponible<\/strong> sur <strong><br \/>\n 250g en grains \/ 250g moulu \/ 500g en grains \/ 1kg en grains<\/strong> <\/p>\n","protected":false},"excerpt":{"rendered":"<p>M\u00e9lange 100% arabica d&rsquo;Am\u00e9rique centrale et d&rsquo;Am\u00e9rique du Sud (principalement de Colombie et du Br\u00e9sil) Go\u00fbt Acidit\u00e9 finement \u00e9quilibr\u00e9e, mais jamais am\u00e8re. Torr\u00e9faction torr\u00e9faction claire \u00e0 moyenne. Aptitude Le caf\u00e9-cr\u00e8me par excellence, un caf\u00e9 pour le petit d\u00e9jeuner des plus exigeants. Possible aussi pour l&rsquo;espresso, mais \u00e0 notre avis un peu trop l\u00e9ger. Disponible sur [&hellip;]<\/p>\n","protected":false},"featured_media":18595,"template":"","meta":{"_acf_changed":false,"_coblocks_attr":"","_coblocks_dimensions":"","_coblocks_responsive_height":"","_coblocks_accordion_ie_support":"","inline_featured_image":false,"_monsterinsights_skip_tracking":false,"_monsterinsights_sitenote_active":false,"_monsterinsights_sitenote_note":"","_monsterinsights_sitenote_category":0},"product_brand":[],"product_cat":[155,156],"product_tag":[],"class_list":{"0":"post-20532","1":"product","2":"type-product","3":"status-publish","4":"has-post-thumbnail","6":"product_cat-bohnen","7":"product_cat-gemahlen","8":"pa_zubereitung-filter-ganze-bohnen","9":"pa_zubereitung-filter-gemahlen","11":"first","12":"instock","13":"taxable","14":"shipping-taxable","15":"purchasable","16":"product-type-variable"},"acf":[],"aioseo_notices":[],"_links":{"self":[{"href":"https:\/\/www.bertschi-cafe.ch\/fr\/wp-json\/wp\/v2\/product\/20532","targetHints":{"allow":["GET"]}}],"collection":[{"href":"https:\/\/www.bertschi-cafe.ch\/fr\/wp-json\/wp\/v2\/product"}],"about":[{"href":"https:\/\/www.bertschi-cafe.ch\/fr\/wp-json\/wp\/v2\/types\/product"}],"wp:featuredmedia":[{"embeddable":true,"href":"https:\/\/www.bertschi-cafe.ch\/fr\/wp-json\/wp\/v2\/media\/18595"}],"wp:attachment":[{"href":"https:\/\/www.bertschi-cafe.ch\/fr\/wp-json\/wp\/v2\/media?parent=20532"}],"wp:term":[{"taxonomy":"product_brand","embeddable":true,"href":"https:\/\/www.bertschi-cafe.ch\/fr\/wp-json\/wp\/v2\/product_brand?post=20532"},{"taxonomy":"product_cat","embeddable":true,"href":"https:\/\/www.bertschi-cafe.ch\/fr\/wp-json\/wp\/v2\/product_cat?post=20532"},{"taxonomy":"product_tag","embeddable":true,"href":"https:\/\/www.bertschi-cafe.ch\/fr\/wp-json\/wp\/v2\/product_tag?post=20532"}],"curies":[{"name":"wp","href":"https:\/\/api.w.org\/{rel}","templated":true}]}}