{"id":20530,"date":"2014-10-08T19:56:00","date_gmt":"2014-10-08T19:56:00","guid":{"rendered":"https:\/\/www.bertschi-cafe.ch\/webseite\/produkt\/cooperative-de-cafe-la-florida\/"},"modified":"2024-03-13T06:50:48","modified_gmt":"2024-03-13T06:50:48","slug":"cooperative-la-florida","status":"publish","type":"product","link":"https:\/\/www.bertschi-cafe.ch\/fr\/produit\/cooperative-la-florida\/","title":{"rendered":"Coop\u00e9rative de caf\u00e9 La Florida"},"content":{"rendered":"<p><strong>M\u00e9lange<br \/>\n<\/strong>100% Arabica<\/p>\n<p><strong>Go\u00fbt<br \/>\n<\/strong>La tasse r\u00e9v\u00e8le un caf\u00e9 d\u00e9licieusement doux et sucr\u00e9, aux ar\u00f4mes l\u00e9g\u00e8rement floraux, qui rappellent vaguement le caramel.<\/p>\n<p><strong>Torr\u00e9faction<\/strong><br \/>\nMoyens<\/p>\n<p><strong>Aptitude<\/strong><br \/>\ncompl\u00e8tent<\/p>\n<p><strong>Disponible sur<\/strong><br \/>\n250g de haricots<\/p>\n<p><strong>Certification<\/strong><br \/>\nBourgeon bio et commerce \u00e9quitable Max Havelaar<\/p>\n","protected":false},"excerpt":{"rendered":"<p>M\u00e9lange 100% Arabica Go\u00fbt La tasse r\u00e9v\u00e8le un caf\u00e9 d\u00e9licieusement doux et sucr\u00e9, aux ar\u00f4mes l\u00e9g\u00e8rement floraux, qui rappellent vaguement le caramel. Torr\u00e9faction Moyens Aptitude compl\u00e8tent Disponible sur 250g de haricots Certification Bourgeon bio et commerce \u00e9quitable Max Havelaar<\/p>\n","protected":false},"featured_media":18607,"template":"","meta":{"_acf_changed":false,"_coblocks_attr":"","_coblocks_dimensions":"","_coblocks_responsive_height":"","_coblocks_accordion_ie_support":"","inline_featured_image":false,"_monsterinsights_skip_tracking":false,"_monsterinsights_sitenote_active":false,"_monsterinsights_sitenote_note":"","_monsterinsights_sitenote_category":0},"product_brand":[],"product_cat":[155],"product_tag":[],"class_list":{"0":"post-20530","1":"product","2":"type-product","3":"status-publish","4":"has-post-thumbnail","6":"product_cat-bohnen","7":"pa_zubereitung-filter-ganze-bohnen","9":"first","10":"instock","11":"taxable","12":"shipping-taxable","13":"purchasable","14":"product-type-variable","15":"has-default-attributes"},"acf":[],"aioseo_notices":[],"_links":{"self":[{"href":"https:\/\/www.bertschi-cafe.ch\/fr\/wp-json\/wp\/v2\/product\/20530","targetHints":{"allow":["GET"]}}],"collection":[{"href":"https:\/\/www.bertschi-cafe.ch\/fr\/wp-json\/wp\/v2\/product"}],"about":[{"href":"https:\/\/www.bertschi-cafe.ch\/fr\/wp-json\/wp\/v2\/types\/product"}],"wp:featuredmedia":[{"embeddable":true,"href":"https:\/\/www.bertschi-cafe.ch\/fr\/wp-json\/wp\/v2\/media\/18607"}],"wp:attachment":[{"href":"https:\/\/www.bertschi-cafe.ch\/fr\/wp-json\/wp\/v2\/media?parent=20530"}],"wp:term":[{"taxonomy":"product_brand","embeddable":true,"href":"https:\/\/www.bertschi-cafe.ch\/fr\/wp-json\/wp\/v2\/product_brand?post=20530"},{"taxonomy":"product_cat","embeddable":true,"href":"https:\/\/www.bertschi-cafe.ch\/fr\/wp-json\/wp\/v2\/product_cat?post=20530"},{"taxonomy":"product_tag","embeddable":true,"href":"https:\/\/www.bertschi-cafe.ch\/fr\/wp-json\/wp\/v2\/product_tag?post=20530"}],"curies":[{"name":"wp","href":"https:\/\/api.w.org\/{rel}","templated":true}]}}