{"id":20519,"date":"2016-05-04T09:33:00","date_gmt":"2016-05-04T09:33:00","guid":{"rendered":"https:\/\/www.bertschi-cafe.ch\/webseite\/produkt\/cafe-fedar\/"},"modified":"2024-03-13T06:50:53","modified_gmt":"2024-03-13T06:50:53","slug":"fedar-cafe","status":"publish","type":"product","link":"https:\/\/www.bertschi-cafe.ch\/fr\/produit\/fedar-cafe\/","title":{"rendered":"Caf\u00e9 Fedar"},"content":{"rendered":"<p><strong>M\u00e9lange<br \/>\n<\/strong>100% Arabica de la Fundacion Fedar, Colombie<\/p>\n<p><strong>Go\u00fbt<br \/>\n<\/strong>Ar\u00f4me complet avec un arri\u00e8re-go\u00fbt agr\u00e9ablement doux. Acidit\u00e9 fine et douce<\/p>\n<p><strong>Torr\u00e9faction<\/strong><br \/>\nclair<\/p>\n<p><strong>Aptitude<\/strong><br \/>\nCaf\u00e9 cr\u00e8me et caf\u00e9 filtre<\/p>\n<p><strong>Disponible sur<\/strong><br \/>\n250g de haricots<\/p>\n","protected":false},"excerpt":{"rendered":"<p>M\u00e9lange 100% Arabica de la Fundacion Fedar, Colombie Go\u00fbt Ar\u00f4me complet avec un arri\u00e8re-go\u00fbt agr\u00e9ablement doux. Acidit\u00e9 fine et douce Torr\u00e9faction clair Aptitude Caf\u00e9 cr\u00e8me et caf\u00e9 filtre Disponible sur 250g de haricots<\/p>\n","protected":false},"featured_media":18583,"template":"","meta":{"_acf_changed":false,"_coblocks_attr":"","_coblocks_dimensions":"","_coblocks_responsive_height":"","_coblocks_accordion_ie_support":"","inline_featured_image":false,"_monsterinsights_skip_tracking":false,"_monsterinsights_sitenote_active":false,"_monsterinsights_sitenote_note":"","_monsterinsights_sitenote_category":0},"product_brand":[],"product_cat":[155],"product_tag":[],"class_list":{"0":"post-20519","1":"product","2":"type-product","3":"status-publish","4":"has-post-thumbnail","6":"product_cat-bohnen","7":"pa_zubereitung-filter-ganze-bohnen","9":"first","10":"instock","11":"taxable","12":"shipping-taxable","13":"purchasable","14":"product-type-variable","15":"has-default-attributes"},"acf":[],"aioseo_notices":[],"_links":{"self":[{"href":"https:\/\/www.bertschi-cafe.ch\/fr\/wp-json\/wp\/v2\/product\/20519","targetHints":{"allow":["GET"]}}],"collection":[{"href":"https:\/\/www.bertschi-cafe.ch\/fr\/wp-json\/wp\/v2\/product"}],"about":[{"href":"https:\/\/www.bertschi-cafe.ch\/fr\/wp-json\/wp\/v2\/types\/product"}],"wp:featuredmedia":[{"embeddable":true,"href":"https:\/\/www.bertschi-cafe.ch\/fr\/wp-json\/wp\/v2\/media\/18583"}],"wp:attachment":[{"href":"https:\/\/www.bertschi-cafe.ch\/fr\/wp-json\/wp\/v2\/media?parent=20519"}],"wp:term":[{"taxonomy":"product_brand","embeddable":true,"href":"https:\/\/www.bertschi-cafe.ch\/fr\/wp-json\/wp\/v2\/product_brand?post=20519"},{"taxonomy":"product_cat","embeddable":true,"href":"https:\/\/www.bertschi-cafe.ch\/fr\/wp-json\/wp\/v2\/product_cat?post=20519"},{"taxonomy":"product_tag","embeddable":true,"href":"https:\/\/www.bertschi-cafe.ch\/fr\/wp-json\/wp\/v2\/product_tag?post=20519"}],"curies":[{"name":"wp","href":"https:\/\/api.w.org\/{rel}","templated":true}]}}