{"id":20516,"date":"2016-05-04T10:09:00","date_gmt":"2016-05-04T10:09:00","guid":{"rendered":"https:\/\/www.bertschi-cafe.ch\/webseite\/produkt\/cafe-balois\/"},"modified":"2024-06-26T05:35:40","modified_gmt":"2024-06-26T05:35:40","slug":"cafe-de-la-baloise","status":"publish","type":"product","link":"https:\/\/www.bertschi-cafe.ch\/fr\/produit\/cafe-de-la-baloise\/","title":{"rendered":"Caf\u00e9 b\u00e2lois"},"content":{"rendered":"<p><strong>M\u00e9lange<br \/>\n<\/strong>80% d&rsquo;arabica d&rsquo;Am\u00e9rique centrale et d&rsquo;Am\u00e9rique du Sud<br \/>\n20% de robusta de Java<\/p>\n<p><strong>Go\u00fbt<br \/>\n<\/strong>Le caf\u00e9 avec un tic particulier. Ar\u00f4me complet avec de fines nuances de noix. Un caf\u00e9 agr\u00e9able pour une qualit\u00e9 de vie d\u00e9tendue et tranquille<\/p>\n<p><strong>Torr\u00e9faction<br \/>\n<\/strong>Moyenne<\/p>\n<p><strong>Aptitude<\/strong><br \/>\nCaf\u00e9 cr\u00e8me et latte macchiatto<\/p>\n<p><strong>Disponible<br \/>\n<\/strong>1kg de grains<\/p>\n","protected":false},"excerpt":{"rendered":"<p>M\u00e9lange 80% d&rsquo;arabica d&rsquo;Am\u00e9rique centrale et d&rsquo;Am\u00e9rique du Sud 20% de robusta de Java Go\u00fbt Le caf\u00e9 avec un tic particulier. Ar\u00f4me complet avec de fines nuances de noix. Un caf\u00e9 agr\u00e9able pour une qualit\u00e9 de vie d\u00e9tendue et tranquille Torr\u00e9faction Moyenne Aptitude Caf\u00e9 cr\u00e8me et latte macchiatto Disponible 1kg de grains<\/p>\n","protected":false},"featured_media":18587,"template":"","meta":{"_acf_changed":false,"_coblocks_attr":"","_coblocks_dimensions":"","_coblocks_responsive_height":"","_coblocks_accordion_ie_support":"","inline_featured_image":false,"_monsterinsights_skip_tracking":false,"_monsterinsights_sitenote_active":false,"_monsterinsights_sitenote_note":"","_monsterinsights_sitenote_category":0},"product_brand":[],"product_cat":[155],"product_tag":[],"class_list":{"0":"post-20516","1":"product","2":"type-product","3":"status-publish","4":"has-post-thumbnail","6":"product_cat-bohnen","7":"pa_zubereitung-filter-ganze-bohnen","9":"first","10":"instock","11":"taxable","12":"shipping-taxable","13":"purchasable","14":"product-type-variable","15":"has-default-attributes"},"acf":[],"aioseo_notices":[],"_links":{"self":[{"href":"https:\/\/www.bertschi-cafe.ch\/fr\/wp-json\/wp\/v2\/product\/20516","targetHints":{"allow":["GET"]}}],"collection":[{"href":"https:\/\/www.bertschi-cafe.ch\/fr\/wp-json\/wp\/v2\/product"}],"about":[{"href":"https:\/\/www.bertschi-cafe.ch\/fr\/wp-json\/wp\/v2\/types\/product"}],"wp:featuredmedia":[{"embeddable":true,"href":"https:\/\/www.bertschi-cafe.ch\/fr\/wp-json\/wp\/v2\/media\/18587"}],"wp:attachment":[{"href":"https:\/\/www.bertschi-cafe.ch\/fr\/wp-json\/wp\/v2\/media?parent=20516"}],"wp:term":[{"taxonomy":"product_brand","embeddable":true,"href":"https:\/\/www.bertschi-cafe.ch\/fr\/wp-json\/wp\/v2\/product_brand?post=20516"},{"taxonomy":"product_cat","embeddable":true,"href":"https:\/\/www.bertschi-cafe.ch\/fr\/wp-json\/wp\/v2\/product_cat?post=20516"},{"taxonomy":"product_tag","embeddable":true,"href":"https:\/\/www.bertschi-cafe.ch\/fr\/wp-json\/wp\/v2\/product_tag?post=20516"}],"curies":[{"name":"wp","href":"https:\/\/api.w.org\/{rel}","templated":true}]}}