{"id":19926,"date":"2022-02-15T08:21:13","date_gmt":"2022-02-15T08:21:13","guid":{"rendered":"https:\/\/www.bertschi-cafe.ch\/webseite\/produkt\/set-de-cafe-espresso\/"},"modified":"2024-02-27T17:55:48","modified_gmt":"2024-02-27T17:55:48","slug":"set-de-cafe-espresso","status":"publish","type":"product","link":"https:\/\/www.bertschi-cafe.ch\/fr\/produit\/set-de-cafe-espresso\/","title":{"rendered":"Set de caf\u00e9 espresso"},"content":{"rendered":"<p><strong>Le set de caf\u00e9 Espresso contient les caf\u00e9s suivants :<\/strong><\/p>\n<ul>\n<li>Espresso Demeter<\/li>\n<li>Bio Bravo Bourgeon Espresso<\/li>\n<li>Euro Bio Bravo Espresso<\/li>\n<li>Sombrero Fairtrade Latino Lover<\/li>\n<li>Espresso b\u00e2lois<\/li>\n<li>Espresso<\/li>\n<li>2 x tasse \u00e0 espresso avec assiette<\/li>\n<\/ul>\n<p>&nbsp;<\/p>\n<p><strong>M\u00e9lange<\/strong><br \/>\ndivers<\/p>\n<p><strong>Go\u00fbt<\/strong><br \/>\ndivers<\/p>\n<p><strong>Torr\u00e9faction<\/strong><b><br \/>\n<\/b>fonc\u00e9<\/p>\n<p><strong>Disponible sur<\/strong><br \/>\nchaque paquet de 500g de haricots<\/p>\n","protected":false},"excerpt":{"rendered":"<p>Le set de caf\u00e9 Espresso contient les caf\u00e9s suivants : Espresso Demeter Bio Bravo Bourgeon Espresso Euro Bio Bravo Espresso Sombrero Fairtrade Latino Lover Espresso b\u00e2lois Espresso 2 x tasse \u00e0 espresso avec assiette &nbsp; M\u00e9lange divers Go\u00fbt divers Torr\u00e9faction fonc\u00e9 Disponible sur chaque paquet de 500g de haricots<\/p>\n","protected":false},"featured_media":19797,"template":"","meta":{"_acf_changed":false,"_coblocks_attr":"","_coblocks_dimensions":"","_coblocks_responsive_height":"","_coblocks_accordion_ie_support":"","inline_featured_image":false,"_monsterinsights_skip_tracking":false,"_monsterinsights_sitenote_active":false,"_monsterinsights_sitenote_note":"","_monsterinsights_sitenote_category":0},"product_brand":[],"product_cat":[154],"product_tag":[],"class_list":{"0":"post-19926","1":"product","2":"type-product","3":"status-publish","4":"has-post-thumbnail","6":"product_cat-geschenk-und-probiersets","8":"first","9":"instock","10":"sale","11":"taxable","12":"shipping-taxable","13":"purchasable","14":"product-type-variable"},"acf":[],"aioseo_notices":[],"_links":{"self":[{"href":"https:\/\/www.bertschi-cafe.ch\/fr\/wp-json\/wp\/v2\/product\/19926","targetHints":{"allow":["GET"]}}],"collection":[{"href":"https:\/\/www.bertschi-cafe.ch\/fr\/wp-json\/wp\/v2\/product"}],"about":[{"href":"https:\/\/www.bertschi-cafe.ch\/fr\/wp-json\/wp\/v2\/types\/product"}],"wp:featuredmedia":[{"embeddable":true,"href":"https:\/\/www.bertschi-cafe.ch\/fr\/wp-json\/wp\/v2\/media\/19797"}],"wp:attachment":[{"href":"https:\/\/www.bertschi-cafe.ch\/fr\/wp-json\/wp\/v2\/media?parent=19926"}],"wp:term":[{"taxonomy":"product_brand","embeddable":true,"href":"https:\/\/www.bertschi-cafe.ch\/fr\/wp-json\/wp\/v2\/product_brand?post=19926"},{"taxonomy":"product_cat","embeddable":true,"href":"https:\/\/www.bertschi-cafe.ch\/fr\/wp-json\/wp\/v2\/product_cat?post=19926"},{"taxonomy":"product_tag","embeddable":true,"href":"https:\/\/www.bertschi-cafe.ch\/fr\/wp-json\/wp\/v2\/product_tag?post=19926"}],"curies":[{"name":"wp","href":"https:\/\/api.w.org\/{rel}","templated":true}]}}