{"id":31045,"date":"2024-09-20T06:23:08","date_gmt":"2024-09-20T06:23:08","guid":{"rendered":"https:\/\/www.bertschi-cafe.ch\/?page_id=31045"},"modified":"2025-01-02T12:58:11","modified_gmt":"2025-01-02T12:58:11","slug":"kaffee-degustationen","status":"publish","type":"page","link":"https:\/\/www.bertschi-cafe.ch\/fr\/kaffee-degustationen\/","title":{"rendered":"Kaffee Degustationen"},"content":{"rendered":"\t\t<div data-elementor-type=\"wp-page\" data-elementor-id=\"31045\" class=\"elementor elementor-31045\" data-elementor-post-type=\"page\">\n\t\t\t\t<div class=\"elementor-element elementor-element-27372e2 e-flex e-con-boxed e-con e-parent\" data-id=\"27372e2\" data-element_type=\"container\" data-e-type=\"container\" data-settings=\"{&quot;jet_parallax_layout_list&quot;:[]}\">\n\t\t\t\t\t<div class=\"e-con-inner\">\n\t\t<div class=\"elementor-element elementor-element-d4f2520 e-con-full e-flex e-con e-child\" data-id=\"d4f2520\" data-element_type=\"container\" data-e-type=\"container\" data-settings=\"{&quot;jet_parallax_layout_list&quot;:[]}\">\n\t\t\t\t<div class=\"elementor-element elementor-element-6af93f4 elementor-widget elementor-widget-heading\" data-id=\"6af93f4\" data-element_type=\"widget\" data-e-type=\"widget\" data-widget_type=\"heading.default\">\n\t\t\t\t<div class=\"elementor-widget-container\">\n\t\t\t\t\t<p class=\"elementor-heading-title elementor-size-default\">Degustation<\/p>\t\t\t\t<\/div>\n\t\t\t\t<\/div>\n\t\t\t\t<div class=\"elementor-element elementor-element-477e7bf elementor-widget elementor-widget-heading\" data-id=\"477e7bf\" data-element_type=\"widget\" data-e-type=\"widget\" data-widget_type=\"heading.default\">\n\t\t\t\t<div class=\"elementor-widget-container\">\n\t\t\t\t\t<h1 class=\"elementor-heading-title elementor-size-default\">Kaffee Degustationen<\/h1>\t\t\t\t<\/div>\n\t\t\t\t<\/div>\n\t\t\t\t<div class=\"elementor-element elementor-element-6f4a2d0 elementor-widget elementor-widget-text-editor\" data-id=\"6f4a2d0\" data-element_type=\"widget\" data-e-type=\"widget\" data-widget_type=\"text-editor.default\">\n\t\t\t\t<div class=\"elementor-widget-container\">\n\t\t\t\t\t\t\t\t\t<p>Willkommen zu einem exklusiven Erlebnis bei Bertschi-Caf\u00e9, wo Leidenschaft f\u00fcr Kaffee auf fachm\u00e4nnische Degustation trifft. Unsere Kaffeedegustation bietet Ihnen die einmalige Gelegenheit, verschiedenste Aromen aus aller Welt zu erkunden. Unter Anleitung unserer erfahrenen Baristas lernen Sie, feine Unterschiede in Geschmack und Aroma zu identifizieren und zu sch\u00e4tzen.<\/p><p><strong>Was erwartet Sie bei einer Kaffeedegustation?<\/strong><\/p><ul><li><strong>Vielfalt entdecken:<\/strong> Probieren Sie eine Auswahl an Kaffeespezialit\u00e4ten aus verschiedenen Anbaugebieten. Jede Sorte wird nach den h\u00f6chsten Standards ger\u00f6stet.<\/li><li><strong>Wissen erweitern:<\/strong> Erfahren Sie mehr \u00fcber die Urspr\u00fcnge, die R\u00f6stprozesse und die richtigen Br\u00fchtechniken, die den Charakter eines jeden Kaffees pr\u00e4gen.<\/li><li><strong>Sinne sch\u00e4rfen:<\/strong> Lernen Sie, wie Sie Kaffee mit allen Sinnen geniessen k\u00f6nnen, von der optischen Begutachtung des Mahlgrads bis hin zum Erkennen von Aromen im Geschmack.<\/li><\/ul><p><strong>Warum eine Kaffeedegustation?<\/strong> Die Teilnahme an einer Kaffeedegustation ist nicht nur eine Bildungsreise, sondern auch eine soziale Erfahrung, die Kaffeeliebhaber zusammenbringt. Es ist eine Chance, Ihre Geschmackspalette zu erweitern und vielleicht Ihren neuen Lieblingskaffee zu entdecken.<\/p><p><strong>Anmeldung und Details:<\/strong> Die Kaffeedegustationen finden in unserem R\u00f6stereigeb\u00e4ude an der R\u00fchrbergstrasse 13 in Birsfelden statt. Bitte melden Sie sich im Voraus an, da die Pl\u00e4tze begrenzt sind. Tickets k\u00f6nnen direkt \u00fcber unsere Website erworben werden.<\/p><p>G\u00f6nnen Sie sich das Vergn\u00fcgen, Kaffee in einer ganz neuen Dimension zu erleben. Wir freuen uns darauf, Sie bei einer unserer Kaffee Degustation begr\u00fcssen zu d\u00fcrfen!<\/p>\t\t\t\t\t\t\t\t<\/div>\n\t\t\t\t<\/div>\n\t\t\t\t<\/div>\n\t\t<div class=\"elementor-element elementor-element-89c9115 e-con-full e-flex e-con e-child\" data-id=\"89c9115\" data-element_type=\"container\" data-e-type=\"container\" data-settings=\"{&quot;jet_parallax_layout_list&quot;:[]}\">\n\t\t\t\t<div class=\"elementor-element elementor-element-b6f3b2e elementor-widget elementor-widget-image\" data-id=\"b6f3b2e\" data-element_type=\"widget\" data-e-type=\"widget\" data-widget_type=\"image.default\">\n\t\t\t\t<div class=\"elementor-widget-container\">\n\t\t\t\t\t\t\t\t\t\t\t\t\t\t\t<img decoding=\"async\" width=\"943\" height=\"720\" src=\"https:\/\/www.bertschi-cafe.ch\/webseite\/wp-content\/uploads\/2023\/12\/bertschi-shop-e1705062371525.jpg\" class=\"attachment-full size-full wp-image-19819\" alt=\"\" srcset=\"https:\/\/www.bertschi-cafe.ch\/webseite\/wp-content\/uploads\/2023\/12\/bertschi-shop-e1705062371525.jpg 943w, https:\/\/www.bertschi-cafe.ch\/webseite\/wp-content\/uploads\/2023\/12\/bertschi-shop-e1705062371525-300x229.jpg 300w, https:\/\/www.bertschi-cafe.ch\/webseite\/wp-content\/uploads\/2023\/12\/bertschi-shop-e1705062371525-768x586.jpg 768w, https:\/\/www.bertschi-cafe.ch\/webseite\/wp-content\/uploads\/2023\/12\/bertschi-shop-e1705062371525-600x458.jpg 600w\" sizes=\"(max-width: 943px) 100vw, 943px\" \/>\t\t\t\t\t\t\t\t\t\t\t\t\t\t\t<\/div>\n\t\t\t\t<\/div>\n\t\t\t\t<\/div>\n\t\t\t\t\t<\/div>\n\t\t\t\t<\/div>\n\t\t<div class=\"elementor-element elementor-element-24fe54da e-flex e-con-boxed e-con e-parent\" data-id=\"24fe54da\" data-element_type=\"container\" data-e-type=\"container\" data-settings=\"{&quot;jet_parallax_layout_list&quot;:[]}\">\n\t\t\t\t\t<div class=\"e-con-inner\">\n\t\t<div class=\"elementor-element elementor-element-5b05c70e elementor-hidden-mobile e-flex e-con-boxed e-con e-child\" data-id=\"5b05c70e\" data-element_type=\"container\" data-e-type=\"container\" data-settings=\"{&quot;jet_parallax_layout_list&quot;:[]}\">\n\t\t\t\t\t<div class=\"e-con-inner\">\n\t\t<div class=\"elementor-element elementor-element-3fb09410 e-con-full e-flex e-con e-child\" data-id=\"3fb09410\" data-element_type=\"container\" data-e-type=\"container\" data-settings=\"{&quot;jet_parallax_layout_list&quot;:[]}\">\n\t\t\t\t<div class=\"elementor-element elementor-element-79ce19e elementor-widget elementor-widget-text-editor\" data-id=\"79ce19e\" data-element_type=\"widget\" data-e-type=\"widget\" id=\"products-count\" data-widget_type=\"text-editor.default\">\n\t\t\t\t<div class=\"elementor-widget-container\">\n\t\t\t\t\t\t\t\t\t<p>0 Produkte<\/p>\t\t\t\t\t\t\t\t<\/div>\n\t\t\t\t<\/div>\n\t\t\t\t<div class=\"elementor-element elementor-element-f666c89 elementor-widget elementor-widget-html\" data-id=\"f666c89\" data-element_type=\"widget\" data-e-type=\"widget\" data-widget_type=\"html.default\">\n\t\t\t\t<div class=\"elementor-widget-container\">\n\t\t\t\t\t<script>\r\n    document.addEventListener('DOMContentLoaded', function () {\r\n        var productCount = document.querySelectorAll('ul.products li.product').length;\r\n        var resultCountElement = document.querySelector('#products-count');\r\n        if (resultCountElement) {\r\n            var lang = document.documentElement.lang;\r\n            var text;\r\n\r\n            if (lang.includes('fr')) {\r\n                text = productCount + (productCount === 1 ? ' Produit' : ' Produits');\r\n            } else if (lang.includes('it')) {\r\n                text = productCount + (productCount === 1 ? ' Prodotto' : ' Prodotti');\r\n            } else {\r\n                text = productCount + (productCount === 1 ? ' Produkt' : ' Produkte');\r\n            }\r\n    \r\n            resultCountElement.textContent = text;\r\n        }\r\n    });\r\n<\/script>\t\t\t\t<\/div>\n\t\t\t\t<\/div>\n\t\t\t\t<\/div>\n\t\t\t\t\t<\/div>\n\t\t\t\t<\/div>\n\t\t\t\t\t<\/div>\n\t\t\t\t<\/div>\n\t\t<div class=\"elementor-element elementor-element-165b36f e-flex e-con-boxed e-con e-parent\" data-id=\"165b36f\" data-element_type=\"container\" data-e-type=\"container\" data-settings=\"{&quot;jet_parallax_layout_list&quot;:[]}\">\n\t\t\t\t\t<div class=\"e-con-inner\">\n\t\t\t\t<div class=\"elementor-element elementor-element-2af8a28 elementor-grid-3 elementor-product-loop-item--align-center elementor-grid-tablet-2 elementor-grid-mobile-1 elementor-products-grid elementor-wc-products elementor-widget elementor-widget-woocommerce-products\" data-id=\"2af8a28\" data-element_type=\"widget\" data-e-type=\"widget\" data-widget_type=\"woocommerce-products.default\">\n\t\t\t\t<div class=\"elementor-widget-container\">\n\t\t\t\t\t<div class=\"woocommerce columns-3 \"><ul class=\"products elementor-grid columns-3\">\n<li class=\"product type-product post-31025 status-publish first outofstock product_cat-degustationen-tickets has-post-thumbnail sale virtual taxable purchasable product-type-simple\">\n\t<a href=\"https:\/\/www.bertschi-cafe.ch\/fr\/produit\/exklusive-kaffeedegustation-29-august-2026\/\" class=\"woocommerce-LoopProduct-link woocommerce-loop-product__link\"><img decoding=\"async\" width=\"300\" height=\"300\" src=\"https:\/\/www.bertschi-cafe.ch\/webseite\/wp-content\/uploads\/2024\/04\/bertschi-unser-kaffee-header-compressed-300x300.jpg\" class=\"attachment-woocommerce_thumbnail size-woocommerce_thumbnail\" alt=\"Nachhaltiger und fairer Kaffee\" srcset=\"https:\/\/www.bertschi-cafe.ch\/webseite\/wp-content\/uploads\/2024\/04\/bertschi-unser-kaffee-header-compressed-300x300.jpg 300w, https:\/\/www.bertschi-cafe.ch\/webseite\/wp-content\/uploads\/2024\/04\/bertschi-unser-kaffee-header-compressed-150x150.jpg 150w, https:\/\/www.bertschi-cafe.ch\/webseite\/wp-content\/uploads\/2024\/04\/bertschi-unser-kaffee-header-compressed-100x100.jpg 100w\" sizes=\"(max-width: 300px) 100vw, 300px\" \/><h2 class=\"woocommerce-loop-product__title\">Exklusive Kaffeedegustation \u2013 29. August 2026<\/h2>\n\t<span class=\"price\"><ins><span class=\"woocommerce-Price-amount amount\"><bdi><span class=\"woocommerce-Price-currencySymbol\">&#67;&#72;&#70;<\/span>&nbsp;0.00<\/bdi><\/span><\/ins> <del><span class=\"woocommerce-Price-amount amount\"><bdi><span class=\"woocommerce-Price-currencySymbol\">&#67;&#72;&#70;<\/span>&nbsp;20.00<\/bdi><\/span><\/del><\/span>\n<\/a><div class=\"custom-group\"><span class=\"price\"><ins><span class=\"woocommerce-Price-amount amount\"><bdi><span class=\"woocommerce-Price-currencySymbol\">&#67;&#72;&#70;<\/span>&nbsp;0.00<\/bdi><\/span><\/ins> <del><span class=\"woocommerce-Price-amount amount\"><bdi><span class=\"woocommerce-Price-currencySymbol\">&#67;&#72;&#70;<\/span>&nbsp;20.00<\/bdi><\/span><\/del><\/span><div class=\"woocommerce-loop-product__buttons\"><a href=\"https:\/\/www.bertschi-cafe.ch\/fr\/produit\/exklusive-kaffeedegustation-29-august-2026\/\" aria-describedby=\"woocommerce_loop_add_to_cart_link_describedby_31025\" data-quantity=\"1\" class=\"button product_type_simple\" data-product_id=\"31025\" data-product_sku=\"\" aria-label=\"En savoir plus sur &ldquo;Exklusive Kaffeedegustation \u2013 29. August 2026&rdquo;\" rel=\"nofollow\" data-success_message=\"\">Lire la suite<\/a><\/div>\t<span id=\"woocommerce_loop_add_to_cart_link_describedby_31025\" class=\"screen-reader-text\">\n\t\t\t<\/span>\n<\/div><span class=\"gtm4wp_productdata\" style=\"display:none; visibility:hidden;\" data-gtm4wp_product_data=\"{&quot;internal_id&quot;:31025,&quot;item_id&quot;:31025,&quot;item_name&quot;:&quot;Exklusive Kaffeedegustation \\u2013 29. August 2026&quot;,&quot;sku&quot;:31025,&quot;price&quot;:0,&quot;stocklevel&quot;:0,&quot;stockstatus&quot;:&quot;outofstock&quot;,&quot;google_business_vertical&quot;:&quot;retail&quot;,&quot;item_category&quot;:&quot;Tickets&quot;,&quot;id&quot;:31025,&quot;productlink&quot;:&quot;https:\\\/\\\/www.bertschi-cafe.ch\\\/fr\\\/produit\\\/exklusive-kaffeedegustation-29-august-2026\\\/&quot;,&quot;item_list_name&quot;:&quot;Liste g\\u00e9n\\u00e9rale des produits&quot;,&quot;index&quot;:1,&quot;product_type&quot;:&quot;simple&quot;,&quot;item_brand&quot;:&quot;&quot;}\"><\/span>\t\t\t<input type=\"hidden\" class=\"pmwProductId\" data-id=\"31025\">\n\t\t\t\t\t<script>\n\t\t\t(window.pmwDataLayer = window.pmwDataLayer || {}).products                = window.pmwDataLayer.products || {};\n\t\t\twindow.pmwDataLayer.products[31025] = {\"id\":\"31025\",\"sku\":\"\",\"price\":0,\"brand\":\"\",\"quantity\":1,\"dyn_r_ids\":{\"post_id\":\"31025\",\"sku\":31025,\"gpf\":\"woocommerce_gpf_31025\",\"gla\":\"gla_31025\"},\"is_variable\":false,\"type\":\"simple\",\"name\":\"Exklusive Kaffeedegustation \u2013 29. August 2026\",\"category\":[\"Tickets\"],\"is_variation\":false};\n\t\t\t\t\twindow.pmw_product_position = window.pmw_product_position || 1;\n\t\twindow.pmwDataLayer.products[31025]['position'] = window.pmw_product_position++;\n\t\t\t\t<\/script>\n\t\t<\/li>\n<\/ul>\n<\/div>\t\t\t\t<\/div>\n\t\t\t\t<\/div>\n\t\t\t\t\t<\/div>\n\t\t\t\t<\/div>\n\t\t\t\t<\/div>\n\t\t","protected":false},"excerpt":{"rendered":"<p>Degustation Kaffee Degustationen Willkommen zu einem exklusiven Erlebnis bei Bertschi-Caf\u00e9, wo Leidenschaft f\u00fcr Kaffee auf fachm\u00e4nnische Degustation trifft. Unsere Kaffeedegustation bietet Ihnen die einmalige Gelegenheit, verschiedenste Aromen aus aller Welt zu erkunden. Unter Anleitung unserer erfahrenen Baristas lernen Sie, feine Unterschiede in Geschmack und Aroma zu identifizieren und zu sch\u00e4tzen. Was erwartet Sie bei einer [&hellip;]<\/p>\n","protected":false},"author":197,"featured_media":0,"parent":0,"menu_order":0,"comment_status":"closed","ping_status":"closed","template":"","meta":{"_acf_changed":false,"_coblocks_attr":"","_coblocks_dimensions":"","_coblocks_responsive_height":"","_coblocks_accordion_ie_support":"","inline_featured_image":false,"_monsterinsights_skip_tracking":false,"_monsterinsights_sitenote_active":false,"_monsterinsights_sitenote_note":"","_monsterinsights_sitenote_category":0,"footnotes":""},"class_list":["post-31045","page","type-page","status-publish","hentry"],"acf":[],"aioseo_notices":[],"_links":{"self":[{"href":"https:\/\/www.bertschi-cafe.ch\/fr\/wp-json\/wp\/v2\/pages\/31045","targetHints":{"allow":["GET"]}}],"collection":[{"href":"https:\/\/www.bertschi-cafe.ch\/fr\/wp-json\/wp\/v2\/pages"}],"about":[{"href":"https:\/\/www.bertschi-cafe.ch\/fr\/wp-json\/wp\/v2\/types\/page"}],"author":[{"embeddable":true,"href":"https:\/\/www.bertschi-cafe.ch\/fr\/wp-json\/wp\/v2\/users\/197"}],"replies":[{"embeddable":true,"href":"https:\/\/www.bertschi-cafe.ch\/fr\/wp-json\/wp\/v2\/comments?post=31045"}],"version-history":[{"count":11,"href":"https:\/\/www.bertschi-cafe.ch\/fr\/wp-json\/wp\/v2\/pages\/31045\/revisions"}],"predecessor-version":[{"id":32028,"href":"https:\/\/www.bertschi-cafe.ch\/fr\/wp-json\/wp\/v2\/pages\/31045\/revisions\/32028"}],"wp:attachment":[{"href":"https:\/\/www.bertschi-cafe.ch\/fr\/wp-json\/wp\/v2\/media?parent=31045"}],"curies":[{"name":"wp","href":"https:\/\/api.w.org\/{rel}","templated":true}]}}