{"id":21022,"date":"2023-12-29T11:57:10","date_gmt":"2023-12-29T11:57:10","guid":{"rendered":"https:\/\/www.bertschi-cafe.ch\/webseite\/mentions-legales\/"},"modified":"2024-02-19T10:06:24","modified_gmt":"2024-02-19T10:06:24","slug":"mentions-legales","status":"publish","type":"page","link":"https:\/\/www.bertschi-cafe.ch\/fr\/mentions-legales\/","title":{"rendered":"Mentions l\u00e9gales"},"content":{"rendered":"\t\t<div data-elementor-type=\"wp-page\" data-elementor-id=\"21022\" class=\"elementor elementor-21022 elementor-3123\" data-elementor-post-type=\"page\">\n\t\t\t\t<div class=\"elementor-element elementor-element-392de7a e-flex e-con-boxed e-con e-parent\" data-id=\"392de7a\" data-element_type=\"container\" data-e-type=\"container\" data-settings=\"{&quot;jet_parallax_layout_list&quot;:[]}\">\n\t\t\t\t\t<div class=\"e-con-inner\">\n\t\t\t\t<div class=\"elementor-element elementor-element-8283923 elementor-widget elementor-widget-heading\" data-id=\"8283923\" data-element_type=\"widget\" data-e-type=\"widget\" data-widget_type=\"heading.default\">\n\t\t\t\t<div class=\"elementor-widget-container\">\n\t\t\t\t\t<h1 class=\"elementor-heading-title elementor-size-default\">Mentions l\u00e9gales<\/h1>\t\t\t\t<\/div>\n\t\t\t\t<\/div>\n\t\t\t\t<div class=\"elementor-element elementor-element-5832875 elementor-widget elementor-widget-text-editor\" data-id=\"5832875\" data-element_type=\"widget\" data-e-type=\"widget\" data-widget_type=\"text-editor.default\">\n\t\t\t\t<div class=\"elementor-widget-container\">\n\t\t\t\t\t\t\t\t\t<h3>Adresse de contact<\/h3>\n<p><strong>Fritz Bertschi AG<\/strong><br \/>13, rue R\u00fchrberg<br \/>4127 Birsfelden<br \/>Suisse<\/p>\n<p>T\u00e9l\u00e9phone 061 313 22 00<br \/>T\u00e9l\u00e9fax 061 311 19 49<br \/>Courrier \u00e9lectronique info@bertschi-cafe.ch<\/p>\n<\/p>\n<h3>Personnes autoris\u00e9es \u00e0 repr\u00e9senter l&rsquo;association<\/h3>\n<p>J\u00fcrg Reber<\/p>\n<\/p>\n<h3>Inscription au registre du commerce<\/h3>\n<p>Nom de l&rsquo;entreprise enregistr\u00e9e : <strong>Fritz Bertschi AG<\/strong><br \/>Num\u00e9ro : <span class=\"firmaImportantInfo\">CHE-107.783.243<\/span><br \/>Bureau du registre du commerce : Birsfelden<\/p>\n<\/p>\n<h3>Num\u00e9ro de TVA<\/h3>\n<p><span class=\"firmaImportantInfo\">CHE-107.783.243<\/span> TVA<\/p>\n<\/p>\n<h3>Heures d&rsquo;ouverture<\/h3>\n<p>du lundi au vendredi de 8h00 \u00e0 16h00<\/p>\n<p>Ferm\u00e9 le samedi et le dimanche<\/p>\n<\/p>\n<h3>Conseils d&rsquo;utilisation<\/h3>\n<p>L&rsquo;utilisation du site web de Fritz Bertschi AG ainsi que les informations, documents ou autres donn\u00e9es qu&rsquo;il contient sont soumis aux dispositions suivantes. Tous les utilisateurs du site web de Fritz Bertschi AG se d\u00e9clarent d&rsquo;accord avec ces dispositions.<\/p>\n<\/p>\n<h3>Droit d&rsquo;auteur<\/h3>\n<p>L&rsquo;ensemble du contenu du site web de Fritz Bertschi AG est prot\u00e9g\u00e9 par les droits d&rsquo;auteur. Le t\u00e9l\u00e9chargement ou l&rsquo;impression de parties du site est autoris\u00e9, \u00e0 condition que les d\u00e9signations prot\u00e9g\u00e9es par la loi et la paternit\u00e9 ne soient pas supprim\u00e9es. L&rsquo;utilisation du contenu ou de parties du site web de Fritz Bertschi AG par voie \u00e9lectronique, \u00e9crite ou autre \u00e0 des fins publiques ou commerciales n&rsquo;est autoris\u00e9e qu&rsquo;avec l&rsquo;accord \u00e9crit pr\u00e9alable de Fritz Bertschi AG. L&rsquo;utilisation du site web de Fritz Bertschi AG ne transf\u00e8re ni ne conc\u00e8de aucun droit d&rsquo;auteur.<\/p>\n<\/p>\n<h3>Garantie et clause de non-responsabilit\u00e9<\/h3>\n<p>Les informations pr\u00e9sent\u00e9es sur le site Internet de Fritz Bertschi AG sont \u00e9labor\u00e9es et v\u00e9rifi\u00e9es avec le plus grand soin. Fritz Bertschi AG ne garantit toutefois pas l&rsquo;exactitude, la fiabilit\u00e9 et l&rsquo;exhaustivit\u00e9 des informations contenues ou pr\u00e9par\u00e9es sur le site. Fritz Bertschi AG se r\u00e9serve le droit de compl\u00e9ter, de modifier ou de supprimer des parties de son site \u00e0 tout moment.<\/p>\n<\/p>\n<h3>Liens<\/h3>\n<p>Le site web de Fritz Bertschi AG propose des liens vers les sites web d&rsquo;autres entreprises. Fritz Bertschi AG n&rsquo;assume aucune garantie pour les informations, produits, services ou autres contenus propos\u00e9s sur ces sites web, et les contenus de ces sites web ne sont pas v\u00e9rifi\u00e9s par Fritz Bertschi AG. La connexion \u00e0 d&rsquo;autres sites web via le site web de Fritz Bertschi AG se fait sous la seule responsabilit\u00e9 de l&rsquo;utilisateur ou de l&rsquo;utilisatrice.<\/p>\n<\/p>\n<h3>Protection des donn\u00e9es<\/h3>\n<p>Les donn\u00e9es personnelles transmises \u00e0 Fritz Bertschi AG ne sont pas communiqu\u00e9es \u00e0 des tiers. Fritz Bertschi AG se r\u00e9serve toutefois le droit d&rsquo;utiliser les informations transmises \u00e0 des fins publicitaires. Si, en tant qu&rsquo;utilisateur, vous ne souhaitez pas que vos donn\u00e9es soient utilis\u00e9es de la sorte, Fritz Bertschi AG vous prie de bien vouloir l&rsquo;en informer.<\/p>\n<\/p>\n<h3>Marques<\/h3>\n<p>Tous les droits des marques pr\u00e9sent\u00e9es ou mentionn\u00e9es sont d\u00e9tenus par les propri\u00e9taires respectifs des marques, m\u00eame sans indication particuli\u00e8re. L&rsquo;utilisation du site web de Fritz Bertschi AG ne conf\u00e8re \u00e0 l&rsquo;utilisateur aucun droit, de quelque nature que ce soit, sur le nom et les \u00e9ventuelles autres marques.<\/p>\n<\/p>\n<h3>Virus et codes malveillants<\/h3>\n<p>Fritz Bertschi AG d\u00e9cline toute responsabilit\u00e9 en cas de dommages ou de virus r\u00e9sultant de l&rsquo;acc\u00e8s \u00e0 son site web.<\/p>\n<\/p>\n<h3>Clause de non-responsabilit\u00e9<\/h3>\n<p>L&rsquo;auteur n&rsquo;assume aucune responsabilit\u00e9 quant \u00e0 la v\u00e9racit\u00e9, l&rsquo;exactitude, l&rsquo;actualit\u00e9, la fiabilit\u00e9 et l&rsquo;exhaustivit\u00e9 du contenu des informations.<\/p>\n<p>L&rsquo;auteur ne saurait \u00eatre tenu pour responsable des dommages mat\u00e9riels ou immat\u00e9riels qui pourraient \u00eatre caus\u00e9s par l&rsquo;acc\u00e8s aux informations diffus\u00e9es ou par leur utilisation ou non-utilisation, par le mauvais usage de la connexion ou par des probl\u00e8mes techniques.<\/p>\n<p>Toutes les offres sont sans engagement. L&rsquo;auteur se r\u00e9serve express\u00e9ment le droit de modifier, de compl\u00e9ter ou de supprimer des parties de pages ou l&rsquo;ensemble de l&rsquo;offre sans avis pr\u00e9alable, ou d&rsquo;en suspendre temporairement ou d\u00e9finitivement la publication.<\/p>\n<\/p>\n<h3>Responsabilit\u00e9 pour les liens<\/h3>\n<p>Les renvois et liens vers des sites web de tiers ne rel\u00e8vent pas de notre responsabilit\u00e9. Nous d\u00e9clinons toute responsabilit\u00e9 pour de tels sites web. L&rsquo;acc\u00e8s \u00e0 de tels sites et leur utilisation se font aux risques et p\u00e9rils de l&rsquo;utilisateur ou de l&rsquo;utilisatrice.<\/p>\n<\/p>\n<h3>Droits d&rsquo;auteur<\/h3>\n<p>Les droits d&rsquo;auteur et tous les autres droits li\u00e9s aux contenus, images, photos ou autres fichiers pr\u00e9sents sur le site web appartiennent exclusivement \u00e0 l&rsquo;entreprise <span class=\"firmaImportantInfo \">Casa Verde Christine Br\u00f6nnimann<\/span> ou aux titulaires de droits sp\u00e9cialement cit\u00e9s. Pour la reproduction de tout \u00e9l\u00e9ment, il convient d&rsquo;obtenir au pr\u00e9alable l&rsquo;accord \u00e9crit des d\u00e9tenteurs des droits d&rsquo;auteur.<\/p>\n\t\t\t\t\t\t\t\t<\/div>\n\t\t\t\t<\/div>\n\t\t\t\t\t<\/div>\n\t\t\t\t<\/div>\n\t\t\t\t<\/div>\n\t\t","protected":false},"excerpt":{"rendered":"<p>Mentions l\u00e9gales Adresse de contact Fritz Bertschi AG13, rue R\u00fchrberg4127 BirsfeldenSuisse T\u00e9l\u00e9phone 061 313 22 00T\u00e9l\u00e9fax 061 311 19 49Courrier \u00e9lectronique info@bertschi-cafe.ch Personnes autoris\u00e9es \u00e0 repr\u00e9senter l&rsquo;association J\u00fcrg Reber Inscription au registre du commerce Nom de l&rsquo;entreprise enregistr\u00e9e : Fritz Bertschi AGNum\u00e9ro : CHE-107.783.243Bureau du registre du commerce : Birsfelden Num\u00e9ro de TVA CHE-107.783.243 TVA [&hellip;]<\/p>\n","protected":false},"author":2,"featured_media":0,"parent":0,"menu_order":0,"comment_status":"closed","ping_status":"closed","template":"elementor_header_footer","meta":{"_acf_changed":false,"_coblocks_attr":"","_coblocks_dimensions":"","_coblocks_responsive_height":"","_coblocks_accordion_ie_support":"","inline_featured_image":false,"_monsterinsights_skip_tracking":false,"_monsterinsights_sitenote_active":false,"_monsterinsights_sitenote_note":"","_monsterinsights_sitenote_category":0,"footnotes":""},"class_list":["post-21022","page","type-page","status-publish","hentry"],"acf":[],"aioseo_notices":[],"_links":{"self":[{"href":"https:\/\/www.bertschi-cafe.ch\/fr\/wp-json\/wp\/v2\/pages\/21022","targetHints":{"allow":["GET"]}}],"collection":[{"href":"https:\/\/www.bertschi-cafe.ch\/fr\/wp-json\/wp\/v2\/pages"}],"about":[{"href":"https:\/\/www.bertschi-cafe.ch\/fr\/wp-json\/wp\/v2\/types\/page"}],"author":[{"embeddable":true,"href":"https:\/\/www.bertschi-cafe.ch\/fr\/wp-json\/wp\/v2\/users\/2"}],"replies":[{"embeddable":true,"href":"https:\/\/www.bertschi-cafe.ch\/fr\/wp-json\/wp\/v2\/comments?post=21022"}],"version-history":[{"count":0,"href":"https:\/\/www.bertschi-cafe.ch\/fr\/wp-json\/wp\/v2\/pages\/21022\/revisions"}],"wp:attachment":[{"href":"https:\/\/www.bertschi-cafe.ch\/fr\/wp-json\/wp\/v2\/media?parent=21022"}],"curies":[{"name":"wp","href":"https:\/\/api.w.org\/{rel}","templated":true}]}}